{"id":79,"date":"2018-11-02T09:56:19","date_gmt":"2018-11-02T08:56:19","guid":{"rendered":"http:\/\/listeo.wpengine.com\/?page_id=16"},"modified":"2023-09-13T13:40:55","modified_gmt":"2023-09-13T11:40:55","slug":"hjem","status":"publish","type":"page","link":"https:\/\/staging3.dev.gibbs.no\/sv\/hjem\/","title":{"rendered":"Hem"},"content":{"rendered":"<div class=\"wp-block-group\"><div class=\"wp-block-group__inner-container is-layout-constrained wp-block-group-is-layout-constrained\"><div id=\"sign-in-dialog\">\n                    \n    <div class=\"tab-gib\">\n  <button class=\"tablinks-gib active\" onclick=\"openTab(event, 'login-gib')\">Logga in<\/button>\n  <button class=\"tablinks-gib\" onclick=\"openTab(event, 'register-gib')\">Registrera<\/button>\n<\/div>\n  \n<div id=\"login-gib\" class=\"login-gib tabcontent-gib\" style=\"display:block\">\n  \n<form method=\"post\" class=\"login-form-gibbs user-form\" action=\"\" data-trp-original-action=\"javascript:void(0)\">\n\n\t<input type=\"hidden\" name=\"action\" value=\"gibbsajaxlogin\">\n\n\t<div class=\"row\">\n\t\t<div class=\"col-md-12\">\n\t\t\t<div class=\"form-row\">\n\t\t\t\t<label for=\"user_login\"><b>Anv\u00e4ndarnamn (e-post<\/b><\/label>\n                <input placeholder=\"Anv\u00e4ndarnamn (e-post\" type=\"text\" class=\"form-control\" name=\"username\"  value=\"\" required>\n\t\t\t<\/div>\n\t\t<\/div>\n\t<\/div>\n\t<div class=\"row\">\n\t\t<div class=\"col-md-12\">\n\t\t\t<div class=\"form-row\">\n\t\t\t\t<label for=\"user_login\"><b>L\u00f6senord<\/b><\/label>\n                <input placeholder=\"L\u00f6senord\" class=\"form-control\" type=\"password\" name=\"password\" required>\n                <a class=\"fr-pw\" href=\"\/sv\/wp-login.php\/?action=lostpassword\">Gl\u00f6mt l\u00f6senord?<\/a>\n\t\t\t<\/div>\n\t\t<\/div>\n\t<\/div>\n\n\t<div class=\"row\">\n\t\t<div class=\"col-md-12\">\n\t\t\t<div class=\"form-row\">\n\t\t\t\t<input type=\"hidden\" id=\"login_security\" name=\"login_security\" value=\"cc4ee1912b\" \/><input type=\"hidden\" name=\"_wp_http_referer\" value=\"\/sv\/wp-json\/wp\/v2\/pages\/79\" \/>\t\t\t\t<input type=\"submit\" class=\"btn btn-primary btn-block\" name=\"login\" value=\"Logga in\">\n\t\t\t<\/div>\n\t\t<\/div>\n\t<\/div>\n\n   \n   <div class=\"notification error closeable\" style=\"display: none; margin-top: 20px; margin-bottom: 0px;\">\n      <p><\/p>\n   <\/div>\n\n   <div class=\"social-login-separator\"><span>Logga in med<\/span><\/div>\n   <div class=\"row\">\n       <div class=\"col-md-12\">\n      <button type='button' class=\"vipps_login_button\" onclick=\"window.location.href='https:\/\/staging3.dev.gibbs.no\/sv?option=oauthredirect&app_name=Vipps&redirect_url=https%3A%2F%2Fstaging3.dev.gibbs.no%2Fsv%2Fwp-json%2Fwp%2Fv2%2Fpages%2F79%3Fvipps%3Dtrue';\">Hoppsan<\/button>\n                  <button type='button' class=\"microsoft_login_button\" onclick=\"window.location.href='https:\/\/staging3.dev.gibbs.no\/sv\/?option=oauthredirect&app_name=Microsoft2&redirect_url=https%3A%2F%2Fstaging3.dev.gibbs.no%2Fsv%2Fwp-json%2Fwp%2Fv2%2Fpages%2F79';\">Microsoft <\/button>                  \n                  <button type='button' class=\"google_login_button\" onclick=\"window.location.href='https:\/\/staging3.dev.gibbs.no\/sv?option=oauthredirect&app_name=Google&redirect_url=https%3A%2F%2Fstaging3.dev.gibbs.no%2Fsv%2Fwp-json%2Fwp%2Fv2%2Fpages%2F79';\">Google <\/button>  \n        <\/div>                        \n   <\/div>\n<input type=\"hidden\" name=\"trp-form-language\" value=\"sv\"\/><\/form>\n\n<script type=\"text\/javascript\">\n    jQuery('.login-form-gibbs').on('submit', function(e){\n        var redirecturl = jQuery('input[name=_wp_http_referer]').val();\n        if(\"\" != \"\"){\n            redirecturl = \"\";\n        }\n    \t\n    \t\/\/jQuery('.login-form-gibbs .notification').hide()\n        jQuery('.login-form-gibbs .notification').removeClass('error').addClass('notice').show().text(\"Logger inn...\")\n        e.preventDefault();\n          \/\/  debugger;\n            jQuery.ajax({\n                type: 'POST',\n                dataType: 'json',\n                url: \"https:\/\/staging3.dev.gibbs.no\/wp-admin\/admin-ajax.php\",\n                data: jQuery(this).serialize(),\n             \n                }).done( function( data ) {\n\n                    if (data.loggedin == true){\n                        \/\/ console.log(data.role.editor);\n                        \/\/ return false;\n                        if(data.role.editor){\n                            role_editor = true;\n                            window.location.href = '\/kalender\/';\n                            return false;\n                        }\n                         else {\n                            window.location.href = redirecturl;\n                        }\n                        jQuery('.login-form-gibbs .notification').show().removeClass('error').removeClass('notice').addClass('success').text(data.message);\n                        success = true;\n                    } else {\n                        jQuery('.login-form-gibbs .notification').show().addClass('error').removeClass('notice').removeClass('success').text(data.message);\n                    }\n            } )\n            .fail( function( reason ) {\n                jQuery('.login-form-gibbs .notification').hide()\n                \/\/ Handles errors only\n                console.debug( 'reason'+reason );\n            } ); \n    });\n<\/script><\/div>\n\n<div id=\"register-gib\" class=\"register-gib tabcontent-gib\">\n  <form class=\"gibbs-register user-form\" action=\"\" method=\"post\" data-trp-original-action=\"javascript:void(0)\">\n\n    <input type=\"hidden\" name=\"action\" value=\"gibbsajaxregister\">\n\n   \n    <div class=\"row\">\n        <div class=\"col-md-6 custom-gap-right\">\n            <div class=\"form-row\">\n                <label for=\"first-name\"><b>First Name<\/b><\/label>\n                <input  class=\"form-control\" placeholder=\"F\u00f6rnamn\" type=\"text\" name=\"first_name\" id=\"first-name\" required=\"\">\n            <\/div>\n        <\/div>\n        <div class=\"col-md-6 custom-gap-left\">\n            <div class=\"form-row\">\n                <label for=\"last-name\"><b>Last Name<\/b><\/label>\n                <input  class=\"form-control\" placeholder=\"Efternamn\" type=\"text\" name=\"last_name\" id=\"last-name\" required=\"\">\n            <\/div>\n        <\/div>\n    <\/div>\n    <div class=\"row\">\n        <div class=\"col-md-12\">\n            <div class=\"form-row\">\n                <label for=\"email\"><b>Email Address<\/b><\/label>\n                <input type=\"email\" placeholder=\"E-postadress\"  class=\"form-control\" name=\"email\" id=\"email\" value=\"\" required=\"\">\n            <\/div>\n        <\/div>\n    <\/div>\n    <div class=\"row\">\n        <div class=\"col-md-12\">\n            <div class=\"form-row\">\n                <label for=\"password1\"><b>L\u00f6senord<\/b><\/label>\n                <input placeholder=\"L\u00f6senord\"  class=\"form-control\" type=\"password\" name=\"password\" id=\"password1\" minlength=\"8\" required=\"\">\n            <\/div>\n        <\/div>\n    <\/div>\n    <div class=\"row\">\n        <div class=\"col-md-12\">\n            <div class=\"form-row\">\n                <label for=\"phone\"><b>Phone<\/b><\/label>\n                <input type=\"text\" pattern=\"\\d*\" placeholder=\"Phone\" class=\"form-control phonenumber\" name=\"phone\" id=\"phonenumber\" value=\"\" minlength=\"7\" maxlength=\"12\" \/>\n                            <input type=\"hidden\" class=\"country_code\" name=\"country_code\" value=\"47\">\n            <\/div>\n        <\/div>\n    <\/div>\n\n    \n            <p class=\"form-row margin-top-10 margin-bottom-10 sdsd\">\n            <label for=\"privacy_policy\"><input type=\"checkbox\" id=\"privacy_policy\" name=\"privacy_policy\" required><span>I agree to the <a href=\"https:\/\/staging3.dev.gibbs.no\/sv\/personvern\/\">Privacy Policy<\/a><\/span><\/label>\n\n        <\/p>\n\n        <input type=\"hidden\" id=\"register_security\" name=\"register_security\" value=\"cc4ee1912b\" \/><input type=\"hidden\" name=\"_wp_http_referer\" value=\"\/sv\/wp-json\/wp\/v2\/pages\/79\" \/>    <input type=\"submit\" class=\"btn btn-primary btn-block\" name=\"register\" value=\"Registrera\" \/>\n\n    <div class=\"notification error closeable\" style=\"display: none;\">\n        <p><\/p>\n    <\/div>\n\n\n   <div class=\"social-login-separator\"><span>Registrera med<\/span><\/div>\n   <div class=\"row\">\n       <div class=\"col-md-12\">\n      <button type='button' class=\"vipps_login_button\" onclick=\"window.location.href='https:\/\/staging3.dev.gibbs.no\/sv?option=oauthredirect&app_name=Vipps&redirect_url=https%3A%2F%2Fstaging3.dev.gibbs.no%2Fsv%2Fwp-json%2Fwp%2Fv2%2Fpages%2F79%3Fvipps%3Dtrue';\">Hoppsan<\/button>\n                  <button type='button' class=\"microsoft_login_button\" onclick=\"window.location.href='https:\/\/staging3.dev.gibbs.no\/sv\/?option=oauthredirect&app_name=Microsoft2&redirect_url=https%3A%2F%2Fstaging3.dev.gibbs.no%2Fsv%2Fwp-json%2Fwp%2Fv2%2Fpages%2F79';\">Microsoft <\/button>                  \n                  <button type='button' class=\"google_login_button\" onclick=\"window.location.href='https:\/\/staging3.dev.gibbs.no\/sv?option=oauthredirect&app_name=Google&redirect_url=https%3A%2F%2Fstaging3.dev.gibbs.no%2Fsv%2Fwp-json%2Fwp%2Fv2%2Fpages%2F79';\">Google <\/button>  \n        <\/div>                        \n   <\/div>\n<input type=\"hidden\" name=\"trp-form-language\" value=\"sv\"\/><\/form>\n\n\n\n\n<script type=\"text\/javascript\">\n    jQuery('.gibbs-register').on('submit', function(e){\n        var redirecturl = \"https:\/\/staging3.dev.gibbs.no\/sv\";\n        if(\"\" != \"\"){\n            redirecturl = \"\";\n        }\n        \n        jQuery('.gibbs-register .notification').removeClass('error').addClass('notice').show().text(\"Loading...\")\n        e.preventDefault();\n            debugger;\n            jQuery.ajax({\n                type: 'POST',\n                dataType: 'json',\n                url: \"https:\/\/staging3.dev.gibbs.no\/wp-admin\/admin-ajax.php\",\n                data: jQuery(this).serialize(),\n             \n                }).done( function( data ) {\n\n                    if (data.registered == true){\n\n                        window.location.href = redirecturl;\n\n                        jQuery('.gibbs-register .notification').show().removeClass('error').removeClass('notice').addClass('success').text(data.message);\n                        success = true;\n                    } else {\n                        jQuery('.gibbs-register .notification').show().addClass('error').removeClass('notice').removeClass('success').text(data.message);\n                    }\n            } )\n            .fail( function( reason ) {\n                \/\/ Handles errors only\n                console.debug( 'reason'+reason );\n            } ); \n    });\n<\/script><\/div>\n\n<script>\nfunction openTab(evt, cityName) {\n\n  var i, tabcontent, tablinks;\n  tabcontent = document.getElementsByClassName(\"tabcontent-gib\");\n  for (i = 0; i < tabcontent.length; i++) {\n    tabcontent[i].style.display = \"none\";\n  }\n\n\/*   debugger; *\/\n  tablinks = document.getElementsByClassName(\"tablinks-gib\");\n  for (i = 0; i < tablinks.length; i++) {\n    tablinks[i].className = tablinks[i].className.replace(\" active\", \"\");\n  }\n  tabcontent = document.getElementsByClassName(\"tabcontent-gib\");\n  tabcity = document.getElementsByClassName(cityName);\n  for (i = 0; i < tabcity.length; i++) {\n    tabcity[i].style.display = \"block\";\n  }\n  evt.currentTarget.className += \" active\";\n}\n<\/script>    <script>\n        jQuery(document).ready(function(){\n            jQuery(\".xoo-el-modal\").remove();\n            jQuery(\".zoom-anim-dialog\").remove();\n\n            var redr = \"https:\/\/staging3.dev.gibbs.no\/sv\/dashbord\";\n\n            if( redr != \"\"){\n                jQuery('input[name=_wp_http_referer]').val(redr);\n            }\n        })\n    <\/script>\n<\/div>\n<\/div><\/div>\n\n\n\n<div style=\"height:33px\" aria-hidden=\"true\" class=\"wp-block-spacer\"><\/div>\n\n\n\n<p class=\"has-text-align-center\" id=\"block-3acdf538-5f07-4611-adf1-264fabe938ed\">Klicka h\u00e4r f\u00f6r att l\u00e4ra dig mer om <a href=\"https:\/\/gibbs-produkter.no\/no\/\"><strong>gibbs bokningssystem<\/strong><\/a><\/p>","protected":false},"excerpt":{"rendered":"<p>Trykk her for \u00e5 l\u00e6re mer om gibbs Bookingsystem<\/p>","protected":false},"author":1,"featured_media":10554,"parent":0,"menu_order":0,"comment_status":"closed","ping_status":"closed","template":"","meta":{"inline_featured_image":false,"_uag_custom_page_level_css":"","footnotes":""},"class_list":["post-79","page","type-page","status-publish","has-post-thumbnail","hentry"],"yoast_head":"<!-- This site is optimized with the Yoast SEO plugin v20.8 - https:\/\/yoast.com\/wordpress\/plugins\/seo\/ -->\n<title>Hjem - Gibbs.no - Bookingsystem<\/title>\n<meta name=\"robots\" content=\"index, follow, max-snippet:-1, max-image-preview:large, max-video-preview:-1\" \/>\n<link rel=\"canonical\" href=\"https:\/\/staging3.dev.gibbs.no\/sv\/hjem\/\" \/>\n<meta property=\"og:locale\" content=\"sv_SE\" \/>\n<meta property=\"og:type\" content=\"article\" \/>\n<meta property=\"og:title\" content=\"Hjem - Gibbs.no - Bookingsystem\" \/>\n<meta property=\"og:description\" content=\"Trykk her for \u00e5 l\u00e6re mer om gibbs Bookingsystem\" \/>\n<meta property=\"og:url\" content=\"https:\/\/staging3.dev.gibbs.no\/sv\/hjem\/\" \/>\n<meta property=\"og:site_name\" content=\"Gibbs.no - Bookingsystem\" \/>\n<meta property=\"article:publisher\" content=\"https:\/\/www.facebook.com\/GibbsNorge\" \/>\n<meta property=\"article:modified_time\" content=\"2023-09-13T11:40:55+00:00\" \/>\n<meta property=\"og:image\" content=\"https:\/\/staging3.dev.gibbs.no\/wp-content\/uploads\/2023\/02\/Responsiv-gibbs.no_-scaled.jpg\" \/>\n\t<meta property=\"og:image:width\" content=\"2560\" \/>\n\t<meta property=\"og:image:height\" content=\"1077\" \/>\n\t<meta property=\"og:image:type\" content=\"image\/jpeg\" \/>\n<meta name=\"twitter:card\" content=\"summary_large_image\" \/>\n<script type=\"application\/ld+json\" class=\"yoast-schema-graph\">{\"@context\":\"https:\/\/schema.org\",\"@graph\":[{\"@type\":\"WebPage\",\"@id\":\"https:\/\/staging3.dev.gibbs.no\/hjem\/\",\"url\":\"https:\/\/staging3.dev.gibbs.no\/hjem\/\",\"name\":\"Hjem - Gibbs.no - Bookingsystem\",\"isPartOf\":{\"@id\":\"https:\/\/staging3.dev.gibbs.no\/#website\"},\"datePublished\":\"2018-11-02T08:56:19+00:00\",\"dateModified\":\"2023-09-13T11:40:55+00:00\",\"breadcrumb\":{\"@id\":\"https:\/\/staging3.dev.gibbs.no\/hjem\/#breadcrumb\"},\"inLanguage\":\"sv-SE\",\"potentialAction\":[{\"@type\":\"ReadAction\",\"target\":[\"https:\/\/staging3.dev.gibbs.no\/hjem\/\"]}]},{\"@type\":\"BreadcrumbList\",\"@id\":\"https:\/\/staging3.dev.gibbs.no\/hjem\/#breadcrumb\",\"itemListElement\":[{\"@type\":\"ListItem\",\"position\":1,\"name\":\"Home\",\"item\":\"https:\/\/staging3.dev.gibbs.no\/\"},{\"@type\":\"ListItem\",\"position\":2,\"name\":\"Hjem\"}]},{\"@type\":\"WebSite\",\"@id\":\"https:\/\/staging3.dev.gibbs.no\/#website\",\"url\":\"https:\/\/staging3.dev.gibbs.no\/\",\"name\":\"Gibbs.no\",\"description\":\"Bookingsystem - 1.Book 2.Betal 3.\u00c5pne\",\"publisher\":{\"@id\":\"https:\/\/staging3.dev.gibbs.no\/#organization\"},\"potentialAction\":[{\"@type\":\"SearchAction\",\"target\":{\"@type\":\"EntryPoint\",\"urlTemplate\":\"https:\/\/staging3.dev.gibbs.no\/?s={search_term_string}\"},\"query-input\":\"required name=search_term_string\"}],\"inLanguage\":\"sv-SE\"},{\"@type\":\"Organization\",\"@id\":\"https:\/\/staging3.dev.gibbs.no\/#organization\",\"name\":\"Gibbs AS\",\"url\":\"https:\/\/staging3.dev.gibbs.no\/\",\"logo\":{\"@type\":\"ImageObject\",\"inLanguage\":\"sv-SE\",\"@id\":\"https:\/\/staging3.dev.gibbs.no\/#\/schema\/logo\/image\/\",\"url\":\"https:\/\/www.gibbs.no\/wp-content\/uploads\/2023\/11\/Gibbs-bookingsystem-logo.png\",\"contentUrl\":\"https:\/\/www.gibbs.no\/wp-content\/uploads\/2023\/11\/Gibbs-bookingsystem-logo.png\",\"width\":696,\"height\":696,\"caption\":\"Gibbs AS\"},\"image\":{\"@id\":\"https:\/\/staging3.dev.gibbs.no\/#\/schema\/logo\/image\/\"},\"sameAs\":[\"https:\/\/www.facebook.com\/GibbsNorge\",\"https:\/\/www.linkedin.com\/company\/gibbsnorge\"]}]}<\/script>\n<!-- \/ Yoast SEO plugin. -->","yoast_head_json":{"title":"Hjem - Gibbs.no - Bookingsystem","robots":{"index":"index","follow":"follow","max-snippet":"max-snippet:-1","max-image-preview":"max-image-preview:large","max-video-preview":"max-video-preview:-1"},"canonical":"https:\/\/staging3.dev.gibbs.no\/sv\/hjem\/","og_locale":"sv_SE","og_type":"article","og_title":"Hjem - Gibbs.no - Bookingsystem","og_description":"Trykk her for \u00e5 l\u00e6re mer om gibbs Bookingsystem","og_url":"https:\/\/staging3.dev.gibbs.no\/sv\/hjem\/","og_site_name":"Gibbs.no - Bookingsystem","article_publisher":"https:\/\/www.facebook.com\/GibbsNorge","article_modified_time":"2023-09-13T11:40:55+00:00","og_image":[{"width":2560,"height":1077,"url":"https:\/\/staging3.dev.gibbs.no\/wp-content\/uploads\/2023\/02\/Responsiv-gibbs.no_-scaled.jpg","type":"image\/jpeg"}],"twitter_card":"summary_large_image","schema":{"@context":"https:\/\/schema.org","@graph":[{"@type":"WebPage","@id":"https:\/\/staging3.dev.gibbs.no\/hjem\/","url":"https:\/\/staging3.dev.gibbs.no\/hjem\/","name":"Hjem - Gibbs.no - Bookingsystem","isPartOf":{"@id":"https:\/\/staging3.dev.gibbs.no\/#website"},"datePublished":"2018-11-02T08:56:19+00:00","dateModified":"2023-09-13T11:40:55+00:00","breadcrumb":{"@id":"https:\/\/staging3.dev.gibbs.no\/hjem\/#breadcrumb"},"inLanguage":"sv-SE","potentialAction":[{"@type":"ReadAction","target":["https:\/\/staging3.dev.gibbs.no\/hjem\/"]}]},{"@type":"BreadcrumbList","@id":"https:\/\/staging3.dev.gibbs.no\/hjem\/#breadcrumb","itemListElement":[{"@type":"ListItem","position":1,"name":"Home","item":"https:\/\/staging3.dev.gibbs.no\/"},{"@type":"ListItem","position":2,"name":"Hjem"}]},{"@type":"WebSite","@id":"https:\/\/staging3.dev.gibbs.no\/#website","url":"https:\/\/staging3.dev.gibbs.no\/","name":"Gibbs.no","description":"Bookingsystem - 1.Book 2.Betal 3.\u00c5pne","publisher":{"@id":"https:\/\/staging3.dev.gibbs.no\/#organization"},"potentialAction":[{"@type":"SearchAction","target":{"@type":"EntryPoint","urlTemplate":"https:\/\/staging3.dev.gibbs.no\/?s={search_term_string}"},"query-input":"required name=search_term_string"}],"inLanguage":"sv-SE"},{"@type":"Organization","@id":"https:\/\/staging3.dev.gibbs.no\/#organization","name":"Gibbs AS","url":"https:\/\/staging3.dev.gibbs.no\/","logo":{"@type":"ImageObject","inLanguage":"sv-SE","@id":"https:\/\/staging3.dev.gibbs.no\/#\/schema\/logo\/image\/","url":"https:\/\/www.gibbs.no\/wp-content\/uploads\/2023\/11\/Gibbs-bookingsystem-logo.png","contentUrl":"https:\/\/www.gibbs.no\/wp-content\/uploads\/2023\/11\/Gibbs-bookingsystem-logo.png","width":696,"height":696,"caption":"Gibbs AS"},"image":{"@id":"https:\/\/staging3.dev.gibbs.no\/#\/schema\/logo\/image\/"},"sameAs":["https:\/\/www.facebook.com\/GibbsNorge","https:\/\/www.linkedin.com\/company\/gibbsnorge"]}]}},"uagb_featured_image_src":{"full":["https:\/\/staging3.dev.gibbs.no\/wp-content\/uploads\/2023\/02\/Responsiv-gibbs.no_-scaled.jpg",2560,1077,false],"thumbnail":["https:\/\/staging3.dev.gibbs.no\/wp-content\/uploads\/2023\/02\/Responsiv-gibbs.no_-150x150.jpg",150,150,true],"medium":["https:\/\/staging3.dev.gibbs.no\/wp-content\/uploads\/2023\/02\/Responsiv-gibbs.no_-300x126.jpg",300,126,true],"medium_large":["https:\/\/staging3.dev.gibbs.no\/wp-content\/uploads\/2023\/02\/Responsiv-gibbs.no_-768x323.jpg",760,320,true],"large":["https:\/\/staging3.dev.gibbs.no\/wp-content\/uploads\/2023\/02\/Responsiv-gibbs.no_-1024x431.jpg",760,320,true],"1536x1536":["https:\/\/staging3.dev.gibbs.no\/wp-content\/uploads\/2023\/02\/Responsiv-gibbs.no_-1536x646.jpg",1536,646,true],"2048x2048":["https:\/\/staging3.dev.gibbs.no\/wp-content\/uploads\/2023\/02\/Responsiv-gibbs.no_-2048x862.jpg",2048,862,true],"trp-custom-language-flag":["https:\/\/staging3.dev.gibbs.no\/wp-content\/uploads\/2023\/02\/Responsiv-gibbs.no_-18x8.jpg",18,8,true],"post-thumbnail":["https:\/\/staging3.dev.gibbs.no\/wp-content\/uploads\/2023\/02\/Responsiv-gibbs.no_-900x500.jpg",900,500,true],"listeo-avatar":["https:\/\/staging3.dev.gibbs.no\/wp-content\/uploads\/2023\/02\/Responsiv-gibbs.no_-590x248.jpg",590,248,true],"listeo-blog-post":["https:\/\/staging3.dev.gibbs.no\/wp-content\/uploads\/2023\/02\/Responsiv-gibbs.no_-1200x505.jpg",1200,505,true],"listeo-blog-related-post":["https:\/\/staging3.dev.gibbs.no\/wp-content\/uploads\/2023\/02\/Responsiv-gibbs.no_-577x243.jpg",577,243,true],"listeo-post-thumb":["https:\/\/staging3.dev.gibbs.no\/wp-content\/uploads\/2023\/02\/Responsiv-gibbs.no_-150x150.jpg",150,150,true],"listeo-gallery":["https:\/\/staging3.dev.gibbs.no\/wp-content\/uploads\/2023\/02\/Responsiv-gibbs.no_-1200x505.jpg",1200,505,true],"listeo-listing-grid":["https:\/\/staging3.dev.gibbs.no\/wp-content\/uploads\/2023\/02\/Responsiv-gibbs.no_-520x397.jpg",520,397,true],"listeo_core-avatar":["https:\/\/staging3.dev.gibbs.no\/wp-content\/uploads\/2023\/02\/Responsiv-gibbs.no_-590x590.jpg",590,590,true],"listeo_core-preview":["https:\/\/staging3.dev.gibbs.no\/wp-content\/uploads\/2023\/02\/Responsiv-gibbs.no_-200x200.jpg",200,200,true],"woocommerce_thumbnail":["https:\/\/staging3.dev.gibbs.no\/wp-content\/uploads\/2023\/02\/Responsiv-gibbs.no_-300x300.jpg",300,300,true],"woocommerce_single":["https:\/\/staging3.dev.gibbs.no\/wp-content\/uploads\/2023\/02\/Responsiv-gibbs.no_-600x252.jpg",600,252,true],"woocommerce_gallery_thumbnail":["https:\/\/staging3.dev.gibbs.no\/wp-content\/uploads\/2023\/02\/Responsiv-gibbs.no_-100x100.jpg",100,100,true]},"uagb_author_info":{"display_name":"K Gibbs","author_link":"https:\/\/staging3.dev.gibbs.no\/sv\/author\/kamil-gryga94gmail-com\/"},"uagb_comment_info":0,"uagb_excerpt":"Trykk her for \u00e5 l\u00e6re mer om gibbs Bookingsystem","_links":{"self":[{"href":"https:\/\/staging3.dev.gibbs.no\/sv\/wp-json\/wp\/v2\/pages\/79","targetHints":{"allow":["GET"]}}],"collection":[{"href":"https:\/\/staging3.dev.gibbs.no\/sv\/wp-json\/wp\/v2\/pages"}],"about":[{"href":"https:\/\/staging3.dev.gibbs.no\/sv\/wp-json\/wp\/v2\/types\/page"}],"author":[{"embeddable":true,"href":"https:\/\/staging3.dev.gibbs.no\/sv\/wp-json\/wp\/v2\/users\/1"}],"replies":[{"embeddable":true,"href":"https:\/\/staging3.dev.gibbs.no\/sv\/wp-json\/wp\/v2\/comments?post=79"}],"version-history":[{"count":849,"href":"https:\/\/staging3.dev.gibbs.no\/sv\/wp-json\/wp\/v2\/pages\/79\/revisions"}],"predecessor-version":[{"id":14839,"href":"https:\/\/staging3.dev.gibbs.no\/sv\/wp-json\/wp\/v2\/pages\/79\/revisions\/14839"}],"wp:featuredmedia":[{"embeddable":true,"href":"https:\/\/staging3.dev.gibbs.no\/sv\/wp-json\/wp\/v2\/media\/10554"}],"wp:attachment":[{"href":"https:\/\/staging3.dev.gibbs.no\/sv\/wp-json\/wp\/v2\/media?parent=79"}],"curies":[{"name":"wp","href":"https:\/\/api.w.org\/{rel}","templated":true}]}}