{"id":16692,"date":"2023-10-05T23:07:27","date_gmt":"2023-10-05T21:07:27","guid":{"rendered":"https:\/\/staging3.dev.gibbs.no\/?page_id=16692"},"modified":"2025-04-07T11:00:40","modified_gmt":"2025-04-07T09:00:40","slug":"smart-laser","status":"publish","type":"page","link":"https:\/\/staging3.dev.gibbs.no\/sv\/priser\/smart-laser\/","title":{"rendered":"Smarta l\u00e5s"},"content":{"rendered":"<div style=\"height:20px\" aria-hidden=\"true\" class=\"wp-block-spacer\"><\/div>\n\n\n\n<div class=\"wp-block-group green_background\"><div class=\"wp-block-group__inner-container is-layout-constrained wp-block-group-is-layout-constrained\">\n<p class=\"has-text-align-center green_background has-black-color has-text-color\">V\u00e5re utvalgte smartl\u00e5ser er fullt integrert med v\u00e5rt bookingsystem. Alle smartl\u00e5ser genererer unike koder som kun er gyldig i den bestilte bookingperioden \ud83d\ude0e<\/p>\n<\/div><\/div>\n\n\n\n<div style=\"height:20px\" aria-hidden=\"true\" class=\"wp-block-spacer\"><\/div>\n\n\n\n<div class=\"wp-block-columns is-layout-flex wp-container-core-columns-is-layout-1 wp-block-columns-is-layout-flex\">\n<div class=\"wp-block-column is-layout-flow wp-block-column-is-layout-flow\">\n<div style=\"height:8px\" aria-hidden=\"true\" class=\"wp-block-spacer\"><\/div>\n\n\n\n<div class=\"wp-block-group shadow-background background-shadow\"><div class=\"wp-block-group__inner-container is-layout-constrained wp-block-group-is-layout-constrained\"><div class=\"wp-block-image\">\n<figure class=\"aligncenter size-thumbnail\"><img loading=\"lazy\" decoding=\"async\" width=\"150\" height=\"150\" src=\"https:\/\/staging3.dev.gibbs.no\/wp-content\/uploads\/2023\/10\/door-handle-150x150.jpg\" alt=\"\" class=\"wp-image-17109\" srcset=\"https:\/\/staging3.dev.gibbs.no\/wp-content\/uploads\/2023\/10\/door-handle-150x150.jpg 150w, https:\/\/staging3.dev.gibbs.no\/wp-content\/uploads\/2023\/10\/door-handle-12x12.jpg 12w, https:\/\/staging3.dev.gibbs.no\/wp-content\/uploads\/2023\/10\/door-handle-200x200.jpg 200w, https:\/\/staging3.dev.gibbs.no\/wp-content\/uploads\/2023\/10\/door-handle-100x100.jpg 100w, https:\/\/staging3.dev.gibbs.no\/wp-content\/uploads\/2023\/10\/door-handle.jpg 250w\" sizes=\"auto, (max-width: 150px) 100vw, 150px\" \/><\/figure><\/div>\n\n\n<div style=\"height:8px\" aria-hidden=\"true\" class=\"wp-block-spacer\"><\/div>\n\n\n\n<p class=\"has-text-align-center has-black-color has-text-color has-medium-font-size\"><strong>Smart l\u00e5s<\/strong> &#8211; med h\u00e5ndtak<\/p>\n\n\n\n<figure class=\"wp-block-table is-style-stripes\"><table class=\"has-black-color has-text-color\"><tbody><tr><td><strong>L\u00e4mplig f\u00f6r <\/strong><\/td><td>Selskapslokaler, m\u00f8terom, hytter, leiligheter, badstuer, og lignende<br><\/td><\/tr><tr><td><strong>Producent<\/strong><\/td><td>Norsk leverand\u00f8r \ud83c\uddf3\ud83c\uddf4<\/td><\/tr><tr><td><strong>F\u00f6rdelar<\/strong><\/td><td>4-siffrig kod, m\u00f6jlig med &quot;\u00f6ppet l\u00e4ge&quot; f\u00f6rblir \u00f6ppet under bokningsperioden<\/td><\/tr><tr><td><strong>Installering<\/strong><\/td><td>Du kan installere selv<\/td><\/tr><tr><td><strong>Hur fungerar det?<\/strong><\/td><td>Ange koden och d\u00f6rrhandtaget kan \u00f6ppnas<\/td><\/tr><tr><td><strong>Installera<\/strong><\/td><td>Byt ut befintligt l\u00e5s <\/td><\/tr><tr><td><strong>Egenskaper<\/strong><\/td><td>T\u00e5l temperaturer fr\u00e5n -30\u00b0C till 50\u00b0C, samt regn och sn\u00f6<\/td><\/tr><\/tbody><\/table><\/figure>\n\n\n\n<div style=\"height:20px\" aria-hidden=\"true\" class=\"wp-block-spacer\"><\/div>\n\n\n\n<div class=\"wp-block-uagb-buttons uagb-buttons__outer-wrap uagb-btn__default-btn uagb-btn-tablet__default-btn uagb-btn-mobile__default-btn uagb-block-a34ca152\"><div class=\"uagb-buttons__wrap uagb-buttons-layout-wrap\">\n<div class=\"wp-block-uagb-buttons-child uagb-buttons__outer-wrap uagb-block-2749e315 wp-block-button try_button\"><div class=\"uagb-button__wrapper\"><a class=\"uagb-buttons-repeater wp-block-button__link\" href=\"https:\/\/staging3.dev.gibbs.no\/sv\/kontakt-oss\/\" onclick=\"return true;\" rel=\"follow noopener\" target=\"_self\"><div class=\"uagb-button__link\">Best\u00e4lla<\/div><\/a><\/div><\/div>\n<\/div><\/div>\n\n\n\n<div style=\"height:20px\" aria-hidden=\"true\" class=\"wp-block-spacer\"><\/div>\n<\/div><\/div>\n<\/div>\n\n\n\n<div class=\"wp-block-column is-layout-flow wp-block-column-is-layout-flow\">\n<div style=\"height:8px\" aria-hidden=\"true\" class=\"wp-block-spacer\"><\/div>\n\n\n\n<div class=\"wp-block-group shadow-background background-shadow\"><div class=\"wp-block-group__inner-container is-layout-constrained wp-block-group-is-layout-constrained\"><div class=\"wp-block-image\">\n<figure class=\"aligncenter size-thumbnail\"><img loading=\"lazy\" decoding=\"async\" width=\"150\" height=\"150\" src=\"https:\/\/staging3.dev.gibbs.no\/wp-content\/uploads\/2025\/04\/Screenshot-2025-04-02-at-12.20.14-e1743589312626-150x150.png\" alt=\"\" class=\"wp-image-69041\" srcset=\"https:\/\/staging3.dev.gibbs.no\/wp-content\/uploads\/2025\/04\/Screenshot-2025-04-02-at-12.20.14-e1743589312626-150x150.png 150w, https:\/\/staging3.dev.gibbs.no\/wp-content\/uploads\/2025\/04\/Screenshot-2025-04-02-at-12.20.14-e1743589312626-11x12.png 11w, https:\/\/staging3.dev.gibbs.no\/wp-content\/uploads\/2025\/04\/Screenshot-2025-04-02-at-12.20.14-e1743589312626-200x200.png 200w, https:\/\/staging3.dev.gibbs.no\/wp-content\/uploads\/2025\/04\/Screenshot-2025-04-02-at-12.20.14-e1743589312626-300x300.png 300w, https:\/\/staging3.dev.gibbs.no\/wp-content\/uploads\/2025\/04\/Screenshot-2025-04-02-at-12.20.14-e1743589312626-100x100.png 100w\" sizes=\"auto, (max-width: 150px) 100vw, 150px\" \/><\/figure><\/div>\n\n\n<div style=\"height:8px\" aria-hidden=\"true\" class=\"wp-block-spacer\"><\/div>\n\n\n\n<p class=\"has-text-align-center has-black-color has-text-color has-medium-font-size\"><strong>Smart l\u00e5s <\/strong>&#8211; kodepanel<\/p>\n\n\n\n<figure class=\"wp-block-table is-style-stripes\"><table class=\"has-black-color has-text-color\"><tbody><tr><td><strong>L\u00e4mplig f\u00f6r <\/strong><\/td><td>Badstuer, idrettsanlegg, selskapslokaler, m\u00f8terom, gjestehybler og lignende<\/td><\/tr><tr><td><strong>Producent<\/strong><\/td><td>Norsk leverand\u00f8r \ud83c\uddf3\ud83c\uddf4<\/td><\/tr><tr><td><strong>F\u00f6rdelar<\/strong><\/td><td>Krever Wi-Fi-tilkobling og str\u00f8mtilgang<\/td><\/tr><tr><td><strong>Installering<\/strong><\/td><td>Krever l\u00e5sesmed som installerer<\/td><\/tr><tr><td><strong>Hur fungerar det?<\/strong><\/td><td>Tast inn kode p\u00e5 panelet \u2013 str\u00f8m til sluttstykket\/magnet l\u00e5ser opp d\u00f8ren<\/td><\/tr><tr><td><strong><strong>Installera<\/strong><\/strong><\/td><td>Byt ut befintligt l\u00e5s.<\/td><\/tr><tr><td><strong>Egenskaper<\/strong><\/td><td>T\u00e5ler temperaturer fra -30\u00b0C til 50\u00b0C, samt regn, sn\u00f8 og saltvannsmilj\u00f8<\/td><\/tr><\/tbody><\/table><\/figure>\n\n\n\n<div style=\"height:20px\" aria-hidden=\"true\" class=\"wp-block-spacer\"><\/div>\n\n\n\n<div class=\"wp-block-uagb-buttons uagb-buttons__outer-wrap uagb-btn__default-btn uagb-btn-tablet__default-btn uagb-btn-mobile__default-btn uagb-block-33b6b3ef\"><div class=\"uagb-buttons__wrap uagb-buttons-layout-wrap\">\n<div class=\"wp-block-uagb-buttons-child uagb-buttons__outer-wrap uagb-block-4f7b3ce7 wp-block-button try_button\"><div class=\"uagb-button__wrapper\"><a class=\"uagb-buttons-repeater wp-block-button__link\" href=\"https:\/\/staging3.dev.gibbs.no\/sv\/kontakt-oss\/\" onclick=\"return true;\" rel=\"follow noopener\" target=\"_self\"><div class=\"uagb-button__link\">Best\u00e4lla<\/div><\/a><\/div><\/div>\n<\/div><\/div>\n\n\n\n<div style=\"height:20px\" aria-hidden=\"true\" class=\"wp-block-spacer\"><\/div>\n<\/div><\/div>\n<\/div>\n<\/div>\n\n\n\n<div class=\"wp-block-columns is-layout-flex wp-container-core-columns-is-layout-2 wp-block-columns-is-layout-flex\">\n<div class=\"wp-block-column is-layout-flow wp-block-column-is-layout-flow\">\n<div style=\"height:8px\" aria-hidden=\"true\" class=\"wp-block-spacer\"><\/div>\n\n\n\n<div class=\"wp-block-group shadow-background background-shadow\"><div class=\"wp-block-group__inner-container is-layout-constrained wp-block-group-is-layout-constrained\">\n<div style=\"height:8px\" aria-hidden=\"true\" class=\"wp-block-spacer\"><\/div>\n\n\n\n<div class=\"wp-block-uagb-image aligncenter uagb-block-6e62e05c wp-block-uagb-image--layout-default wp-block-uagb-image--effect-static wp-block-uagb-image--align-center\"><figure class=\"wp-block-uagb-image__figure\"><img decoding=\"async\" srcset=\"https:\/\/staging3.dev.gibbs.no\/wp-content\/uploads\/2025\/04\/Sauna-setup-Gibbs-bookingsystem1536x1152-1024x768.jpg \" sizes=\"auto, (max-width: 480px) 150px\" src=\"https:\/\/staging3.dev.gibbs.no\/wp-content\/uploads\/2025\/04\/Sauna-setup-Gibbs-bookingsystem1536x1152-1024x768.jpg\" alt=\"\" class=\"uag-image-69059\" width=\"1024\" height=\"768\" title=\"\" loading=\"lazy\"\/><\/figure><\/div>\n\n\n\n<p class=\"has-text-align-center has-black-color has-text-color has-medium-font-size\"><strong>Smart l\u00e5s <\/strong>&#8211; Komplett badstuepakke<\/p>\n\n\n\n<figure class=\"wp-block-table is-style-stripes\"><table class=\"has-black-color has-text-color\"><tbody><tr><td><strong>L\u00e4mplig f\u00f6r <\/strong><\/td><td>Badstuer<\/td><\/tr><tr><td><strong>Producent<\/strong><\/td><td>Norsk leverand\u00f8r \ud83c\uddf3\ud83c\uddf4<\/td><\/tr><tr><td><strong>F\u00f6rdelar<\/strong><\/td><td>Tilpasset badstue milj\u00f8 og 4g ruter innebygd<\/td><\/tr><tr><td><strong>Installering<\/strong><\/td><td>Krever l\u00e5sesmed som installerer<\/td><\/tr><tr><td><strong>Hur fungerar det?<\/strong><\/td><td>Tast inn kode p\u00e5 panelet \u2013 str\u00f8m til sluttstykket\/magnet l\u00e5ser opp d\u00f8ren<\/td><\/tr><tr><td><strong><strong>Installera<\/strong><\/strong><\/td><td>Byt ut befintligt l\u00e5s<\/td><\/tr><tr><td><strong>Egenskaper<\/strong><\/td><td>T\u00e5ler temperaturer fra -30\u00b0C til 50\u00b0C, samt regn, sn\u00f8 og saltvannsmilj\u00f8<\/td><\/tr><\/tbody><\/table><\/figure>\n\n\n\n<div style=\"height:20px\" aria-hidden=\"true\" class=\"wp-block-spacer\"><\/div>\n\n\n\n<div class=\"wp-block-uagb-buttons uagb-buttons__outer-wrap uagb-btn__default-btn uagb-btn-tablet__default-btn uagb-btn-mobile__default-btn uagb-block-c69b5d61\"><div class=\"uagb-buttons__wrap uagb-buttons-layout-wrap\">\n<div class=\"wp-block-uagb-buttons-child uagb-buttons__outer-wrap uagb-block-8b79bbfd wp-block-button try_button\"><div class=\"uagb-button__wrapper\"><a class=\"uagb-buttons-repeater wp-block-button__link\" href=\"https:\/\/staging3.dev.gibbs.no\/sv\/kontakt-oss\/\" onclick=\"return true;\" rel=\"follow noopener\" target=\"_self\"><div class=\"uagb-button__link\">Best\u00e4lla<\/div><\/a><\/div><\/div>\n<\/div><\/div>\n\n\n\n<div style=\"height:20px\" aria-hidden=\"true\" class=\"wp-block-spacer\"><\/div>\n<\/div><\/div>\n<\/div>\n<\/div>","protected":false},"excerpt":{"rendered":"<p>V\u00e5re utvalgte smartl\u00e5ser er fullt integrert med v\u00e5rt bookingsystem. Alle smartl\u00e5ser genererer unike koder som kun er gyldig i den bestilte bookingperioden \ud83d\ude0e Smart l\u00e5s &#8211; med h\u00e5ndtak Egnet til Selskapslokaler, m\u00f8terom, hytter, leiligheter, badstuer, og lignende Produsent Norsk leverand\u00f8r \ud83c\uddf3\ud83c\uddf4 Fordeler 4-sifret kode, Mulig med &laquo;\u00e5pen modus&raquo; forblir \u00e5pen i bookingperioden Installering Du kan [&hellip;]<\/p>","protected":false},"author":1,"featured_media":0,"parent":16159,"menu_order":0,"comment_status":"closed","ping_status":"closed","template":"page-template-popup.php","meta":{"inline_featured_image":false,"_uag_custom_page_level_css":"","footnotes":""},"class_list":["post-16692","page","type-page","status-publish","hentry"],"yoast_head":"<!-- This site is optimized with the Yoast SEO plugin v20.8 - https:\/\/yoast.com\/wordpress\/plugins\/seo\/ -->\n<title>Smart l\u00e5ser - Gibbs.no - Bookingsystem<\/title>\n<meta name=\"robots\" content=\"index, follow, max-snippet:-1, max-image-preview:large, max-video-preview:-1\" \/>\n<link rel=\"canonical\" href=\"https:\/\/staging3.dev.gibbs.no\/sv\/priser\/smart-laser\/\" \/>\n<meta property=\"og:locale\" content=\"sv_SE\" \/>\n<meta property=\"og:type\" content=\"article\" \/>\n<meta property=\"og:title\" content=\"Smart l\u00e5ser - Gibbs.no - Bookingsystem\" \/>\n<meta property=\"og:description\" content=\"V\u00e5re utvalgte smartl\u00e5ser er fullt integrert med v\u00e5rt bookingsystem. Alle smartl\u00e5ser genererer unike koder som kun er gyldig i den bestilte bookingperioden \ud83d\ude0e Smart l\u00e5s &#8211; med h\u00e5ndtak Egnet til Selskapslokaler, m\u00f8terom, hytter, leiligheter, badstuer, og lignende Produsent Norsk leverand\u00f8r \ud83c\uddf3\ud83c\uddf4 Fordeler 4-sifret kode, Mulig med &laquo;\u00e5pen modus&raquo; forblir \u00e5pen i bookingperioden Installering Du kan [&hellip;]\" \/>\n<meta property=\"og:url\" content=\"https:\/\/staging3.dev.gibbs.no\/sv\/priser\/smart-laser\/\" \/>\n<meta property=\"og:site_name\" content=\"Gibbs.no - Bookingsystem\" \/>\n<meta property=\"article:publisher\" content=\"https:\/\/www.facebook.com\/GibbsNorge\" \/>\n<meta property=\"article:modified_time\" content=\"2025-04-07T09:00:40+00:00\" \/>\n<meta property=\"og:image\" content=\"https:\/\/staging3.dev.gibbs.no\/wp-content\/uploads\/2023\/10\/door-handle-150x150.jpg\" \/>\n<meta name=\"twitter:card\" content=\"summary_large_image\" \/>\n<meta name=\"twitter:label1\" content=\"Est. reading time\" \/>\n\t<meta name=\"twitter:data1\" content=\"2 minuter\" \/>\n<script type=\"application\/ld+json\" class=\"yoast-schema-graph\">{\"@context\":\"https:\/\/schema.org\",\"@graph\":[{\"@type\":\"WebPage\",\"@id\":\"https:\/\/staging3.dev.gibbs.no\/priser\/smart-laser\/\",\"url\":\"https:\/\/staging3.dev.gibbs.no\/priser\/smart-laser\/\",\"name\":\"Smart l\u00e5ser - Gibbs.no - Bookingsystem\",\"isPartOf\":{\"@id\":\"https:\/\/staging3.dev.gibbs.no\/#website\"},\"datePublished\":\"2023-10-05T21:07:27+00:00\",\"dateModified\":\"2025-04-07T09:00:40+00:00\",\"breadcrumb\":{\"@id\":\"https:\/\/staging3.dev.gibbs.no\/priser\/smart-laser\/#breadcrumb\"},\"inLanguage\":\"sv-SE\",\"potentialAction\":[{\"@type\":\"ReadAction\",\"target\":[\"https:\/\/staging3.dev.gibbs.no\/priser\/smart-laser\/\"]}]},{\"@type\":\"BreadcrumbList\",\"@id\":\"https:\/\/staging3.dev.gibbs.no\/priser\/smart-laser\/#breadcrumb\",\"itemListElement\":[{\"@type\":\"ListItem\",\"position\":1,\"name\":\"Home\",\"item\":\"https:\/\/staging3.dev.gibbs.no\/\"},{\"@type\":\"ListItem\",\"position\":2,\"name\":\"Priser\",\"item\":\"https:\/\/staging3.dev.gibbs.no\/priser\/\"},{\"@type\":\"ListItem\",\"position\":3,\"name\":\"Smart l\u00e5ser\"}]},{\"@type\":\"WebSite\",\"@id\":\"https:\/\/staging3.dev.gibbs.no\/#website\",\"url\":\"https:\/\/staging3.dev.gibbs.no\/\",\"name\":\"Gibbs.no\",\"description\":\"Bookingsystem - 1.Book 2.Betal 3.\u00c5pne\",\"publisher\":{\"@id\":\"https:\/\/staging3.dev.gibbs.no\/#organization\"},\"potentialAction\":[{\"@type\":\"SearchAction\",\"target\":{\"@type\":\"EntryPoint\",\"urlTemplate\":\"https:\/\/staging3.dev.gibbs.no\/?s={search_term_string}\"},\"query-input\":\"required name=search_term_string\"}],\"inLanguage\":\"sv-SE\"},{\"@type\":\"Organization\",\"@id\":\"https:\/\/staging3.dev.gibbs.no\/#organization\",\"name\":\"Gibbs AS\",\"url\":\"https:\/\/staging3.dev.gibbs.no\/\",\"logo\":{\"@type\":\"ImageObject\",\"inLanguage\":\"sv-SE\",\"@id\":\"https:\/\/staging3.dev.gibbs.no\/#\/schema\/logo\/image\/\",\"url\":\"https:\/\/www.gibbs.no\/wp-content\/uploads\/2023\/11\/Gibbs-bookingsystem-logo.png\",\"contentUrl\":\"https:\/\/www.gibbs.no\/wp-content\/uploads\/2023\/11\/Gibbs-bookingsystem-logo.png\",\"width\":696,\"height\":696,\"caption\":\"Gibbs AS\"},\"image\":{\"@id\":\"https:\/\/staging3.dev.gibbs.no\/#\/schema\/logo\/image\/\"},\"sameAs\":[\"https:\/\/www.facebook.com\/GibbsNorge\",\"https:\/\/www.linkedin.com\/company\/gibbsnorge\"]}]}<\/script>\n<!-- \/ Yoast SEO plugin. -->","yoast_head_json":{"title":"Smart l\u00e5ser - Gibbs.no - Bookingsystem","robots":{"index":"index","follow":"follow","max-snippet":"max-snippet:-1","max-image-preview":"max-image-preview:large","max-video-preview":"max-video-preview:-1"},"canonical":"https:\/\/staging3.dev.gibbs.no\/sv\/priser\/smart-laser\/","og_locale":"sv_SE","og_type":"article","og_title":"Smart l\u00e5ser - Gibbs.no - Bookingsystem","og_description":"V\u00e5re utvalgte smartl\u00e5ser er fullt integrert med v\u00e5rt bookingsystem. Alle smartl\u00e5ser genererer unike koder som kun er gyldig i den bestilte bookingperioden \ud83d\ude0e Smart l\u00e5s &#8211; med h\u00e5ndtak Egnet til Selskapslokaler, m\u00f8terom, hytter, leiligheter, badstuer, og lignende Produsent Norsk leverand\u00f8r \ud83c\uddf3\ud83c\uddf4 Fordeler 4-sifret kode, Mulig med &laquo;\u00e5pen modus&raquo; forblir \u00e5pen i bookingperioden Installering Du kan [&hellip;]","og_url":"https:\/\/staging3.dev.gibbs.no\/sv\/priser\/smart-laser\/","og_site_name":"Gibbs.no - Bookingsystem","article_publisher":"https:\/\/www.facebook.com\/GibbsNorge","article_modified_time":"2025-04-07T09:00:40+00:00","og_image":[{"url":"https:\/\/staging3.dev.gibbs.no\/wp-content\/uploads\/2023\/10\/door-handle-150x150.jpg"}],"twitter_card":"summary_large_image","twitter_misc":{"Est. reading time":"2 minuter"},"schema":{"@context":"https:\/\/schema.org","@graph":[{"@type":"WebPage","@id":"https:\/\/staging3.dev.gibbs.no\/priser\/smart-laser\/","url":"https:\/\/staging3.dev.gibbs.no\/priser\/smart-laser\/","name":"Smart l\u00e5ser - Gibbs.no - Bookingsystem","isPartOf":{"@id":"https:\/\/staging3.dev.gibbs.no\/#website"},"datePublished":"2023-10-05T21:07:27+00:00","dateModified":"2025-04-07T09:00:40+00:00","breadcrumb":{"@id":"https:\/\/staging3.dev.gibbs.no\/priser\/smart-laser\/#breadcrumb"},"inLanguage":"sv-SE","potentialAction":[{"@type":"ReadAction","target":["https:\/\/staging3.dev.gibbs.no\/priser\/smart-laser\/"]}]},{"@type":"BreadcrumbList","@id":"https:\/\/staging3.dev.gibbs.no\/priser\/smart-laser\/#breadcrumb","itemListElement":[{"@type":"ListItem","position":1,"name":"Home","item":"https:\/\/staging3.dev.gibbs.no\/"},{"@type":"ListItem","position":2,"name":"Priser","item":"https:\/\/staging3.dev.gibbs.no\/priser\/"},{"@type":"ListItem","position":3,"name":"Smart l\u00e5ser"}]},{"@type":"WebSite","@id":"https:\/\/staging3.dev.gibbs.no\/#website","url":"https:\/\/staging3.dev.gibbs.no\/","name":"Gibbs.no","description":"Bookingsystem - 1.Book 2.Betal 3.\u00c5pne","publisher":{"@id":"https:\/\/staging3.dev.gibbs.no\/#organization"},"potentialAction":[{"@type":"SearchAction","target":{"@type":"EntryPoint","urlTemplate":"https:\/\/staging3.dev.gibbs.no\/?s={search_term_string}"},"query-input":"required name=search_term_string"}],"inLanguage":"sv-SE"},{"@type":"Organization","@id":"https:\/\/staging3.dev.gibbs.no\/#organization","name":"Gibbs AS","url":"https:\/\/staging3.dev.gibbs.no\/","logo":{"@type":"ImageObject","inLanguage":"sv-SE","@id":"https:\/\/staging3.dev.gibbs.no\/#\/schema\/logo\/image\/","url":"https:\/\/www.gibbs.no\/wp-content\/uploads\/2023\/11\/Gibbs-bookingsystem-logo.png","contentUrl":"https:\/\/www.gibbs.no\/wp-content\/uploads\/2023\/11\/Gibbs-bookingsystem-logo.png","width":696,"height":696,"caption":"Gibbs AS"},"image":{"@id":"https:\/\/staging3.dev.gibbs.no\/#\/schema\/logo\/image\/"},"sameAs":["https:\/\/www.facebook.com\/GibbsNorge","https:\/\/www.linkedin.com\/company\/gibbsnorge"]}]}},"uagb_featured_image_src":{"full":false,"thumbnail":false,"medium":false,"medium_large":false,"large":false,"1536x1536":false,"2048x2048":false,"trp-custom-language-flag":false,"post-thumbnail":false,"listeo-avatar":false,"listeo-blog-post":false,"listeo-blog-related-post":false,"listeo-post-thumb":false,"listeo-gallery":false,"listeo-listing-grid":false,"listeo_core-avatar":false,"listeo_core-preview":false,"woocommerce_thumbnail":false,"woocommerce_single":false,"woocommerce_gallery_thumbnail":false},"uagb_author_info":{"display_name":"K Gibbs","author_link":"https:\/\/staging3.dev.gibbs.no\/sv\/author\/kamil-gryga94gmail-com\/"},"uagb_comment_info":0,"uagb_excerpt":"V\u00e5re utvalgte smartl\u00e5ser er fullt integrert med v\u00e5rt bookingsystem. Alle smartl\u00e5ser genererer unike koder som kun er gyldig i den bestilte bookingperioden \ud83d\ude0e Smart l\u00e5s &#8211; med h\u00e5ndtak Egnet til Selskapslokaler, m\u00f8terom, hytter, leiligheter, badstuer, og lignende Produsent Norsk leverand\u00f8r \ud83c\uddf3\ud83c\uddf4 Fordeler 4-sifret kode, Mulig med &laquo;\u00e5pen modus&raquo; forblir \u00e5pen i bookingperioden Installering Du kan&hellip;","_links":{"self":[{"href":"https:\/\/staging3.dev.gibbs.no\/sv\/wp-json\/wp\/v2\/pages\/16692","targetHints":{"allow":["GET"]}}],"collection":[{"href":"https:\/\/staging3.dev.gibbs.no\/sv\/wp-json\/wp\/v2\/pages"}],"about":[{"href":"https:\/\/staging3.dev.gibbs.no\/sv\/wp-json\/wp\/v2\/types\/page"}],"author":[{"embeddable":true,"href":"https:\/\/staging3.dev.gibbs.no\/sv\/wp-json\/wp\/v2\/users\/1"}],"replies":[{"embeddable":true,"href":"https:\/\/staging3.dev.gibbs.no\/sv\/wp-json\/wp\/v2\/comments?post=16692"}],"version-history":[{"count":38,"href":"https:\/\/staging3.dev.gibbs.no\/sv\/wp-json\/wp\/v2\/pages\/16692\/revisions"}],"predecessor-version":[{"id":69703,"href":"https:\/\/staging3.dev.gibbs.no\/sv\/wp-json\/wp\/v2\/pages\/16692\/revisions\/69703"}],"up":[{"embeddable":true,"href":"https:\/\/staging3.dev.gibbs.no\/sv\/wp-json\/wp\/v2\/pages\/16159"}],"wp:attachment":[{"href":"https:\/\/staging3.dev.gibbs.no\/sv\/wp-json\/wp\/v2\/media?parent=16692"}],"curies":[{"name":"wp","href":"https:\/\/api.w.org\/{rel}","templated":true}]}}