{"id":15758,"date":"2023-10-02T13:16:45","date_gmt":"2023-10-02T11:16:45","guid":{"rendered":"https:\/\/staging3.dev.gibbs.no\/?page_id=15758"},"modified":"2023-10-07T21:15:55","modified_gmt":"2023-10-07T19:15:55","slug":"timebasert-repeterende-utleie","status":"publish","type":"page","link":"https:\/\/staging3.dev.gibbs.no\/sv\/funksjoner\/timebasert-repeterende-utleie\/","title":{"rendered":"Hyra per timme och \u00e5terkommande"},"content":{"rendered":"<p>Timuthyrning l\u00e4mpar sig f\u00f6r olika typer av hyresfastigheter, s\u00e5som idrottsanl\u00e4ggningar, festlokaler, m\u00f6tesrum, utrustning, utomhusytor och volont\u00e4rcentraler. Kunden kan hyra hyresobjekt i 15 minuter eller flera dagar i f\u00f6ljd, men detta beror p\u00e5 \u00f6ppettiderna. F\u00f6r hyresperioden kan ett l\u00e4gsta antal dagar och ett maxantal timmar st\u00e4llas in. Hyresobjekt kan ocks\u00e5 delas upp i k\u00f6rf\u00e4lt eller sektioner och priss\u00e4ttas i procent av totalsumman<\/p>\n\n\n\n<p><strong>Testa dig sj\u00e4lv h\u00e4r: <a rel=\"noreferrer noopener\" href=\"https:\/\/staging3.dev.gibbs.no\/sv\/listing\/nordehaugen\/\" target=\"_blank\">Demo varje timme<\/a><\/strong><\/p>\n\n\n\n<figure class=\"wp-block-image size-large\"><img loading=\"lazy\" decoding=\"async\" width=\"797\" height=\"1024\" src=\"https:\/\/staging3.dev.gibbs.no\/wp-content\/uploads\/2023\/10\/timebasert-797x1024.png\" alt=\"\" class=\"wp-image-16998\" srcset=\"https:\/\/staging3.dev.gibbs.no\/wp-content\/uploads\/2023\/10\/timebasert-797x1024.png 797w, https:\/\/staging3.dev.gibbs.no\/wp-content\/uploads\/2023\/10\/timebasert-233x300.png 233w, https:\/\/staging3.dev.gibbs.no\/wp-content\/uploads\/2023\/10\/timebasert-768x987.png 768w, https:\/\/staging3.dev.gibbs.no\/wp-content\/uploads\/2023\/10\/timebasert-9x12.png 9w, https:\/\/staging3.dev.gibbs.no\/wp-content\/uploads\/2023\/10\/timebasert-459x590.png 459w, https:\/\/staging3.dev.gibbs.no\/wp-content\/uploads\/2023\/10\/timebasert-521x670.png 521w, https:\/\/staging3.dev.gibbs.no\/wp-content\/uploads\/2023\/10\/timebasert-577x742.png 577w, https:\/\/staging3.dev.gibbs.no\/wp-content\/uploads\/2023\/10\/timebasert-600x771.png 600w, https:\/\/staging3.dev.gibbs.no\/wp-content\/uploads\/2023\/10\/timebasert.png 915w\" sizes=\"auto, (max-width: 797px) 100vw, 797px\" \/><\/figure>","protected":false},"excerpt":{"rendered":"<p>Timebasert utleie passer for ulike typer utleieobjekter, som idrettsanlegg, selskapslokaler, m\u00f8terom, utstyr, uteomr\u00e5der og frivilligsentraler. Kunden kan leie utleieobjekter for 15 minutter eller flere sammenhengende dager, men dette avhenger av \u00e5pningstidene. For leieperioden kan det settes et minimum antall dager og maksimalt antall timer. Utleieobjekter kan ogs\u00e5 deles opp i baner eller seksjoner og prises [&hellip;]<\/p>","protected":false},"author":1,"featured_media":0,"parent":15567,"menu_order":0,"comment_status":"closed","ping_status":"closed","template":"page-template-popup.php","meta":{"inline_featured_image":false,"_uag_custom_page_level_css":"","footnotes":""},"class_list":["post-15758","page","type-page","status-publish","hentry"],"yoast_head":"<!-- This site is optimized with the Yoast SEO plugin v20.8 - https:\/\/yoast.com\/wordpress\/plugins\/seo\/ -->\n<title>Timebasert &amp; repeterende utleie - Gibbs.no - Bookingsystem<\/title>\n<meta name=\"robots\" content=\"index, follow, max-snippet:-1, max-image-preview:large, max-video-preview:-1\" \/>\n<link rel=\"canonical\" href=\"https:\/\/staging3.dev.gibbs.no\/sv\/funksjoner\/timebasert-repeterende-utleie\/\" \/>\n<meta property=\"og:locale\" content=\"sv_SE\" \/>\n<meta property=\"og:type\" content=\"article\" \/>\n<meta property=\"og:title\" content=\"Timebasert &amp; repeterende utleie - Gibbs.no - Bookingsystem\" \/>\n<meta property=\"og:description\" content=\"Timebasert utleie passer for ulike typer utleieobjekter, som idrettsanlegg, selskapslokaler, m\u00f8terom, utstyr, uteomr\u00e5der og frivilligsentraler. Kunden kan leie utleieobjekter for 15 minutter eller flere sammenhengende dager, men dette avhenger av \u00e5pningstidene. For leieperioden kan det settes et minimum antall dager og maksimalt antall timer. Utleieobjekter kan ogs\u00e5 deles opp i baner eller seksjoner og prises [&hellip;]\" \/>\n<meta property=\"og:url\" content=\"https:\/\/staging3.dev.gibbs.no\/sv\/funksjoner\/timebasert-repeterende-utleie\/\" \/>\n<meta property=\"og:site_name\" content=\"Gibbs.no - Bookingsystem\" \/>\n<meta property=\"article:publisher\" content=\"https:\/\/www.facebook.com\/GibbsNorge\" \/>\n<meta property=\"article:modified_time\" content=\"2023-10-07T19:15:55+00:00\" \/>\n<meta property=\"og:image\" content=\"https:\/\/staging3.dev.gibbs.no\/wp-content\/uploads\/2023\/10\/timebasert-797x1024.png\" \/>\n<meta name=\"twitter:card\" content=\"summary_large_image\" \/>\n<script type=\"application\/ld+json\" class=\"yoast-schema-graph\">{\"@context\":\"https:\/\/schema.org\",\"@graph\":[{\"@type\":\"WebPage\",\"@id\":\"https:\/\/staging3.dev.gibbs.no\/funksjoner\/timebasert-repeterende-utleie\/\",\"url\":\"https:\/\/staging3.dev.gibbs.no\/funksjoner\/timebasert-repeterende-utleie\/\",\"name\":\"Timebasert &amp; repeterende utleie - Gibbs.no - Bookingsystem\",\"isPartOf\":{\"@id\":\"https:\/\/staging3.dev.gibbs.no\/#website\"},\"datePublished\":\"2023-10-02T11:16:45+00:00\",\"dateModified\":\"2023-10-07T19:15:55+00:00\",\"breadcrumb\":{\"@id\":\"https:\/\/staging3.dev.gibbs.no\/funksjoner\/timebasert-repeterende-utleie\/#breadcrumb\"},\"inLanguage\":\"sv-SE\",\"potentialAction\":[{\"@type\":\"ReadAction\",\"target\":[\"https:\/\/staging3.dev.gibbs.no\/funksjoner\/timebasert-repeterende-utleie\/\"]}]},{\"@type\":\"BreadcrumbList\",\"@id\":\"https:\/\/staging3.dev.gibbs.no\/funksjoner\/timebasert-repeterende-utleie\/#breadcrumb\",\"itemListElement\":[{\"@type\":\"ListItem\",\"position\":1,\"name\":\"Home\",\"item\":\"https:\/\/staging3.dev.gibbs.no\/\"},{\"@type\":\"ListItem\",\"position\":2,\"name\":\"Funksjoner\",\"item\":\"https:\/\/staging3.dev.gibbs.no\/funksjoner\/\"},{\"@type\":\"ListItem\",\"position\":3,\"name\":\"Timebasert &amp; repeterende utleie\"}]},{\"@type\":\"WebSite\",\"@id\":\"https:\/\/staging3.dev.gibbs.no\/#website\",\"url\":\"https:\/\/staging3.dev.gibbs.no\/\",\"name\":\"Gibbs.no\",\"description\":\"Bookingsystem - 1.Book 2.Betal 3.\u00c5pne\",\"publisher\":{\"@id\":\"https:\/\/staging3.dev.gibbs.no\/#organization\"},\"potentialAction\":[{\"@type\":\"SearchAction\",\"target\":{\"@type\":\"EntryPoint\",\"urlTemplate\":\"https:\/\/staging3.dev.gibbs.no\/?s={search_term_string}\"},\"query-input\":\"required name=search_term_string\"}],\"inLanguage\":\"sv-SE\"},{\"@type\":\"Organization\",\"@id\":\"https:\/\/staging3.dev.gibbs.no\/#organization\",\"name\":\"Gibbs AS\",\"url\":\"https:\/\/staging3.dev.gibbs.no\/\",\"logo\":{\"@type\":\"ImageObject\",\"inLanguage\":\"sv-SE\",\"@id\":\"https:\/\/staging3.dev.gibbs.no\/#\/schema\/logo\/image\/\",\"url\":\"https:\/\/www.gibbs.no\/wp-content\/uploads\/2023\/11\/Gibbs-bookingsystem-logo.png\",\"contentUrl\":\"https:\/\/www.gibbs.no\/wp-content\/uploads\/2023\/11\/Gibbs-bookingsystem-logo.png\",\"width\":696,\"height\":696,\"caption\":\"Gibbs AS\"},\"image\":{\"@id\":\"https:\/\/staging3.dev.gibbs.no\/#\/schema\/logo\/image\/\"},\"sameAs\":[\"https:\/\/www.facebook.com\/GibbsNorge\",\"https:\/\/www.linkedin.com\/company\/gibbsnorge\"]}]}<\/script>\n<!-- \/ Yoast SEO plugin. -->","yoast_head_json":{"title":"Timebasert &amp; repeterende utleie - Gibbs.no - Bookingsystem","robots":{"index":"index","follow":"follow","max-snippet":"max-snippet:-1","max-image-preview":"max-image-preview:large","max-video-preview":"max-video-preview:-1"},"canonical":"https:\/\/staging3.dev.gibbs.no\/sv\/funksjoner\/timebasert-repeterende-utleie\/","og_locale":"sv_SE","og_type":"article","og_title":"Timebasert &amp; repeterende utleie - Gibbs.no - Bookingsystem","og_description":"Timebasert utleie passer for ulike typer utleieobjekter, som idrettsanlegg, selskapslokaler, m\u00f8terom, utstyr, uteomr\u00e5der og frivilligsentraler. Kunden kan leie utleieobjekter for 15 minutter eller flere sammenhengende dager, men dette avhenger av \u00e5pningstidene. For leieperioden kan det settes et minimum antall dager og maksimalt antall timer. Utleieobjekter kan ogs\u00e5 deles opp i baner eller seksjoner og prises [&hellip;]","og_url":"https:\/\/staging3.dev.gibbs.no\/sv\/funksjoner\/timebasert-repeterende-utleie\/","og_site_name":"Gibbs.no - Bookingsystem","article_publisher":"https:\/\/www.facebook.com\/GibbsNorge","article_modified_time":"2023-10-07T19:15:55+00:00","og_image":[{"url":"https:\/\/staging3.dev.gibbs.no\/wp-content\/uploads\/2023\/10\/timebasert-797x1024.png"}],"twitter_card":"summary_large_image","schema":{"@context":"https:\/\/schema.org","@graph":[{"@type":"WebPage","@id":"https:\/\/staging3.dev.gibbs.no\/funksjoner\/timebasert-repeterende-utleie\/","url":"https:\/\/staging3.dev.gibbs.no\/funksjoner\/timebasert-repeterende-utleie\/","name":"Timebasert &amp; repeterende utleie - Gibbs.no - Bookingsystem","isPartOf":{"@id":"https:\/\/staging3.dev.gibbs.no\/#website"},"datePublished":"2023-10-02T11:16:45+00:00","dateModified":"2023-10-07T19:15:55+00:00","breadcrumb":{"@id":"https:\/\/staging3.dev.gibbs.no\/funksjoner\/timebasert-repeterende-utleie\/#breadcrumb"},"inLanguage":"sv-SE","potentialAction":[{"@type":"ReadAction","target":["https:\/\/staging3.dev.gibbs.no\/funksjoner\/timebasert-repeterende-utleie\/"]}]},{"@type":"BreadcrumbList","@id":"https:\/\/staging3.dev.gibbs.no\/funksjoner\/timebasert-repeterende-utleie\/#breadcrumb","itemListElement":[{"@type":"ListItem","position":1,"name":"Home","item":"https:\/\/staging3.dev.gibbs.no\/"},{"@type":"ListItem","position":2,"name":"Funksjoner","item":"https:\/\/staging3.dev.gibbs.no\/funksjoner\/"},{"@type":"ListItem","position":3,"name":"Timebasert &amp; repeterende utleie"}]},{"@type":"WebSite","@id":"https:\/\/staging3.dev.gibbs.no\/#website","url":"https:\/\/staging3.dev.gibbs.no\/","name":"Gibbs.no","description":"Bookingsystem - 1.Book 2.Betal 3.\u00c5pne","publisher":{"@id":"https:\/\/staging3.dev.gibbs.no\/#organization"},"potentialAction":[{"@type":"SearchAction","target":{"@type":"EntryPoint","urlTemplate":"https:\/\/staging3.dev.gibbs.no\/?s={search_term_string}"},"query-input":"required name=search_term_string"}],"inLanguage":"sv-SE"},{"@type":"Organization","@id":"https:\/\/staging3.dev.gibbs.no\/#organization","name":"Gibbs AS","url":"https:\/\/staging3.dev.gibbs.no\/","logo":{"@type":"ImageObject","inLanguage":"sv-SE","@id":"https:\/\/staging3.dev.gibbs.no\/#\/schema\/logo\/image\/","url":"https:\/\/www.gibbs.no\/wp-content\/uploads\/2023\/11\/Gibbs-bookingsystem-logo.png","contentUrl":"https:\/\/www.gibbs.no\/wp-content\/uploads\/2023\/11\/Gibbs-bookingsystem-logo.png","width":696,"height":696,"caption":"Gibbs AS"},"image":{"@id":"https:\/\/staging3.dev.gibbs.no\/#\/schema\/logo\/image\/"},"sameAs":["https:\/\/www.facebook.com\/GibbsNorge","https:\/\/www.linkedin.com\/company\/gibbsnorge"]}]}},"uagb_featured_image_src":{"full":false,"thumbnail":false,"medium":false,"medium_large":false,"large":false,"1536x1536":false,"2048x2048":false,"trp-custom-language-flag":false,"post-thumbnail":false,"listeo-avatar":false,"listeo-blog-post":false,"listeo-blog-related-post":false,"listeo-post-thumb":false,"listeo-gallery":false,"listeo-listing-grid":false,"listeo_core-avatar":false,"listeo_core-preview":false,"woocommerce_thumbnail":false,"woocommerce_single":false,"woocommerce_gallery_thumbnail":false},"uagb_author_info":{"display_name":"K Gibbs","author_link":"https:\/\/staging3.dev.gibbs.no\/sv\/author\/kamil-gryga94gmail-com\/"},"uagb_comment_info":0,"uagb_excerpt":"Timebasert utleie passer for ulike typer utleieobjekter, som idrettsanlegg, selskapslokaler, m\u00f8terom, utstyr, uteomr\u00e5der og frivilligsentraler. Kunden kan leie utleieobjekter for 15 minutter eller flere sammenhengende dager, men dette avhenger av \u00e5pningstidene. For leieperioden kan det settes et minimum antall dager og maksimalt antall timer. Utleieobjekter kan ogs\u00e5 deles opp i baner eller seksjoner og prises&hellip;","_links":{"self":[{"href":"https:\/\/staging3.dev.gibbs.no\/sv\/wp-json\/wp\/v2\/pages\/15758","targetHints":{"allow":["GET"]}}],"collection":[{"href":"https:\/\/staging3.dev.gibbs.no\/sv\/wp-json\/wp\/v2\/pages"}],"about":[{"href":"https:\/\/staging3.dev.gibbs.no\/sv\/wp-json\/wp\/v2\/types\/page"}],"author":[{"embeddable":true,"href":"https:\/\/staging3.dev.gibbs.no\/sv\/wp-json\/wp\/v2\/users\/1"}],"replies":[{"embeddable":true,"href":"https:\/\/staging3.dev.gibbs.no\/sv\/wp-json\/wp\/v2\/comments?post=15758"}],"version-history":[{"count":2,"href":"https:\/\/staging3.dev.gibbs.no\/sv\/wp-json\/wp\/v2\/pages\/15758\/revisions"}],"predecessor-version":[{"id":16999,"href":"https:\/\/staging3.dev.gibbs.no\/sv\/wp-json\/wp\/v2\/pages\/15758\/revisions\/16999"}],"up":[{"embeddable":true,"href":"https:\/\/staging3.dev.gibbs.no\/sv\/wp-json\/wp\/v2\/pages\/15567"}],"wp:attachment":[{"href":"https:\/\/staging3.dev.gibbs.no\/sv\/wp-json\/wp\/v2\/media?parent=15758"}],"curies":[{"name":"wp","href":"https:\/\/api.w.org\/{rel}","templated":true}]}}