{"id":15744,"date":"2023-10-02T13:11:12","date_gmt":"2023-10-02T11:11:12","guid":{"rendered":"https:\/\/staging3.dev.gibbs.no\/?page_id=15744"},"modified":"2023-10-07T21:23:12","modified_gmt":"2023-10-07T19:23:12","slug":"online-betaling","status":"publish","type":"page","link":"https:\/\/staging3.dev.gibbs.no\/sv\/funksjoner\/online-betaling\/","title":{"rendered":"Online betalning"},"content":{"rendered":"<div class=\"wp-block-columns is-layout-flex wp-container-core-columns-is-layout-1 wp-block-columns-is-layout-flex\">\n<div class=\"wp-block-column is-layout-flow wp-block-column-is-layout-flow\" style=\"flex-basis:40%\"><div class=\"wp-block-image\">\n<figure class=\"aligncenter size-full\"><img loading=\"lazy\" decoding=\"async\" width=\"431\" height=\"636\" src=\"https:\/\/staging3.dev.gibbs.no\/wp-content\/uploads\/2023\/10\/online-betaling.png\" alt=\"\" class=\"wp-image-17008\" style=\"object-fit:cover\" srcset=\"https:\/\/staging3.dev.gibbs.no\/wp-content\/uploads\/2023\/10\/online-betaling.png 431w, https:\/\/staging3.dev.gibbs.no\/wp-content\/uploads\/2023\/10\/online-betaling-203x300.png 203w, https:\/\/staging3.dev.gibbs.no\/wp-content\/uploads\/2023\/10\/online-betaling-8x12.png 8w, https:\/\/staging3.dev.gibbs.no\/wp-content\/uploads\/2023\/10\/online-betaling-400x590.png 400w\" sizes=\"auto, (max-width: 431px) 100vw, 431px\" \/><\/figure><\/div><\/div>\n\n\n\n<div class=\"wp-block-column is-layout-flow wp-block-column-is-layout-flow\" style=\"flex-basis:60%\">\n<p class=\"has-black-color has-text-color\">Med betalning online kan hyresg\u00e4ster enkelt och snabbt betala med Vipps, Visa eller Mastercard. Detta eliminerar behovet av manuella betalningsprocesser, vilket g\u00f6r betalningsprocessen snabbare och mer effektiv.<\/p>\n\n\n\n<p class=\"has-black-color has-text-color\">Hyresv\u00e4rden beh\u00f6ver inte g\u00f6ra n\u00e5got annat \u00e4n att v\u00e4nta p\u00e5 betalningen, d\u00e5 hela betalningsprocessen sk\u00f6ts automatiskt av Gibbs. I detta ing\u00e5r att hantera betalningsinformation, bekr\u00e4fta betalning och f\u00f6ra \u00f6ver pengar till hyresv\u00e4rdens konto.<\/p>\n\n\n\n<p class=\"has-black-color has-text-color\">Betall\u00f6sningar tar ofta 2-3% av det betalda beloppet som transaktionsavgift + 2-10 NOK per transaktion. Detta varierar beroende p\u00e5 vilken betalningsl\u00f6sning kunden v\u00e4ljer. Men f\u00f6r att g\u00f6ra det enkelt tar gibbs 3% oavsett vald betalningsl\u00f6sning.<\/p>\n\n\n\n<p class=\"has-black-color has-text-color\">Pssst.. Sparar du dina uppgifter kan du boka och betala p\u00e5 mindre \u00e4n 15 sekunder n\u00e4sta g\u00e5ng! \ud83d\ude42<\/p>\n<\/div>\n<\/div>","protected":false},"excerpt":{"rendered":"<p>Med online betaling kan leietakere enkelt og raskt betale med Vipps, Visa eller Mastercard. Dette eliminerer behovet for manuelle betalingsprosesser, noe som gj\u00f8r betalingsprosessen raskere og mer effektiv. Utleier trenger ikke \u00e5 foreta seg noe annet enn \u00e5 vente p\u00e5 utbetalingen, da hele betalingsprosessen blir h\u00e5ndtert automatisk av Gibbs. Dette inkluderer h\u00e5ndtering av betalingsinformasjon, bekreftelse [&hellip;]<\/p>","protected":false},"author":1,"featured_media":0,"parent":15567,"menu_order":0,"comment_status":"closed","ping_status":"closed","template":"page-template-popup.php","meta":{"inline_featured_image":false,"_uag_custom_page_level_css":"","footnotes":""},"class_list":["post-15744","page","type-page","status-publish","hentry"],"yoast_head":"<!-- This site is optimized with the Yoast SEO plugin v20.8 - https:\/\/yoast.com\/wordpress\/plugins\/seo\/ -->\n<title>Online betaling - Gibbs.no - Bookingsystem<\/title>\n<meta name=\"robots\" content=\"index, follow, max-snippet:-1, max-image-preview:large, max-video-preview:-1\" \/>\n<link rel=\"canonical\" href=\"https:\/\/staging3.dev.gibbs.no\/sv\/funksjoner\/online-betaling\/\" \/>\n<meta property=\"og:locale\" content=\"sv_SE\" \/>\n<meta property=\"og:type\" content=\"article\" \/>\n<meta property=\"og:title\" content=\"Online betaling - Gibbs.no - Bookingsystem\" \/>\n<meta property=\"og:description\" content=\"Med online betaling kan leietakere enkelt og raskt betale med Vipps, Visa eller Mastercard. Dette eliminerer behovet for manuelle betalingsprosesser, noe som gj\u00f8r betalingsprosessen raskere og mer effektiv. Utleier trenger ikke \u00e5 foreta seg noe annet enn \u00e5 vente p\u00e5 utbetalingen, da hele betalingsprosessen blir h\u00e5ndtert automatisk av Gibbs. Dette inkluderer h\u00e5ndtering av betalingsinformasjon, bekreftelse [&hellip;]\" \/>\n<meta property=\"og:url\" content=\"https:\/\/staging3.dev.gibbs.no\/sv\/funksjoner\/online-betaling\/\" \/>\n<meta property=\"og:site_name\" content=\"Gibbs.no - Bookingsystem\" \/>\n<meta property=\"article:publisher\" content=\"https:\/\/www.facebook.com\/GibbsNorge\" \/>\n<meta property=\"article:modified_time\" content=\"2023-10-07T19:23:12+00:00\" \/>\n<meta property=\"og:image\" content=\"https:\/\/staging3.dev.gibbs.no\/wp-content\/uploads\/2023\/10\/online-betaling.png\" \/>\n<meta name=\"twitter:card\" content=\"summary_large_image\" \/>\n<meta name=\"twitter:label1\" content=\"Est. reading time\" \/>\n\t<meta name=\"twitter:data1\" content=\"1 minut\" \/>\n<script type=\"application\/ld+json\" class=\"yoast-schema-graph\">{\"@context\":\"https:\/\/schema.org\",\"@graph\":[{\"@type\":\"WebPage\",\"@id\":\"https:\/\/staging3.dev.gibbs.no\/da\/funksjoner\/online-betaling\/\",\"url\":\"https:\/\/staging3.dev.gibbs.no\/da\/funksjoner\/online-betaling\/\",\"name\":\"Online betaling - Gibbs.no - Bookingsystem\",\"isPartOf\":{\"@id\":\"https:\/\/staging3.dev.gibbs.no\/#website\"},\"datePublished\":\"2023-10-02T11:11:12+00:00\",\"dateModified\":\"2023-10-07T19:23:12+00:00\",\"breadcrumb\":{\"@id\":\"https:\/\/staging3.dev.gibbs.no\/da\/funksjoner\/online-betaling\/#breadcrumb\"},\"inLanguage\":\"sv-SE\",\"potentialAction\":[{\"@type\":\"ReadAction\",\"target\":[\"https:\/\/staging3.dev.gibbs.no\/da\/funksjoner\/online-betaling\/\"]}]},{\"@type\":\"BreadcrumbList\",\"@id\":\"https:\/\/staging3.dev.gibbs.no\/da\/funksjoner\/online-betaling\/#breadcrumb\",\"itemListElement\":[{\"@type\":\"ListItem\",\"position\":1,\"name\":\"Home\",\"item\":\"https:\/\/staging3.dev.gibbs.no\/\"},{\"@type\":\"ListItem\",\"position\":2,\"name\":\"Funksjoner\",\"item\":\"https:\/\/staging3.dev.gibbs.no\/funksjoner\/\"},{\"@type\":\"ListItem\",\"position\":3,\"name\":\"Online betaling\"}]},{\"@type\":\"WebSite\",\"@id\":\"https:\/\/staging3.dev.gibbs.no\/#website\",\"url\":\"https:\/\/staging3.dev.gibbs.no\/\",\"name\":\"Gibbs.no\",\"description\":\"Bookingsystem - 1.Book 2.Betal 3.\u00c5pne\",\"publisher\":{\"@id\":\"https:\/\/staging3.dev.gibbs.no\/#organization\"},\"potentialAction\":[{\"@type\":\"SearchAction\",\"target\":{\"@type\":\"EntryPoint\",\"urlTemplate\":\"https:\/\/staging3.dev.gibbs.no\/?s={search_term_string}\"},\"query-input\":\"required name=search_term_string\"}],\"inLanguage\":\"sv-SE\"},{\"@type\":\"Organization\",\"@id\":\"https:\/\/staging3.dev.gibbs.no\/#organization\",\"name\":\"Gibbs AS\",\"url\":\"https:\/\/staging3.dev.gibbs.no\/\",\"logo\":{\"@type\":\"ImageObject\",\"inLanguage\":\"sv-SE\",\"@id\":\"https:\/\/staging3.dev.gibbs.no\/#\/schema\/logo\/image\/\",\"url\":\"https:\/\/www.gibbs.no\/wp-content\/uploads\/2023\/11\/Gibbs-bookingsystem-logo.png\",\"contentUrl\":\"https:\/\/www.gibbs.no\/wp-content\/uploads\/2023\/11\/Gibbs-bookingsystem-logo.png\",\"width\":696,\"height\":696,\"caption\":\"Gibbs AS\"},\"image\":{\"@id\":\"https:\/\/staging3.dev.gibbs.no\/#\/schema\/logo\/image\/\"},\"sameAs\":[\"https:\/\/www.facebook.com\/GibbsNorge\",\"https:\/\/www.linkedin.com\/company\/gibbsnorge\"]}]}<\/script>\n<!-- \/ Yoast SEO plugin. -->","yoast_head_json":{"title":"Online betaling - Gibbs.no - Bookingsystem","robots":{"index":"index","follow":"follow","max-snippet":"max-snippet:-1","max-image-preview":"max-image-preview:large","max-video-preview":"max-video-preview:-1"},"canonical":"https:\/\/staging3.dev.gibbs.no\/sv\/funksjoner\/online-betaling\/","og_locale":"sv_SE","og_type":"article","og_title":"Online betaling - Gibbs.no - Bookingsystem","og_description":"Med online betaling kan leietakere enkelt og raskt betale med Vipps, Visa eller Mastercard. Dette eliminerer behovet for manuelle betalingsprosesser, noe som gj\u00f8r betalingsprosessen raskere og mer effektiv. Utleier trenger ikke \u00e5 foreta seg noe annet enn \u00e5 vente p\u00e5 utbetalingen, da hele betalingsprosessen blir h\u00e5ndtert automatisk av Gibbs. Dette inkluderer h\u00e5ndtering av betalingsinformasjon, bekreftelse [&hellip;]","og_url":"https:\/\/staging3.dev.gibbs.no\/sv\/funksjoner\/online-betaling\/","og_site_name":"Gibbs.no - Bookingsystem","article_publisher":"https:\/\/www.facebook.com\/GibbsNorge","article_modified_time":"2023-10-07T19:23:12+00:00","og_image":[{"url":"https:\/\/staging3.dev.gibbs.no\/wp-content\/uploads\/2023\/10\/online-betaling.png"}],"twitter_card":"summary_large_image","twitter_misc":{"Est. reading time":"1 minut"},"schema":{"@context":"https:\/\/schema.org","@graph":[{"@type":"WebPage","@id":"https:\/\/staging3.dev.gibbs.no\/da\/funksjoner\/online-betaling\/","url":"https:\/\/staging3.dev.gibbs.no\/da\/funksjoner\/online-betaling\/","name":"Online betaling - Gibbs.no - Bookingsystem","isPartOf":{"@id":"https:\/\/staging3.dev.gibbs.no\/#website"},"datePublished":"2023-10-02T11:11:12+00:00","dateModified":"2023-10-07T19:23:12+00:00","breadcrumb":{"@id":"https:\/\/staging3.dev.gibbs.no\/da\/funksjoner\/online-betaling\/#breadcrumb"},"inLanguage":"sv-SE","potentialAction":[{"@type":"ReadAction","target":["https:\/\/staging3.dev.gibbs.no\/da\/funksjoner\/online-betaling\/"]}]},{"@type":"BreadcrumbList","@id":"https:\/\/staging3.dev.gibbs.no\/da\/funksjoner\/online-betaling\/#breadcrumb","itemListElement":[{"@type":"ListItem","position":1,"name":"Home","item":"https:\/\/staging3.dev.gibbs.no\/"},{"@type":"ListItem","position":2,"name":"Funksjoner","item":"https:\/\/staging3.dev.gibbs.no\/funksjoner\/"},{"@type":"ListItem","position":3,"name":"Online betaling"}]},{"@type":"WebSite","@id":"https:\/\/staging3.dev.gibbs.no\/#website","url":"https:\/\/staging3.dev.gibbs.no\/","name":"Gibbs.no","description":"Bookingsystem - 1.Book 2.Betal 3.\u00c5pne","publisher":{"@id":"https:\/\/staging3.dev.gibbs.no\/#organization"},"potentialAction":[{"@type":"SearchAction","target":{"@type":"EntryPoint","urlTemplate":"https:\/\/staging3.dev.gibbs.no\/?s={search_term_string}"},"query-input":"required name=search_term_string"}],"inLanguage":"sv-SE"},{"@type":"Organization","@id":"https:\/\/staging3.dev.gibbs.no\/#organization","name":"Gibbs AS","url":"https:\/\/staging3.dev.gibbs.no\/","logo":{"@type":"ImageObject","inLanguage":"sv-SE","@id":"https:\/\/staging3.dev.gibbs.no\/#\/schema\/logo\/image\/","url":"https:\/\/www.gibbs.no\/wp-content\/uploads\/2023\/11\/Gibbs-bookingsystem-logo.png","contentUrl":"https:\/\/www.gibbs.no\/wp-content\/uploads\/2023\/11\/Gibbs-bookingsystem-logo.png","width":696,"height":696,"caption":"Gibbs AS"},"image":{"@id":"https:\/\/staging3.dev.gibbs.no\/#\/schema\/logo\/image\/"},"sameAs":["https:\/\/www.facebook.com\/GibbsNorge","https:\/\/www.linkedin.com\/company\/gibbsnorge"]}]}},"uagb_featured_image_src":{"full":false,"thumbnail":false,"medium":false,"medium_large":false,"large":false,"1536x1536":false,"2048x2048":false,"trp-custom-language-flag":false,"post-thumbnail":false,"listeo-avatar":false,"listeo-blog-post":false,"listeo-blog-related-post":false,"listeo-post-thumb":false,"listeo-gallery":false,"listeo-listing-grid":false,"listeo_core-avatar":false,"listeo_core-preview":false,"woocommerce_thumbnail":false,"woocommerce_single":false,"woocommerce_gallery_thumbnail":false},"uagb_author_info":{"display_name":"K Gibbs","author_link":"https:\/\/staging3.dev.gibbs.no\/sv\/author\/kamil-gryga94gmail-com\/"},"uagb_comment_info":0,"uagb_excerpt":"Med online betaling kan leietakere enkelt og raskt betale med Vipps, Visa eller Mastercard. Dette eliminerer behovet for manuelle betalingsprosesser, noe som gj\u00f8r betalingsprosessen raskere og mer effektiv. Utleier trenger ikke \u00e5 foreta seg noe annet enn \u00e5 vente p\u00e5 utbetalingen, da hele betalingsprosessen blir h\u00e5ndtert automatisk av Gibbs. Dette inkluderer h\u00e5ndtering av betalingsinformasjon, bekreftelse&hellip;","_links":{"self":[{"href":"https:\/\/staging3.dev.gibbs.no\/sv\/wp-json\/wp\/v2\/pages\/15744","targetHints":{"allow":["GET"]}}],"collection":[{"href":"https:\/\/staging3.dev.gibbs.no\/sv\/wp-json\/wp\/v2\/pages"}],"about":[{"href":"https:\/\/staging3.dev.gibbs.no\/sv\/wp-json\/wp\/v2\/types\/page"}],"author":[{"embeddable":true,"href":"https:\/\/staging3.dev.gibbs.no\/sv\/wp-json\/wp\/v2\/users\/1"}],"replies":[{"embeddable":true,"href":"https:\/\/staging3.dev.gibbs.no\/sv\/wp-json\/wp\/v2\/comments?post=15744"}],"version-history":[{"count":4,"href":"https:\/\/staging3.dev.gibbs.no\/sv\/wp-json\/wp\/v2\/pages\/15744\/revisions"}],"predecessor-version":[{"id":17023,"href":"https:\/\/staging3.dev.gibbs.no\/sv\/wp-json\/wp\/v2\/pages\/15744\/revisions\/17023"}],"up":[{"embeddable":true,"href":"https:\/\/staging3.dev.gibbs.no\/sv\/wp-json\/wp\/v2\/pages\/15567"}],"wp:attachment":[{"href":"https:\/\/staging3.dev.gibbs.no\/sv\/wp-json\/wp\/v2\/media?parent=15744"}],"curies":[{"name":"wp","href":"https:\/\/api.w.org\/{rel}","templated":true}]}}