{"id":15714,"date":"2023-10-01T21:21:21","date_gmt":"2023-10-01T19:21:21","guid":{"rendered":"https:\/\/staging3.dev.gibbs.no\/?page_id=15714"},"modified":"2023-10-07T22:07:22","modified_gmt":"2023-10-07T20:07:22","slug":"internbooking","status":"publish","type":"page","link":"https:\/\/staging3.dev.gibbs.no\/sv\/funksjoner\/internbooking\/","title":{"rendered":"Internbokning"},"content":{"rendered":"<p>Best\u00e4m vilka hyresobjekt som ska vara synliga f\u00f6r specifika anv\u00e4ndargrupper, till exempel kan m\u00f6tesrum som endast \u00e4r l\u00e4mpliga f\u00f6r kommunens anst\u00e4llda endast vara synliga f\u00f6r denna grupp, och genom att styra \u00e5tkomst till anv\u00e4ndarroller kan du enkelt styra vilken anv\u00e4ndare som har tillg\u00e5ng till vilken hyra f\u00f6rem\u00e5l.<\/p>\n\n\n\n<figure class=\"wp-block-image size-full\"><img loading=\"lazy\" decoding=\"async\" width=\"812\" height=\"391\" src=\"https:\/\/staging3.dev.gibbs.no\/wp-content\/uploads\/2023\/10\/internbooking.png\" alt=\"\" class=\"wp-image-17049\" srcset=\"https:\/\/staging3.dev.gibbs.no\/wp-content\/uploads\/2023\/10\/internbooking.png 812w, https:\/\/staging3.dev.gibbs.no\/wp-content\/uploads\/2023\/10\/internbooking-300x144.png 300w, https:\/\/staging3.dev.gibbs.no\/wp-content\/uploads\/2023\/10\/internbooking-768x370.png 768w, https:\/\/staging3.dev.gibbs.no\/wp-content\/uploads\/2023\/10\/internbooking-18x9.png 18w, https:\/\/staging3.dev.gibbs.no\/wp-content\/uploads\/2023\/10\/internbooking-590x284.png 590w, https:\/\/staging3.dev.gibbs.no\/wp-content\/uploads\/2023\/10\/internbooking-577x278.png 577w, https:\/\/staging3.dev.gibbs.no\/wp-content\/uploads\/2023\/10\/internbooking-600x289.png 600w\" sizes=\"auto, (max-width: 812px) 100vw, 812px\" \/><\/figure>","protected":false},"excerpt":{"rendered":"<p>Best\u00e4m vilka hyresobjekt som ska vara synliga f\u00f6r specifika anv\u00e4ndargrupper, till exempel kan m\u00f6tesrum som endast \u00e4r l\u00e4mpliga f\u00f6r kommunens anst\u00e4llda endast vara synliga f\u00f6r denna grupp, och genom att styra \u00e5tkomst till anv\u00e4ndarroller kan du enkelt styra vilken anv\u00e4ndare som har tillg\u00e5ng till vilken hyra f\u00f6rem\u00e5l.<\/p>","protected":false},"author":1,"featured_media":0,"parent":15567,"menu_order":0,"comment_status":"closed","ping_status":"closed","template":"page-template-popup.php","meta":{"inline_featured_image":false,"_uag_custom_page_level_css":"","footnotes":""},"class_list":["post-15714","page","type-page","status-publish","hentry"],"yoast_head":"<!-- This site is optimized with the Yoast SEO plugin v20.8 - https:\/\/yoast.com\/wordpress\/plugins\/seo\/ -->\n<title>Internbooking - Gibbs.no - Bookingsystem<\/title>\n<meta name=\"robots\" content=\"index, follow, max-snippet:-1, max-image-preview:large, max-video-preview:-1\" \/>\n<link rel=\"canonical\" href=\"https:\/\/staging3.dev.gibbs.no\/sv\/funksjoner\/internbooking\/\" \/>\n<meta property=\"og:locale\" content=\"sv_SE\" \/>\n<meta property=\"og:type\" content=\"article\" \/>\n<meta property=\"og:title\" content=\"Internbooking - Gibbs.no - Bookingsystem\" \/>\n<meta property=\"og:description\" content=\"Bestem hvilke utleieobjekter som skal v\u00e6re synlige for bestemte brukergrupper, for eksempel kan m\u00f8terom som kun er egnet for kommunens ansatte v\u00e6re kun synlige for denne gruppen, og ved \u00e5 styre tilgangen til brukerroller kan man enkelt styre hvilken bruker som har tilgang til hvilke utleieobjekter.\" \/>\n<meta property=\"og:url\" content=\"https:\/\/staging3.dev.gibbs.no\/sv\/funksjoner\/internbooking\/\" \/>\n<meta property=\"og:site_name\" content=\"Gibbs.no - Bookingsystem\" \/>\n<meta property=\"article:publisher\" content=\"https:\/\/www.facebook.com\/GibbsNorge\" \/>\n<meta property=\"article:modified_time\" content=\"2023-10-07T20:07:22+00:00\" \/>\n<meta property=\"og:image\" content=\"https:\/\/staging3.dev.gibbs.no\/wp-content\/uploads\/2023\/10\/internbooking.png\" \/>\n<meta name=\"twitter:card\" content=\"summary_large_image\" \/>\n<script type=\"application\/ld+json\" class=\"yoast-schema-graph\">{\"@context\":\"https:\/\/schema.org\",\"@graph\":[{\"@type\":\"WebPage\",\"@id\":\"https:\/\/staging3.dev.gibbs.no\/funksjoner\/internbooking\/\",\"url\":\"https:\/\/staging3.dev.gibbs.no\/funksjoner\/internbooking\/\",\"name\":\"Internbooking - Gibbs.no - Bookingsystem\",\"isPartOf\":{\"@id\":\"https:\/\/staging3.dev.gibbs.no\/#website\"},\"datePublished\":\"2023-10-01T19:21:21+00:00\",\"dateModified\":\"2023-10-07T20:07:22+00:00\",\"breadcrumb\":{\"@id\":\"https:\/\/staging3.dev.gibbs.no\/funksjoner\/internbooking\/#breadcrumb\"},\"inLanguage\":\"sv-SE\",\"potentialAction\":[{\"@type\":\"ReadAction\",\"target\":[\"https:\/\/staging3.dev.gibbs.no\/funksjoner\/internbooking\/\"]}]},{\"@type\":\"BreadcrumbList\",\"@id\":\"https:\/\/staging3.dev.gibbs.no\/funksjoner\/internbooking\/#breadcrumb\",\"itemListElement\":[{\"@type\":\"ListItem\",\"position\":1,\"name\":\"Home\",\"item\":\"https:\/\/staging3.dev.gibbs.no\/\"},{\"@type\":\"ListItem\",\"position\":2,\"name\":\"Funksjoner\",\"item\":\"https:\/\/staging3.dev.gibbs.no\/funksjoner\/\"},{\"@type\":\"ListItem\",\"position\":3,\"name\":\"Internbooking\"}]},{\"@type\":\"WebSite\",\"@id\":\"https:\/\/staging3.dev.gibbs.no\/#website\",\"url\":\"https:\/\/staging3.dev.gibbs.no\/\",\"name\":\"Gibbs.no\",\"description\":\"Bookingsystem - 1.Book 2.Betal 3.\u00c5pne\",\"publisher\":{\"@id\":\"https:\/\/staging3.dev.gibbs.no\/#organization\"},\"potentialAction\":[{\"@type\":\"SearchAction\",\"target\":{\"@type\":\"EntryPoint\",\"urlTemplate\":\"https:\/\/staging3.dev.gibbs.no\/?s={search_term_string}\"},\"query-input\":\"required name=search_term_string\"}],\"inLanguage\":\"sv-SE\"},{\"@type\":\"Organization\",\"@id\":\"https:\/\/staging3.dev.gibbs.no\/#organization\",\"name\":\"Gibbs AS\",\"url\":\"https:\/\/staging3.dev.gibbs.no\/\",\"logo\":{\"@type\":\"ImageObject\",\"inLanguage\":\"sv-SE\",\"@id\":\"https:\/\/staging3.dev.gibbs.no\/#\/schema\/logo\/image\/\",\"url\":\"https:\/\/www.gibbs.no\/wp-content\/uploads\/2023\/11\/Gibbs-bookingsystem-logo.png\",\"contentUrl\":\"https:\/\/www.gibbs.no\/wp-content\/uploads\/2023\/11\/Gibbs-bookingsystem-logo.png\",\"width\":696,\"height\":696,\"caption\":\"Gibbs AS\"},\"image\":{\"@id\":\"https:\/\/staging3.dev.gibbs.no\/#\/schema\/logo\/image\/\"},\"sameAs\":[\"https:\/\/www.facebook.com\/GibbsNorge\",\"https:\/\/www.linkedin.com\/company\/gibbsnorge\"]}]}<\/script>\n<!-- \/ Yoast SEO plugin. -->","yoast_head_json":{"title":"Internbooking - Gibbs.no - Bookingsystem","robots":{"index":"index","follow":"follow","max-snippet":"max-snippet:-1","max-image-preview":"max-image-preview:large","max-video-preview":"max-video-preview:-1"},"canonical":"https:\/\/staging3.dev.gibbs.no\/sv\/funksjoner\/internbooking\/","og_locale":"sv_SE","og_type":"article","og_title":"Internbooking - Gibbs.no - Bookingsystem","og_description":"Bestem hvilke utleieobjekter som skal v\u00e6re synlige for bestemte brukergrupper, for eksempel kan m\u00f8terom som kun er egnet for kommunens ansatte v\u00e6re kun synlige for denne gruppen, og ved \u00e5 styre tilgangen til brukerroller kan man enkelt styre hvilken bruker som har tilgang til hvilke utleieobjekter.","og_url":"https:\/\/staging3.dev.gibbs.no\/sv\/funksjoner\/internbooking\/","og_site_name":"Gibbs.no - Bookingsystem","article_publisher":"https:\/\/www.facebook.com\/GibbsNorge","article_modified_time":"2023-10-07T20:07:22+00:00","og_image":[{"url":"https:\/\/staging3.dev.gibbs.no\/wp-content\/uploads\/2023\/10\/internbooking.png"}],"twitter_card":"summary_large_image","schema":{"@context":"https:\/\/schema.org","@graph":[{"@type":"WebPage","@id":"https:\/\/staging3.dev.gibbs.no\/funksjoner\/internbooking\/","url":"https:\/\/staging3.dev.gibbs.no\/funksjoner\/internbooking\/","name":"Internbooking - Gibbs.no - Bookingsystem","isPartOf":{"@id":"https:\/\/staging3.dev.gibbs.no\/#website"},"datePublished":"2023-10-01T19:21:21+00:00","dateModified":"2023-10-07T20:07:22+00:00","breadcrumb":{"@id":"https:\/\/staging3.dev.gibbs.no\/funksjoner\/internbooking\/#breadcrumb"},"inLanguage":"sv-SE","potentialAction":[{"@type":"ReadAction","target":["https:\/\/staging3.dev.gibbs.no\/funksjoner\/internbooking\/"]}]},{"@type":"BreadcrumbList","@id":"https:\/\/staging3.dev.gibbs.no\/funksjoner\/internbooking\/#breadcrumb","itemListElement":[{"@type":"ListItem","position":1,"name":"Home","item":"https:\/\/staging3.dev.gibbs.no\/"},{"@type":"ListItem","position":2,"name":"Funksjoner","item":"https:\/\/staging3.dev.gibbs.no\/funksjoner\/"},{"@type":"ListItem","position":3,"name":"Internbooking"}]},{"@type":"WebSite","@id":"https:\/\/staging3.dev.gibbs.no\/#website","url":"https:\/\/staging3.dev.gibbs.no\/","name":"Gibbs.no","description":"Bookingsystem - 1.Book 2.Betal 3.\u00c5pne","publisher":{"@id":"https:\/\/staging3.dev.gibbs.no\/#organization"},"potentialAction":[{"@type":"SearchAction","target":{"@type":"EntryPoint","urlTemplate":"https:\/\/staging3.dev.gibbs.no\/?s={search_term_string}"},"query-input":"required name=search_term_string"}],"inLanguage":"sv-SE"},{"@type":"Organization","@id":"https:\/\/staging3.dev.gibbs.no\/#organization","name":"Gibbs AS","url":"https:\/\/staging3.dev.gibbs.no\/","logo":{"@type":"ImageObject","inLanguage":"sv-SE","@id":"https:\/\/staging3.dev.gibbs.no\/#\/schema\/logo\/image\/","url":"https:\/\/www.gibbs.no\/wp-content\/uploads\/2023\/11\/Gibbs-bookingsystem-logo.png","contentUrl":"https:\/\/www.gibbs.no\/wp-content\/uploads\/2023\/11\/Gibbs-bookingsystem-logo.png","width":696,"height":696,"caption":"Gibbs AS"},"image":{"@id":"https:\/\/staging3.dev.gibbs.no\/#\/schema\/logo\/image\/"},"sameAs":["https:\/\/www.facebook.com\/GibbsNorge","https:\/\/www.linkedin.com\/company\/gibbsnorge"]}]}},"uagb_featured_image_src":{"full":false,"thumbnail":false,"medium":false,"medium_large":false,"large":false,"1536x1536":false,"2048x2048":false,"trp-custom-language-flag":false,"post-thumbnail":false,"listeo-avatar":false,"listeo-blog-post":false,"listeo-blog-related-post":false,"listeo-post-thumb":false,"listeo-gallery":false,"listeo-listing-grid":false,"listeo_core-avatar":false,"listeo_core-preview":false,"woocommerce_thumbnail":false,"woocommerce_single":false,"woocommerce_gallery_thumbnail":false},"uagb_author_info":{"display_name":"K Gibbs","author_link":"https:\/\/staging3.dev.gibbs.no\/sv\/author\/kamil-gryga94gmail-com\/"},"uagb_comment_info":0,"uagb_excerpt":"Bestem hvilke utleieobjekter som skal v\u00e6re synlige for bestemte brukergrupper, for eksempel kan m\u00f8terom som kun er egnet for kommunens ansatte v\u00e6re kun synlige for denne gruppen, og ved \u00e5 styre tilgangen til brukerroller kan man enkelt styre hvilken bruker som har tilgang til hvilke utleieobjekter.","_links":{"self":[{"href":"https:\/\/staging3.dev.gibbs.no\/sv\/wp-json\/wp\/v2\/pages\/15714","targetHints":{"allow":["GET"]}}],"collection":[{"href":"https:\/\/staging3.dev.gibbs.no\/sv\/wp-json\/wp\/v2\/pages"}],"about":[{"href":"https:\/\/staging3.dev.gibbs.no\/sv\/wp-json\/wp\/v2\/types\/page"}],"author":[{"embeddable":true,"href":"https:\/\/staging3.dev.gibbs.no\/sv\/wp-json\/wp\/v2\/users\/1"}],"replies":[{"embeddable":true,"href":"https:\/\/staging3.dev.gibbs.no\/sv\/wp-json\/wp\/v2\/comments?post=15714"}],"version-history":[{"count":2,"href":"https:\/\/staging3.dev.gibbs.no\/sv\/wp-json\/wp\/v2\/pages\/15714\/revisions"}],"predecessor-version":[{"id":17067,"href":"https:\/\/staging3.dev.gibbs.no\/sv\/wp-json\/wp\/v2\/pages\/15714\/revisions\/17067"}],"up":[{"embeddable":true,"href":"https:\/\/staging3.dev.gibbs.no\/sv\/wp-json\/wp\/v2\/pages\/15567"}],"wp:attachment":[{"href":"https:\/\/staging3.dev.gibbs.no\/sv\/wp-json\/wp\/v2\/media?parent=15714"}],"curies":[{"name":"wp","href":"https:\/\/api.w.org\/{rel}","templated":true}]}}