{"id":15696,"date":"2023-10-01T21:13:28","date_gmt":"2023-10-01T19:13:28","guid":{"rendered":"https:\/\/staging3.dev.gibbs.no\/?page_id=15696"},"modified":"2023-10-07T22:12:52","modified_gmt":"2023-10-07T20:12:52","slug":"booking-oversikt","status":"publish","type":"page","link":"https:\/\/staging3.dev.gibbs.no\/sv\/funksjoner\/booking-oversikt\/","title":{"rendered":"Boknings\u00f6versikt"},"content":{"rendered":"<p>Med en boknings\u00f6versikt har hyresv\u00e4rdar full kontroll \u00f6ver alla bokningar, oavsett status. Detta inkluderar bokningar som kr\u00e4ver uppm\u00e4rksamhet, som v\u00e4ntar p\u00e5 betalning, fakturerade, har betalats, avvisats eller g\u00e5tt ut. Det \u00e4r m\u00f6jligt att s\u00f6ka och filtrera efter kund- eller bokningsinformation, samt \u00e4ndra vilka kolumner som visas. Alla bokningar kan enkelt laddas ner som b\u00e5de CSV- och PDF-filer. Fr\u00e5n \u00f6versikten \u00e4r det \u00e4ven m\u00f6jligt att \u00e4ndra bokningsstatus och \u00f6ppna en bokning f\u00f6r mer detaljerad information. Med denna funktionalitet kan hyresv\u00e4rdar enkelt h\u00e5lla koll p\u00e5 alla bokningar och s\u00e4kerst\u00e4lla en effektiv hantering av var och en. \u00c4ndring av tidpunkten f\u00f6r bokningen g\u00f6rs via administrationskalendern, f\u00f6r att enkelt kunna se att den inte \u00f6verlappar andra bokningar.<\/p>\n\n\n\n<figure class=\"wp-block-image size-full\"><img loading=\"lazy\" decoding=\"async\" width=\"820\" height=\"265\" src=\"https:\/\/staging3.dev.gibbs.no\/wp-content\/uploads\/2023\/10\/all-booking.png\" alt=\"\" class=\"wp-image-17043\" srcset=\"https:\/\/staging3.dev.gibbs.no\/wp-content\/uploads\/2023\/10\/all-booking.png 820w, https:\/\/staging3.dev.gibbs.no\/wp-content\/uploads\/2023\/10\/all-booking-300x97.png 300w, https:\/\/staging3.dev.gibbs.no\/wp-content\/uploads\/2023\/10\/all-booking-768x248.png 768w, https:\/\/staging3.dev.gibbs.no\/wp-content\/uploads\/2023\/10\/all-booking-18x6.png 18w, https:\/\/staging3.dev.gibbs.no\/wp-content\/uploads\/2023\/10\/all-booking-590x191.png 590w, https:\/\/staging3.dev.gibbs.no\/wp-content\/uploads\/2023\/10\/all-booking-577x186.png 577w, https:\/\/staging3.dev.gibbs.no\/wp-content\/uploads\/2023\/10\/all-booking-600x194.png 600w\" sizes=\"auto, (max-width: 820px) 100vw, 820px\" \/><\/figure>\n\n\n\n<p>S\u00e5 h\u00e4r ser det ut n\u00e4r du \u00f6ppnar en bokning<\/p>\n\n\n\n<figure class=\"wp-block-image size-full\"><img loading=\"lazy\" decoding=\"async\" width=\"814\" height=\"358\" src=\"https:\/\/staging3.dev.gibbs.no\/wp-content\/uploads\/2023\/10\/open-booking.png\" alt=\"\" class=\"wp-image-17042\" srcset=\"https:\/\/staging3.dev.gibbs.no\/wp-content\/uploads\/2023\/10\/open-booking.png 814w, https:\/\/staging3.dev.gibbs.no\/wp-content\/uploads\/2023\/10\/open-booking-300x132.png 300w, https:\/\/staging3.dev.gibbs.no\/wp-content\/uploads\/2023\/10\/open-booking-768x338.png 768w, https:\/\/staging3.dev.gibbs.no\/wp-content\/uploads\/2023\/10\/open-booking-18x8.png 18w, https:\/\/staging3.dev.gibbs.no\/wp-content\/uploads\/2023\/10\/open-booking-590x259.png 590w, https:\/\/staging3.dev.gibbs.no\/wp-content\/uploads\/2023\/10\/open-booking-577x254.png 577w, https:\/\/staging3.dev.gibbs.no\/wp-content\/uploads\/2023\/10\/open-booking-600x264.png 600w\" sizes=\"auto, (max-width: 814px) 100vw, 814px\" \/><\/figure>\n\n\n\n<p>Genom att \u00f6ppna bokningar har hyresv\u00e4rden m\u00f6jlighet att se relevanta bokningar i en tydlig lista, samt motsvarande meddelandedialog och aktivitetslogg. Detta ger hyresv\u00e4rden m\u00f6jlighet att ha full kontroll \u00f6ver kommunikationen och historiken kring varje enskild bokning. Meddelandedialogen ger m\u00f6jlighet att kommunicera direkt med kunden och aktivitetsloggen ger information om alla \u00e5tg\u00e4rder som har utf\u00f6rts p\u00e5 bokningen, s\u00e5som \u00e4ndringar av datum eller betalningsstatus. Detta g\u00f6r det enkelt f\u00f6r hyresv\u00e4rden att h\u00e5lla koll p\u00e5 varje enskild bokning, och ser till att all kommunikation och historik samlas p\u00e5 ett st\u00e4lle.<\/p>","protected":false},"excerpt":{"rendered":"<p>Med booking oversikt har utleiere full kontroll over alle bookinger uavhengig av status. Dette inkluderer bookinger som krever oppmerksomhet, venter p\u00e5 betaling, faktura, er betalt, avsl\u00e5tt eller utl\u00f8pt. Det er mulig \u00e5 s\u00f8ke og filtrere etter kunde- eller bookinginformasjon, samt endre hvilke kolonner som vises. Alle reservasjoner kan enkelt lastes ned som b\u00e5de CSV og [&hellip;]<\/p>","protected":false},"author":1,"featured_media":0,"parent":15567,"menu_order":0,"comment_status":"closed","ping_status":"closed","template":"page-template-popup.php","meta":{"inline_featured_image":false,"_uag_custom_page_level_css":"","footnotes":""},"class_list":["post-15696","page","type-page","status-publish","hentry"],"yoast_head":"<!-- This site is optimized with the Yoast SEO plugin v20.8 - https:\/\/yoast.com\/wordpress\/plugins\/seo\/ -->\n<title>Booking oversikt - Gibbs.no - Bookingsystem<\/title>\n<meta name=\"robots\" content=\"index, follow, max-snippet:-1, max-image-preview:large, max-video-preview:-1\" \/>\n<link rel=\"canonical\" href=\"https:\/\/staging3.dev.gibbs.no\/sv\/funksjoner\/booking-oversikt\/\" \/>\n<meta property=\"og:locale\" content=\"sv_SE\" \/>\n<meta property=\"og:type\" content=\"article\" \/>\n<meta property=\"og:title\" content=\"Booking oversikt - Gibbs.no - Bookingsystem\" \/>\n<meta property=\"og:description\" content=\"Med booking oversikt har utleiere full kontroll over alle bookinger uavhengig av status. Dette inkluderer bookinger som krever oppmerksomhet, venter p\u00e5 betaling, faktura, er betalt, avsl\u00e5tt eller utl\u00f8pt. Det er mulig \u00e5 s\u00f8ke og filtrere etter kunde- eller bookinginformasjon, samt endre hvilke kolonner som vises. Alle reservasjoner kan enkelt lastes ned som b\u00e5de CSV og [&hellip;]\" \/>\n<meta property=\"og:url\" content=\"https:\/\/staging3.dev.gibbs.no\/sv\/funksjoner\/booking-oversikt\/\" \/>\n<meta property=\"og:site_name\" content=\"Gibbs.no - Bookingsystem\" \/>\n<meta property=\"article:publisher\" content=\"https:\/\/www.facebook.com\/GibbsNorge\" \/>\n<meta property=\"article:modified_time\" content=\"2023-10-07T20:12:52+00:00\" \/>\n<meta property=\"og:image\" content=\"https:\/\/staging3.dev.gibbs.no\/wp-content\/uploads\/2023\/10\/all-booking.png\" \/>\n<meta name=\"twitter:card\" content=\"summary_large_image\" \/>\n<meta name=\"twitter:label1\" content=\"Est. reading time\" \/>\n\t<meta name=\"twitter:data1\" content=\"1 minut\" \/>\n<script type=\"application\/ld+json\" class=\"yoast-schema-graph\">{\"@context\":\"https:\/\/schema.org\",\"@graph\":[{\"@type\":\"WebPage\",\"@id\":\"https:\/\/staging3.dev.gibbs.no\/funksjoner\/booking-oversikt\/\",\"url\":\"https:\/\/staging3.dev.gibbs.no\/funksjoner\/booking-oversikt\/\",\"name\":\"Booking oversikt - Gibbs.no - Bookingsystem\",\"isPartOf\":{\"@id\":\"https:\/\/staging3.dev.gibbs.no\/#website\"},\"datePublished\":\"2023-10-01T19:13:28+00:00\",\"dateModified\":\"2023-10-07T20:12:52+00:00\",\"breadcrumb\":{\"@id\":\"https:\/\/staging3.dev.gibbs.no\/funksjoner\/booking-oversikt\/#breadcrumb\"},\"inLanguage\":\"sv-SE\",\"potentialAction\":[{\"@type\":\"ReadAction\",\"target\":[\"https:\/\/staging3.dev.gibbs.no\/funksjoner\/booking-oversikt\/\"]}]},{\"@type\":\"BreadcrumbList\",\"@id\":\"https:\/\/staging3.dev.gibbs.no\/funksjoner\/booking-oversikt\/#breadcrumb\",\"itemListElement\":[{\"@type\":\"ListItem\",\"position\":1,\"name\":\"Home\",\"item\":\"https:\/\/staging3.dev.gibbs.no\/\"},{\"@type\":\"ListItem\",\"position\":2,\"name\":\"Funksjoner\",\"item\":\"https:\/\/staging3.dev.gibbs.no\/funksjoner\/\"},{\"@type\":\"ListItem\",\"position\":3,\"name\":\"Booking oversikt\"}]},{\"@type\":\"WebSite\",\"@id\":\"https:\/\/staging3.dev.gibbs.no\/#website\",\"url\":\"https:\/\/staging3.dev.gibbs.no\/\",\"name\":\"Gibbs.no\",\"description\":\"Bookingsystem - 1.Book 2.Betal 3.\u00c5pne\",\"publisher\":{\"@id\":\"https:\/\/staging3.dev.gibbs.no\/#organization\"},\"potentialAction\":[{\"@type\":\"SearchAction\",\"target\":{\"@type\":\"EntryPoint\",\"urlTemplate\":\"https:\/\/staging3.dev.gibbs.no\/?s={search_term_string}\"},\"query-input\":\"required name=search_term_string\"}],\"inLanguage\":\"sv-SE\"},{\"@type\":\"Organization\",\"@id\":\"https:\/\/staging3.dev.gibbs.no\/#organization\",\"name\":\"Gibbs AS\",\"url\":\"https:\/\/staging3.dev.gibbs.no\/\",\"logo\":{\"@type\":\"ImageObject\",\"inLanguage\":\"sv-SE\",\"@id\":\"https:\/\/staging3.dev.gibbs.no\/#\/schema\/logo\/image\/\",\"url\":\"https:\/\/www.gibbs.no\/wp-content\/uploads\/2023\/11\/Gibbs-bookingsystem-logo.png\",\"contentUrl\":\"https:\/\/www.gibbs.no\/wp-content\/uploads\/2023\/11\/Gibbs-bookingsystem-logo.png\",\"width\":696,\"height\":696,\"caption\":\"Gibbs AS\"},\"image\":{\"@id\":\"https:\/\/staging3.dev.gibbs.no\/#\/schema\/logo\/image\/\"},\"sameAs\":[\"https:\/\/www.facebook.com\/GibbsNorge\",\"https:\/\/www.linkedin.com\/company\/gibbsnorge\"]}]}<\/script>\n<!-- \/ Yoast SEO plugin. -->","yoast_head_json":{"title":"Booking oversikt - Gibbs.no - Bookingsystem","robots":{"index":"index","follow":"follow","max-snippet":"max-snippet:-1","max-image-preview":"max-image-preview:large","max-video-preview":"max-video-preview:-1"},"canonical":"https:\/\/staging3.dev.gibbs.no\/sv\/funksjoner\/booking-oversikt\/","og_locale":"sv_SE","og_type":"article","og_title":"Booking oversikt - Gibbs.no - Bookingsystem","og_description":"Med booking oversikt har utleiere full kontroll over alle bookinger uavhengig av status. Dette inkluderer bookinger som krever oppmerksomhet, venter p\u00e5 betaling, faktura, er betalt, avsl\u00e5tt eller utl\u00f8pt. Det er mulig \u00e5 s\u00f8ke og filtrere etter kunde- eller bookinginformasjon, samt endre hvilke kolonner som vises. Alle reservasjoner kan enkelt lastes ned som b\u00e5de CSV og [&hellip;]","og_url":"https:\/\/staging3.dev.gibbs.no\/sv\/funksjoner\/booking-oversikt\/","og_site_name":"Gibbs.no - Bookingsystem","article_publisher":"https:\/\/www.facebook.com\/GibbsNorge","article_modified_time":"2023-10-07T20:12:52+00:00","og_image":[{"url":"https:\/\/staging3.dev.gibbs.no\/wp-content\/uploads\/2023\/10\/all-booking.png"}],"twitter_card":"summary_large_image","twitter_misc":{"Est. reading time":"1 minut"},"schema":{"@context":"https:\/\/schema.org","@graph":[{"@type":"WebPage","@id":"https:\/\/staging3.dev.gibbs.no\/funksjoner\/booking-oversikt\/","url":"https:\/\/staging3.dev.gibbs.no\/funksjoner\/booking-oversikt\/","name":"Booking oversikt - Gibbs.no - Bookingsystem","isPartOf":{"@id":"https:\/\/staging3.dev.gibbs.no\/#website"},"datePublished":"2023-10-01T19:13:28+00:00","dateModified":"2023-10-07T20:12:52+00:00","breadcrumb":{"@id":"https:\/\/staging3.dev.gibbs.no\/funksjoner\/booking-oversikt\/#breadcrumb"},"inLanguage":"sv-SE","potentialAction":[{"@type":"ReadAction","target":["https:\/\/staging3.dev.gibbs.no\/funksjoner\/booking-oversikt\/"]}]},{"@type":"BreadcrumbList","@id":"https:\/\/staging3.dev.gibbs.no\/funksjoner\/booking-oversikt\/#breadcrumb","itemListElement":[{"@type":"ListItem","position":1,"name":"Home","item":"https:\/\/staging3.dev.gibbs.no\/"},{"@type":"ListItem","position":2,"name":"Funksjoner","item":"https:\/\/staging3.dev.gibbs.no\/funksjoner\/"},{"@type":"ListItem","position":3,"name":"Booking oversikt"}]},{"@type":"WebSite","@id":"https:\/\/staging3.dev.gibbs.no\/#website","url":"https:\/\/staging3.dev.gibbs.no\/","name":"Gibbs.no","description":"Bookingsystem - 1.Book 2.Betal 3.\u00c5pne","publisher":{"@id":"https:\/\/staging3.dev.gibbs.no\/#organization"},"potentialAction":[{"@type":"SearchAction","target":{"@type":"EntryPoint","urlTemplate":"https:\/\/staging3.dev.gibbs.no\/?s={search_term_string}"},"query-input":"required name=search_term_string"}],"inLanguage":"sv-SE"},{"@type":"Organization","@id":"https:\/\/staging3.dev.gibbs.no\/#organization","name":"Gibbs AS","url":"https:\/\/staging3.dev.gibbs.no\/","logo":{"@type":"ImageObject","inLanguage":"sv-SE","@id":"https:\/\/staging3.dev.gibbs.no\/#\/schema\/logo\/image\/","url":"https:\/\/www.gibbs.no\/wp-content\/uploads\/2023\/11\/Gibbs-bookingsystem-logo.png","contentUrl":"https:\/\/www.gibbs.no\/wp-content\/uploads\/2023\/11\/Gibbs-bookingsystem-logo.png","width":696,"height":696,"caption":"Gibbs AS"},"image":{"@id":"https:\/\/staging3.dev.gibbs.no\/#\/schema\/logo\/image\/"},"sameAs":["https:\/\/www.facebook.com\/GibbsNorge","https:\/\/www.linkedin.com\/company\/gibbsnorge"]}]}},"uagb_featured_image_src":{"full":false,"thumbnail":false,"medium":false,"medium_large":false,"large":false,"1536x1536":false,"2048x2048":false,"trp-custom-language-flag":false,"post-thumbnail":false,"listeo-avatar":false,"listeo-blog-post":false,"listeo-blog-related-post":false,"listeo-post-thumb":false,"listeo-gallery":false,"listeo-listing-grid":false,"listeo_core-avatar":false,"listeo_core-preview":false,"woocommerce_thumbnail":false,"woocommerce_single":false,"woocommerce_gallery_thumbnail":false},"uagb_author_info":{"display_name":"K Gibbs","author_link":"https:\/\/staging3.dev.gibbs.no\/sv\/author\/kamil-gryga94gmail-com\/"},"uagb_comment_info":0,"uagb_excerpt":"Med booking oversikt har utleiere full kontroll over alle bookinger uavhengig av status. Dette inkluderer bookinger som krever oppmerksomhet, venter p\u00e5 betaling, faktura, er betalt, avsl\u00e5tt eller utl\u00f8pt. Det er mulig \u00e5 s\u00f8ke og filtrere etter kunde- eller bookinginformasjon, samt endre hvilke kolonner som vises. Alle reservasjoner kan enkelt lastes ned som b\u00e5de CSV og&hellip;","_links":{"self":[{"href":"https:\/\/staging3.dev.gibbs.no\/sv\/wp-json\/wp\/v2\/pages\/15696","targetHints":{"allow":["GET"]}}],"collection":[{"href":"https:\/\/staging3.dev.gibbs.no\/sv\/wp-json\/wp\/v2\/pages"}],"about":[{"href":"https:\/\/staging3.dev.gibbs.no\/sv\/wp-json\/wp\/v2\/types\/page"}],"author":[{"embeddable":true,"href":"https:\/\/staging3.dev.gibbs.no\/sv\/wp-json\/wp\/v2\/users\/1"}],"replies":[{"embeddable":true,"href":"https:\/\/staging3.dev.gibbs.no\/sv\/wp-json\/wp\/v2\/comments?post=15696"}],"version-history":[{"count":2,"href":"https:\/\/staging3.dev.gibbs.no\/sv\/wp-json\/wp\/v2\/pages\/15696\/revisions"}],"predecessor-version":[{"id":17071,"href":"https:\/\/staging3.dev.gibbs.no\/sv\/wp-json\/wp\/v2\/pages\/15696\/revisions\/17071"}],"up":[{"embeddable":true,"href":"https:\/\/staging3.dev.gibbs.no\/sv\/wp-json\/wp\/v2\/pages\/15567"}],"wp:attachment":[{"href":"https:\/\/staging3.dev.gibbs.no\/sv\/wp-json\/wp\/v2\/media?parent=15696"}],"curies":[{"name":"wp","href":"https:\/\/api.w.org\/{rel}","templated":true}]}}