{"id":15675,"date":"2023-10-01T20:48:50","date_gmt":"2023-10-01T18:48:50","guid":{"rendered":"https:\/\/staging3.dev.gibbs.no\/?page_id=15675"},"modified":"2023-10-07T21:45:39","modified_gmt":"2023-10-07T19:45:39","slug":"administrasjonskalender","status":"publish","type":"page","link":"https:\/\/staging3.dev.gibbs.no\/sv\/funksjoner\/administrasjonskalender\/","title":{"rendered":"Administrationskalender"},"content":{"rendered":"<p>Administration av kalendern ger dig m\u00f6jlighet att enkelt hantera bokningarna och tillg\u00e4ngligheten f\u00f6r dina hyresr\u00e4tter. Detta inkluderar att l\u00e4gga till och ta bort bokningar, blockera \u00f6verenskomna tider eller tidsluckor, \u00e4ndra tillg\u00e4nglighet och f\u00e5 en \u00f6verblick \u00f6ver redan genomf\u00f6rda bokningar. Med administrationen av kalendern kan du planera i f\u00f6rv\u00e4g och se till att dina hyresfastigheter alltid \u00e4r redo att anv\u00e4ndas. Ut\u00f6ver dra-och-sl\u00e4pp-funktionen i kalendern kan du \u00e4ven \u00e4ndra kundinformation, hantera \u00e5terkommande bokningar, godk\u00e4nna eller avvisa bokningar och granska bokningar innan de godk\u00e4nns.<\/p>\n\n\n\n<figure class=\"wp-block-image size-large\"><img loading=\"lazy\" decoding=\"async\" width=\"1024\" height=\"415\" src=\"https:\/\/staging3.dev.gibbs.no\/wp-content\/uploads\/2023\/10\/admin-calendar-1024x415.png\" alt=\"\" class=\"wp-image-17059\" srcset=\"https:\/\/staging3.dev.gibbs.no\/wp-content\/uploads\/2023\/10\/admin-calendar-1024x415.png 1024w, https:\/\/staging3.dev.gibbs.no\/wp-content\/uploads\/2023\/10\/admin-calendar-300x122.png 300w, https:\/\/staging3.dev.gibbs.no\/wp-content\/uploads\/2023\/10\/admin-calendar-768x311.png 768w, https:\/\/staging3.dev.gibbs.no\/wp-content\/uploads\/2023\/10\/admin-calendar-1536x622.png 1536w, https:\/\/staging3.dev.gibbs.no\/wp-content\/uploads\/2023\/10\/admin-calendar-18x7.png 18w, https:\/\/staging3.dev.gibbs.no\/wp-content\/uploads\/2023\/10\/admin-calendar-590x239.png 590w, https:\/\/staging3.dev.gibbs.no\/wp-content\/uploads\/2023\/10\/admin-calendar-1200x486.png 1200w, https:\/\/staging3.dev.gibbs.no\/wp-content\/uploads\/2023\/10\/admin-calendar-577x234.png 577w, https:\/\/staging3.dev.gibbs.no\/wp-content\/uploads\/2023\/10\/admin-calendar-600x243.png 600w, https:\/\/staging3.dev.gibbs.no\/wp-content\/uploads\/2023\/10\/admin-calendar.png 1826w\" sizes=\"auto, (max-width: 1024px) 100vw, 1024px\" \/><\/figure>\n\n\n\n<p><img decoding=\"async\" style=\"\" src=\"https:\/\/gibbs-produkter.no\/wp-content\/uploads\/2023\/05\/adminkalender.png\" alt=\"\"><\/p>","protected":false},"excerpt":{"rendered":"<p>Administrasjon av kalenderen gir deg muligheten til enkelt \u00e5 h\u00e5ndtere bookingene og tilgjengeligheten til dine utleieobjekter. Dette inkluderer \u00e5 legge til og slette bookinger, blokkere avtalt tid eller tidsluker, endre tilgjengelighet, og f\u00e5 oversikt over allerede gjennomf\u00f8rte bookinger. Med administrasjon av kalenderen kan du planlegge fremover og sikre at utleieobjektene dine alltid er klare til [&hellip;]<\/p>","protected":false},"author":1,"featured_media":0,"parent":15567,"menu_order":0,"comment_status":"closed","ping_status":"closed","template":"page-template-popup.php","meta":{"inline_featured_image":false,"_uag_custom_page_level_css":"","footnotes":""},"class_list":["post-15675","page","type-page","status-publish","hentry"],"yoast_head":"<!-- This site is optimized with the Yoast SEO plugin v20.8 - https:\/\/yoast.com\/wordpress\/plugins\/seo\/ -->\n<title>Administrasjonskalender - Gibbs.no - Bookingsystem<\/title>\n<meta name=\"robots\" content=\"index, follow, max-snippet:-1, max-image-preview:large, max-video-preview:-1\" \/>\n<link rel=\"canonical\" href=\"https:\/\/staging3.dev.gibbs.no\/sv\/funksjoner\/administrasjonskalender\/\" \/>\n<meta property=\"og:locale\" content=\"sv_SE\" \/>\n<meta property=\"og:type\" content=\"article\" \/>\n<meta property=\"og:title\" content=\"Administrasjonskalender - Gibbs.no - Bookingsystem\" \/>\n<meta property=\"og:description\" content=\"Administrasjon av kalenderen gir deg muligheten til enkelt \u00e5 h\u00e5ndtere bookingene og tilgjengeligheten til dine utleieobjekter. Dette inkluderer \u00e5 legge til og slette bookinger, blokkere avtalt tid eller tidsluker, endre tilgjengelighet, og f\u00e5 oversikt over allerede gjennomf\u00f8rte bookinger. Med administrasjon av kalenderen kan du planlegge fremover og sikre at utleieobjektene dine alltid er klare til [&hellip;]\" \/>\n<meta property=\"og:url\" content=\"https:\/\/staging3.dev.gibbs.no\/sv\/funksjoner\/administrasjonskalender\/\" \/>\n<meta property=\"og:site_name\" content=\"Gibbs.no - Bookingsystem\" \/>\n<meta property=\"article:publisher\" content=\"https:\/\/www.facebook.com\/GibbsNorge\" \/>\n<meta property=\"article:modified_time\" content=\"2023-10-07T19:45:39+00:00\" \/>\n<meta property=\"og:image\" content=\"https:\/\/staging3.dev.gibbs.no\/wp-content\/uploads\/2023\/10\/admin-calendar-1024x415.png\" \/>\n<meta name=\"twitter:card\" content=\"summary_large_image\" \/>\n<script type=\"application\/ld+json\" class=\"yoast-schema-graph\">{\"@context\":\"https:\/\/schema.org\",\"@graph\":[{\"@type\":\"WebPage\",\"@id\":\"https:\/\/staging3.dev.gibbs.no\/funksjoner\/administrasjonskalender\/\",\"url\":\"https:\/\/staging3.dev.gibbs.no\/funksjoner\/administrasjonskalender\/\",\"name\":\"Administrasjonskalender - Gibbs.no - Bookingsystem\",\"isPartOf\":{\"@id\":\"https:\/\/staging3.dev.gibbs.no\/#website\"},\"datePublished\":\"2023-10-01T18:48:50+00:00\",\"dateModified\":\"2023-10-07T19:45:39+00:00\",\"breadcrumb\":{\"@id\":\"https:\/\/staging3.dev.gibbs.no\/funksjoner\/administrasjonskalender\/#breadcrumb\"},\"inLanguage\":\"sv-SE\",\"potentialAction\":[{\"@type\":\"ReadAction\",\"target\":[\"https:\/\/staging3.dev.gibbs.no\/funksjoner\/administrasjonskalender\/\"]}]},{\"@type\":\"BreadcrumbList\",\"@id\":\"https:\/\/staging3.dev.gibbs.no\/funksjoner\/administrasjonskalender\/#breadcrumb\",\"itemListElement\":[{\"@type\":\"ListItem\",\"position\":1,\"name\":\"Home\",\"item\":\"https:\/\/staging3.dev.gibbs.no\/\"},{\"@type\":\"ListItem\",\"position\":2,\"name\":\"Funksjoner\",\"item\":\"https:\/\/staging3.dev.gibbs.no\/funksjoner\/\"},{\"@type\":\"ListItem\",\"position\":3,\"name\":\"Administrasjonskalender\"}]},{\"@type\":\"WebSite\",\"@id\":\"https:\/\/staging3.dev.gibbs.no\/#website\",\"url\":\"https:\/\/staging3.dev.gibbs.no\/\",\"name\":\"Gibbs.no\",\"description\":\"Bookingsystem - 1.Book 2.Betal 3.\u00c5pne\",\"publisher\":{\"@id\":\"https:\/\/staging3.dev.gibbs.no\/#organization\"},\"potentialAction\":[{\"@type\":\"SearchAction\",\"target\":{\"@type\":\"EntryPoint\",\"urlTemplate\":\"https:\/\/staging3.dev.gibbs.no\/?s={search_term_string}\"},\"query-input\":\"required name=search_term_string\"}],\"inLanguage\":\"sv-SE\"},{\"@type\":\"Organization\",\"@id\":\"https:\/\/staging3.dev.gibbs.no\/#organization\",\"name\":\"Gibbs AS\",\"url\":\"https:\/\/staging3.dev.gibbs.no\/\",\"logo\":{\"@type\":\"ImageObject\",\"inLanguage\":\"sv-SE\",\"@id\":\"https:\/\/staging3.dev.gibbs.no\/#\/schema\/logo\/image\/\",\"url\":\"https:\/\/www.gibbs.no\/wp-content\/uploads\/2023\/11\/Gibbs-bookingsystem-logo.png\",\"contentUrl\":\"https:\/\/www.gibbs.no\/wp-content\/uploads\/2023\/11\/Gibbs-bookingsystem-logo.png\",\"width\":696,\"height\":696,\"caption\":\"Gibbs AS\"},\"image\":{\"@id\":\"https:\/\/staging3.dev.gibbs.no\/#\/schema\/logo\/image\/\"},\"sameAs\":[\"https:\/\/www.facebook.com\/GibbsNorge\",\"https:\/\/www.linkedin.com\/company\/gibbsnorge\"]}]}<\/script>\n<!-- \/ Yoast SEO plugin. -->","yoast_head_json":{"title":"Administrasjonskalender - Gibbs.no - Bookingsystem","robots":{"index":"index","follow":"follow","max-snippet":"max-snippet:-1","max-image-preview":"max-image-preview:large","max-video-preview":"max-video-preview:-1"},"canonical":"https:\/\/staging3.dev.gibbs.no\/sv\/funksjoner\/administrasjonskalender\/","og_locale":"sv_SE","og_type":"article","og_title":"Administrasjonskalender - Gibbs.no - Bookingsystem","og_description":"Administrasjon av kalenderen gir deg muligheten til enkelt \u00e5 h\u00e5ndtere bookingene og tilgjengeligheten til dine utleieobjekter. Dette inkluderer \u00e5 legge til og slette bookinger, blokkere avtalt tid eller tidsluker, endre tilgjengelighet, og f\u00e5 oversikt over allerede gjennomf\u00f8rte bookinger. Med administrasjon av kalenderen kan du planlegge fremover og sikre at utleieobjektene dine alltid er klare til [&hellip;]","og_url":"https:\/\/staging3.dev.gibbs.no\/sv\/funksjoner\/administrasjonskalender\/","og_site_name":"Gibbs.no - Bookingsystem","article_publisher":"https:\/\/www.facebook.com\/GibbsNorge","article_modified_time":"2023-10-07T19:45:39+00:00","og_image":[{"url":"https:\/\/staging3.dev.gibbs.no\/wp-content\/uploads\/2023\/10\/admin-calendar-1024x415.png"}],"twitter_card":"summary_large_image","schema":{"@context":"https:\/\/schema.org","@graph":[{"@type":"WebPage","@id":"https:\/\/staging3.dev.gibbs.no\/funksjoner\/administrasjonskalender\/","url":"https:\/\/staging3.dev.gibbs.no\/funksjoner\/administrasjonskalender\/","name":"Administrasjonskalender - Gibbs.no - Bookingsystem","isPartOf":{"@id":"https:\/\/staging3.dev.gibbs.no\/#website"},"datePublished":"2023-10-01T18:48:50+00:00","dateModified":"2023-10-07T19:45:39+00:00","breadcrumb":{"@id":"https:\/\/staging3.dev.gibbs.no\/funksjoner\/administrasjonskalender\/#breadcrumb"},"inLanguage":"sv-SE","potentialAction":[{"@type":"ReadAction","target":["https:\/\/staging3.dev.gibbs.no\/funksjoner\/administrasjonskalender\/"]}]},{"@type":"BreadcrumbList","@id":"https:\/\/staging3.dev.gibbs.no\/funksjoner\/administrasjonskalender\/#breadcrumb","itemListElement":[{"@type":"ListItem","position":1,"name":"Home","item":"https:\/\/staging3.dev.gibbs.no\/"},{"@type":"ListItem","position":2,"name":"Funksjoner","item":"https:\/\/staging3.dev.gibbs.no\/funksjoner\/"},{"@type":"ListItem","position":3,"name":"Administrasjonskalender"}]},{"@type":"WebSite","@id":"https:\/\/staging3.dev.gibbs.no\/#website","url":"https:\/\/staging3.dev.gibbs.no\/","name":"Gibbs.no","description":"Bookingsystem - 1.Book 2.Betal 3.\u00c5pne","publisher":{"@id":"https:\/\/staging3.dev.gibbs.no\/#organization"},"potentialAction":[{"@type":"SearchAction","target":{"@type":"EntryPoint","urlTemplate":"https:\/\/staging3.dev.gibbs.no\/?s={search_term_string}"},"query-input":"required name=search_term_string"}],"inLanguage":"sv-SE"},{"@type":"Organization","@id":"https:\/\/staging3.dev.gibbs.no\/#organization","name":"Gibbs AS","url":"https:\/\/staging3.dev.gibbs.no\/","logo":{"@type":"ImageObject","inLanguage":"sv-SE","@id":"https:\/\/staging3.dev.gibbs.no\/#\/schema\/logo\/image\/","url":"https:\/\/www.gibbs.no\/wp-content\/uploads\/2023\/11\/Gibbs-bookingsystem-logo.png","contentUrl":"https:\/\/www.gibbs.no\/wp-content\/uploads\/2023\/11\/Gibbs-bookingsystem-logo.png","width":696,"height":696,"caption":"Gibbs AS"},"image":{"@id":"https:\/\/staging3.dev.gibbs.no\/#\/schema\/logo\/image\/"},"sameAs":["https:\/\/www.facebook.com\/GibbsNorge","https:\/\/www.linkedin.com\/company\/gibbsnorge"]}]}},"uagb_featured_image_src":{"full":false,"thumbnail":false,"medium":false,"medium_large":false,"large":false,"1536x1536":false,"2048x2048":false,"trp-custom-language-flag":false,"post-thumbnail":false,"listeo-avatar":false,"listeo-blog-post":false,"listeo-blog-related-post":false,"listeo-post-thumb":false,"listeo-gallery":false,"listeo-listing-grid":false,"listeo_core-avatar":false,"listeo_core-preview":false,"woocommerce_thumbnail":false,"woocommerce_single":false,"woocommerce_gallery_thumbnail":false},"uagb_author_info":{"display_name":"K Gibbs","author_link":"https:\/\/staging3.dev.gibbs.no\/sv\/author\/kamil-gryga94gmail-com\/"},"uagb_comment_info":0,"uagb_excerpt":"Administrasjon av kalenderen gir deg muligheten til enkelt \u00e5 h\u00e5ndtere bookingene og tilgjengeligheten til dine utleieobjekter. Dette inkluderer \u00e5 legge til og slette bookinger, blokkere avtalt tid eller tidsluker, endre tilgjengelighet, og f\u00e5 oversikt over allerede gjennomf\u00f8rte bookinger. Med administrasjon av kalenderen kan du planlegge fremover og sikre at utleieobjektene dine alltid er klare til&hellip;","_links":{"self":[{"href":"https:\/\/staging3.dev.gibbs.no\/sv\/wp-json\/wp\/v2\/pages\/15675","targetHints":{"allow":["GET"]}}],"collection":[{"href":"https:\/\/staging3.dev.gibbs.no\/sv\/wp-json\/wp\/v2\/pages"}],"about":[{"href":"https:\/\/staging3.dev.gibbs.no\/sv\/wp-json\/wp\/v2\/types\/page"}],"author":[{"embeddable":true,"href":"https:\/\/staging3.dev.gibbs.no\/sv\/wp-json\/wp\/v2\/users\/1"}],"replies":[{"embeddable":true,"href":"https:\/\/staging3.dev.gibbs.no\/sv\/wp-json\/wp\/v2\/comments?post=15675"}],"version-history":[{"count":3,"href":"https:\/\/staging3.dev.gibbs.no\/sv\/wp-json\/wp\/v2\/pages\/15675\/revisions"}],"predecessor-version":[{"id":17061,"href":"https:\/\/staging3.dev.gibbs.no\/sv\/wp-json\/wp\/v2\/pages\/15675\/revisions\/17061"}],"up":[{"embeddable":true,"href":"https:\/\/staging3.dev.gibbs.no\/sv\/wp-json\/wp\/v2\/pages\/15567"}],"wp:attachment":[{"href":"https:\/\/staging3.dev.gibbs.no\/sv\/wp-json\/wp\/v2\/media?parent=15675"}],"curies":[{"name":"wp","href":"https:\/\/api.w.org\/{rel}","templated":true}]}}