{"id":15761,"date":"2023-10-02T13:19:07","date_gmt":"2023-10-02T11:19:07","guid":{"rendered":"https:\/\/staging3.dev.gibbs.no\/?page_id=15761"},"modified":"2023-10-07T21:23:35","modified_gmt":"2023-10-07T19:23:35","slug":"utleie-pris-typer","status":"publish","type":"page","link":"https:\/\/staging3.dev.gibbs.no\/en\/funksjoner\/utleie-pris-typer\/","title":{"rendered":"Rental price types"},"content":{"rendered":"<p>The landlord can adjust prices based on several factors such as hourly price, daily price, weekend price, time slot price, target group, coupon and extra services. This means that landlords can offer different prices based on which time period is chosen, whether the tenant belongs to a specific target group, and whether there are additional services that are desired in addition to the rental object. The prices are calculated automatically by the system and shown to the tenant in the booking process and the landlord gets a full overview of the booking.<\/p>\n\n\n\n<figure class=\"wp-block-image size-full\"><img loading=\"lazy\" decoding=\"async\" width=\"915\" height=\"573\" src=\"https:\/\/staging3.dev.gibbs.no\/wp-content\/uploads\/2023\/10\/prising.png\" alt=\"\" class=\"wp-image-17006\" srcset=\"https:\/\/staging3.dev.gibbs.no\/wp-content\/uploads\/2023\/10\/prising.png 915w, https:\/\/staging3.dev.gibbs.no\/wp-content\/uploads\/2023\/10\/prising-300x188.png 300w, https:\/\/staging3.dev.gibbs.no\/wp-content\/uploads\/2023\/10\/prising-768x481.png 768w, https:\/\/staging3.dev.gibbs.no\/wp-content\/uploads\/2023\/10\/prising-18x12.png 18w, https:\/\/staging3.dev.gibbs.no\/wp-content\/uploads\/2023\/10\/prising-590x369.png 590w, https:\/\/staging3.dev.gibbs.no\/wp-content\/uploads\/2023\/10\/prising-577x361.png 577w, https:\/\/staging3.dev.gibbs.no\/wp-content\/uploads\/2023\/10\/prising-600x376.png 600w\" sizes=\"auto, (max-width: 915px) 100vw, 915px\" \/><\/figure>","protected":false},"excerpt":{"rendered":"<p>Utleier kan tilpasse priser basert p\u00e5 flere faktorer som time pris, dags pris, helg pris, tidsluke pris, m\u00e5lgruppe, kupong og ekstra tjenester. Dette betyr at utleiere kan tilby forskjellige priser basert p\u00e5 hvilken tidsperiode som velges, om leietakeren tilh\u00f8rer en spesifikk m\u00e5lgruppe, og om det er ekstra tjenester som \u00f8nskes i tillegg til utleieobjektet. Prisene [&hellip;]<\/p>","protected":false},"author":1,"featured_media":0,"parent":15567,"menu_order":0,"comment_status":"closed","ping_status":"closed","template":"page-template-popup.php","meta":{"inline_featured_image":false,"_uag_custom_page_level_css":"","footnotes":""},"class_list":["post-15761","page","type-page","status-publish","hentry"],"yoast_head":"<!-- This site is optimized with the Yoast SEO plugin v20.8 - https:\/\/yoast.com\/wordpress\/plugins\/seo\/ -->\n<title>Utleie pris typer - Gibbs.no - Bookingsystem<\/title>\n<meta name=\"robots\" content=\"index, follow, max-snippet:-1, max-image-preview:large, max-video-preview:-1\" \/>\n<link rel=\"canonical\" href=\"https:\/\/staging3.dev.gibbs.no\/en\/funksjoner\/utleie-pris-typer\/\" \/>\n<meta property=\"og:locale\" content=\"en_US\" \/>\n<meta property=\"og:type\" content=\"article\" \/>\n<meta property=\"og:title\" content=\"Utleie pris typer - Gibbs.no - Bookingsystem\" \/>\n<meta property=\"og:description\" content=\"Utleier kan tilpasse priser basert p\u00e5 flere faktorer som time pris, dags pris, helg pris, tidsluke pris, m\u00e5lgruppe, kupong og ekstra tjenester. Dette betyr at utleiere kan tilby forskjellige priser basert p\u00e5 hvilken tidsperiode som velges, om leietakeren tilh\u00f8rer en spesifikk m\u00e5lgruppe, og om det er ekstra tjenester som \u00f8nskes i tillegg til utleieobjektet. Prisene [&hellip;]\" \/>\n<meta property=\"og:url\" content=\"https:\/\/staging3.dev.gibbs.no\/en\/funksjoner\/utleie-pris-typer\/\" \/>\n<meta property=\"og:site_name\" content=\"Gibbs.no - Bookingsystem\" \/>\n<meta property=\"article:publisher\" content=\"https:\/\/www.facebook.com\/GibbsNorge\" \/>\n<meta property=\"article:modified_time\" content=\"2023-10-07T19:23:35+00:00\" \/>\n<meta property=\"og:image\" content=\"https:\/\/staging3.dev.gibbs.no\/wp-content\/uploads\/2023\/10\/prising.png\" \/>\n<meta name=\"twitter:card\" content=\"summary_large_image\" \/>\n<script type=\"application\/ld+json\" class=\"yoast-schema-graph\">{\"@context\":\"https:\/\/schema.org\",\"@graph\":[{\"@type\":\"WebPage\",\"@id\":\"https:\/\/staging3.dev.gibbs.no\/funksjoner\/utleie-pris-typer\/\",\"url\":\"https:\/\/staging3.dev.gibbs.no\/funksjoner\/utleie-pris-typer\/\",\"name\":\"Utleie pris typer - Gibbs.no - Bookingsystem\",\"isPartOf\":{\"@id\":\"https:\/\/staging3.dev.gibbs.no\/#website\"},\"datePublished\":\"2023-10-02T11:19:07+00:00\",\"dateModified\":\"2023-10-07T19:23:35+00:00\",\"breadcrumb\":{\"@id\":\"https:\/\/staging3.dev.gibbs.no\/funksjoner\/utleie-pris-typer\/#breadcrumb\"},\"inLanguage\":\"en-US\",\"potentialAction\":[{\"@type\":\"ReadAction\",\"target\":[\"https:\/\/staging3.dev.gibbs.no\/funksjoner\/utleie-pris-typer\/\"]}]},{\"@type\":\"BreadcrumbList\",\"@id\":\"https:\/\/staging3.dev.gibbs.no\/funksjoner\/utleie-pris-typer\/#breadcrumb\",\"itemListElement\":[{\"@type\":\"ListItem\",\"position\":1,\"name\":\"Home\",\"item\":\"https:\/\/staging3.dev.gibbs.no\/\"},{\"@type\":\"ListItem\",\"position\":2,\"name\":\"Funksjoner\",\"item\":\"https:\/\/staging3.dev.gibbs.no\/funksjoner\/\"},{\"@type\":\"ListItem\",\"position\":3,\"name\":\"Utleie pris typer\"}]},{\"@type\":\"WebSite\",\"@id\":\"https:\/\/staging3.dev.gibbs.no\/#website\",\"url\":\"https:\/\/staging3.dev.gibbs.no\/\",\"name\":\"Gibbs.no\",\"description\":\"Bookingsystem - 1.Book 2.Betal 3.\u00c5pne\",\"publisher\":{\"@id\":\"https:\/\/staging3.dev.gibbs.no\/#organization\"},\"potentialAction\":[{\"@type\":\"SearchAction\",\"target\":{\"@type\":\"EntryPoint\",\"urlTemplate\":\"https:\/\/staging3.dev.gibbs.no\/?s={search_term_string}\"},\"query-input\":\"required name=search_term_string\"}],\"inLanguage\":\"en-US\"},{\"@type\":\"Organization\",\"@id\":\"https:\/\/staging3.dev.gibbs.no\/#organization\",\"name\":\"Gibbs AS\",\"url\":\"https:\/\/staging3.dev.gibbs.no\/\",\"logo\":{\"@type\":\"ImageObject\",\"inLanguage\":\"en-US\",\"@id\":\"https:\/\/staging3.dev.gibbs.no\/#\/schema\/logo\/image\/\",\"url\":\"https:\/\/www.gibbs.no\/wp-content\/uploads\/2023\/11\/Gibbs-bookingsystem-logo.png\",\"contentUrl\":\"https:\/\/www.gibbs.no\/wp-content\/uploads\/2023\/11\/Gibbs-bookingsystem-logo.png\",\"width\":696,\"height\":696,\"caption\":\"Gibbs AS\"},\"image\":{\"@id\":\"https:\/\/staging3.dev.gibbs.no\/#\/schema\/logo\/image\/\"},\"sameAs\":[\"https:\/\/www.facebook.com\/GibbsNorge\",\"https:\/\/www.linkedin.com\/company\/gibbsnorge\"]}]}<\/script>\n<!-- \/ Yoast SEO plugin. -->","yoast_head_json":{"title":"Utleie pris typer - Gibbs.no - Bookingsystem","robots":{"index":"index","follow":"follow","max-snippet":"max-snippet:-1","max-image-preview":"max-image-preview:large","max-video-preview":"max-video-preview:-1"},"canonical":"https:\/\/staging3.dev.gibbs.no\/en\/funksjoner\/utleie-pris-typer\/","og_locale":"en_US","og_type":"article","og_title":"Utleie pris typer - Gibbs.no - Bookingsystem","og_description":"Utleier kan tilpasse priser basert p\u00e5 flere faktorer som time pris, dags pris, helg pris, tidsluke pris, m\u00e5lgruppe, kupong og ekstra tjenester. Dette betyr at utleiere kan tilby forskjellige priser basert p\u00e5 hvilken tidsperiode som velges, om leietakeren tilh\u00f8rer en spesifikk m\u00e5lgruppe, og om det er ekstra tjenester som \u00f8nskes i tillegg til utleieobjektet. Prisene [&hellip;]","og_url":"https:\/\/staging3.dev.gibbs.no\/en\/funksjoner\/utleie-pris-typer\/","og_site_name":"Gibbs.no - Bookingsystem","article_publisher":"https:\/\/www.facebook.com\/GibbsNorge","article_modified_time":"2023-10-07T19:23:35+00:00","og_image":[{"url":"https:\/\/staging3.dev.gibbs.no\/wp-content\/uploads\/2023\/10\/prising.png"}],"twitter_card":"summary_large_image","schema":{"@context":"https:\/\/schema.org","@graph":[{"@type":"WebPage","@id":"https:\/\/staging3.dev.gibbs.no\/funksjoner\/utleie-pris-typer\/","url":"https:\/\/staging3.dev.gibbs.no\/funksjoner\/utleie-pris-typer\/","name":"Utleie pris typer - Gibbs.no - Bookingsystem","isPartOf":{"@id":"https:\/\/staging3.dev.gibbs.no\/#website"},"datePublished":"2023-10-02T11:19:07+00:00","dateModified":"2023-10-07T19:23:35+00:00","breadcrumb":{"@id":"https:\/\/staging3.dev.gibbs.no\/funksjoner\/utleie-pris-typer\/#breadcrumb"},"inLanguage":"en-US","potentialAction":[{"@type":"ReadAction","target":["https:\/\/staging3.dev.gibbs.no\/funksjoner\/utleie-pris-typer\/"]}]},{"@type":"BreadcrumbList","@id":"https:\/\/staging3.dev.gibbs.no\/funksjoner\/utleie-pris-typer\/#breadcrumb","itemListElement":[{"@type":"ListItem","position":1,"name":"Home","item":"https:\/\/staging3.dev.gibbs.no\/"},{"@type":"ListItem","position":2,"name":"Funksjoner","item":"https:\/\/staging3.dev.gibbs.no\/funksjoner\/"},{"@type":"ListItem","position":3,"name":"Utleie pris typer"}]},{"@type":"WebSite","@id":"https:\/\/staging3.dev.gibbs.no\/#website","url":"https:\/\/staging3.dev.gibbs.no\/","name":"Gibbs.no","description":"Bookingsystem - 1.Book 2.Betal 3.\u00c5pne","publisher":{"@id":"https:\/\/staging3.dev.gibbs.no\/#organization"},"potentialAction":[{"@type":"SearchAction","target":{"@type":"EntryPoint","urlTemplate":"https:\/\/staging3.dev.gibbs.no\/?s={search_term_string}"},"query-input":"required name=search_term_string"}],"inLanguage":"en-US"},{"@type":"Organization","@id":"https:\/\/staging3.dev.gibbs.no\/#organization","name":"Gibbs AS","url":"https:\/\/staging3.dev.gibbs.no\/","logo":{"@type":"ImageObject","inLanguage":"en-US","@id":"https:\/\/staging3.dev.gibbs.no\/#\/schema\/logo\/image\/","url":"https:\/\/www.gibbs.no\/wp-content\/uploads\/2023\/11\/Gibbs-bookingsystem-logo.png","contentUrl":"https:\/\/www.gibbs.no\/wp-content\/uploads\/2023\/11\/Gibbs-bookingsystem-logo.png","width":696,"height":696,"caption":"Gibbs AS"},"image":{"@id":"https:\/\/staging3.dev.gibbs.no\/#\/schema\/logo\/image\/"},"sameAs":["https:\/\/www.facebook.com\/GibbsNorge","https:\/\/www.linkedin.com\/company\/gibbsnorge"]}]}},"uagb_featured_image_src":{"full":false,"thumbnail":false,"medium":false,"medium_large":false,"large":false,"1536x1536":false,"2048x2048":false,"trp-custom-language-flag":false,"post-thumbnail":false,"listeo-avatar":false,"listeo-blog-post":false,"listeo-blog-related-post":false,"listeo-post-thumb":false,"listeo-gallery":false,"listeo-listing-grid":false,"listeo_core-avatar":false,"listeo_core-preview":false,"woocommerce_thumbnail":false,"woocommerce_single":false,"woocommerce_gallery_thumbnail":false},"uagb_author_info":{"display_name":"K Gibbs","author_link":"https:\/\/staging3.dev.gibbs.no\/en\/author\/kamil-gryga94gmail-com\/"},"uagb_comment_info":0,"uagb_excerpt":"Utleier kan tilpasse priser basert p\u00e5 flere faktorer som time pris, dags pris, helg pris, tidsluke pris, m\u00e5lgruppe, kupong og ekstra tjenester. Dette betyr at utleiere kan tilby forskjellige priser basert p\u00e5 hvilken tidsperiode som velges, om leietakeren tilh\u00f8rer en spesifikk m\u00e5lgruppe, og om det er ekstra tjenester som \u00f8nskes i tillegg til utleieobjektet. Prisene&hellip;","_links":{"self":[{"href":"https:\/\/staging3.dev.gibbs.no\/en\/wp-json\/wp\/v2\/pages\/15761","targetHints":{"allow":["GET"]}}],"collection":[{"href":"https:\/\/staging3.dev.gibbs.no\/en\/wp-json\/wp\/v2\/pages"}],"about":[{"href":"https:\/\/staging3.dev.gibbs.no\/en\/wp-json\/wp\/v2\/types\/page"}],"author":[{"embeddable":true,"href":"https:\/\/staging3.dev.gibbs.no\/en\/wp-json\/wp\/v2\/users\/1"}],"replies":[{"embeddable":true,"href":"https:\/\/staging3.dev.gibbs.no\/en\/wp-json\/wp\/v2\/comments?post=15761"}],"version-history":[{"count":2,"href":"https:\/\/staging3.dev.gibbs.no\/en\/wp-json\/wp\/v2\/pages\/15761\/revisions"}],"predecessor-version":[{"id":17025,"href":"https:\/\/staging3.dev.gibbs.no\/en\/wp-json\/wp\/v2\/pages\/15761\/revisions\/17025"}],"up":[{"embeddable":true,"href":"https:\/\/staging3.dev.gibbs.no\/en\/wp-json\/wp\/v2\/pages\/15567"}],"wp:attachment":[{"href":"https:\/\/staging3.dev.gibbs.no\/en\/wp-json\/wp\/v2\/media?parent=15761"}],"curies":[{"name":"wp","href":"https:\/\/api.w.org\/{rel}","templated":true}]}}