{"id":15753,"date":"2023-10-02T13:15:02","date_gmt":"2023-10-02T11:15:02","guid":{"rendered":"https:\/\/staging3.dev.gibbs.no\/?page_id=15753"},"modified":"2023-10-07T21:30:22","modified_gmt":"2023-10-07T19:30:22","slug":"synlighet","status":"publish","type":"page","link":"https:\/\/staging3.dev.gibbs.no\/en\/funksjoner\/synlighet\/","title":{"rendered":"Visibility"},"content":{"rendered":"<p>You can choose whether your rental property should only be visible to your private group or publicly to everyone on gibbs.no. PS. remember that by having your rental properties public, you will be able to reach more potential tenants \ud83d\ude42<\/p>\n\n\n\n<p>You can also enter your own keywords for each rental object to optimize for search engines.<\/p>\n\n\n\n<figure class=\"wp-block-image size-large\"><img loading=\"lazy\" decoding=\"async\" width=\"790\" height=\"1024\" src=\"https:\/\/staging3.dev.gibbs.no\/wp-content\/uploads\/2023\/10\/synlighet-1-790x1024.png\" alt=\"\" class=\"wp-image-17036\" srcset=\"https:\/\/staging3.dev.gibbs.no\/wp-content\/uploads\/2023\/10\/synlighet-1-790x1024.png 790w, https:\/\/staging3.dev.gibbs.no\/wp-content\/uploads\/2023\/10\/synlighet-1-231x300.png 231w, https:\/\/staging3.dev.gibbs.no\/wp-content\/uploads\/2023\/10\/synlighet-1-768x995.png 768w, https:\/\/staging3.dev.gibbs.no\/wp-content\/uploads\/2023\/10\/synlighet-1-9x12.png 9w, https:\/\/staging3.dev.gibbs.no\/wp-content\/uploads\/2023\/10\/synlighet-1-455x590.png 455w, https:\/\/staging3.dev.gibbs.no\/wp-content\/uploads\/2023\/10\/synlighet-1-517x670.png 517w, https:\/\/staging3.dev.gibbs.no\/wp-content\/uploads\/2023\/10\/synlighet-1-577x748.png 577w, https:\/\/staging3.dev.gibbs.no\/wp-content\/uploads\/2023\/10\/synlighet-1-600x778.png 600w, https:\/\/staging3.dev.gibbs.no\/wp-content\/uploads\/2023\/10\/synlighet-1.png 912w\" sizes=\"auto, (max-width: 790px) 100vw, 790px\" \/><\/figure>\n\n\n\n<figure class=\"wp-block-image size-full\"><img loading=\"lazy\" decoding=\"async\" width=\"924\" height=\"289\" src=\"https:\/\/staging3.dev.gibbs.no\/wp-content\/uploads\/2023\/10\/synlighet-internbooking-1.png\" alt=\"\" class=\"wp-image-17035\" srcset=\"https:\/\/staging3.dev.gibbs.no\/wp-content\/uploads\/2023\/10\/synlighet-internbooking-1.png 924w, https:\/\/staging3.dev.gibbs.no\/wp-content\/uploads\/2023\/10\/synlighet-internbooking-1-300x94.png 300w, https:\/\/staging3.dev.gibbs.no\/wp-content\/uploads\/2023\/10\/synlighet-internbooking-1-768x240.png 768w, https:\/\/staging3.dev.gibbs.no\/wp-content\/uploads\/2023\/10\/synlighet-internbooking-1-18x6.png 18w, https:\/\/staging3.dev.gibbs.no\/wp-content\/uploads\/2023\/10\/synlighet-internbooking-1-590x185.png 590w, https:\/\/staging3.dev.gibbs.no\/wp-content\/uploads\/2023\/10\/synlighet-internbooking-1-577x180.png 577w, https:\/\/staging3.dev.gibbs.no\/wp-content\/uploads\/2023\/10\/synlighet-internbooking-1-600x188.png 600w\" sizes=\"auto, (max-width: 924px) 100vw, 924px\" \/><\/figure>","protected":false},"excerpt":{"rendered":"<p>Du kan velge om dine utleieobjekt skal kun v\u00e6re synlig til din private gruppe eller offentlig for alle p\u00e5 gibbs.no. PS. husk at ved \u00e5 ha dine utleieobjekt offentlig, s\u00e5 vil du kunne n\u00e5 flere potensielle leietakere \ud83d\ude42 Du kan ogs\u00e5 legge inn egne s\u00f8keord for hvert utleieobjekt for \u00e5 optimalisere for s\u00f8kemotorer.<\/p>","protected":false},"author":1,"featured_media":0,"parent":15567,"menu_order":0,"comment_status":"closed","ping_status":"closed","template":"page-template-popup.php","meta":{"inline_featured_image":false,"_uag_custom_page_level_css":"","footnotes":""},"class_list":["post-15753","page","type-page","status-publish","hentry"],"yoast_head":"<!-- This site is optimized with the Yoast SEO plugin v20.8 - https:\/\/yoast.com\/wordpress\/plugins\/seo\/ -->\n<title>Synlighet - Gibbs.no - Bookingsystem<\/title>\n<meta name=\"robots\" content=\"index, follow, max-snippet:-1, max-image-preview:large, max-video-preview:-1\" \/>\n<link rel=\"canonical\" href=\"https:\/\/staging3.dev.gibbs.no\/en\/funksjoner\/synlighet\/\" \/>\n<meta property=\"og:locale\" content=\"en_US\" \/>\n<meta property=\"og:type\" content=\"article\" \/>\n<meta property=\"og:title\" content=\"Synlighet - Gibbs.no - Bookingsystem\" \/>\n<meta property=\"og:description\" content=\"Du kan velge om dine utleieobjekt skal kun v\u00e6re synlig til din private gruppe eller offentlig for alle p\u00e5 gibbs.no. PS. husk at ved \u00e5 ha dine utleieobjekt offentlig, s\u00e5 vil du kunne n\u00e5 flere potensielle leietakere \ud83d\ude42 Du kan ogs\u00e5 legge inn egne s\u00f8keord for hvert utleieobjekt for \u00e5 optimalisere for s\u00f8kemotorer.\" \/>\n<meta property=\"og:url\" content=\"https:\/\/staging3.dev.gibbs.no\/en\/funksjoner\/synlighet\/\" \/>\n<meta property=\"og:site_name\" content=\"Gibbs.no - Bookingsystem\" \/>\n<meta property=\"article:publisher\" content=\"https:\/\/www.facebook.com\/GibbsNorge\" \/>\n<meta property=\"article:modified_time\" content=\"2023-10-07T19:30:22+00:00\" \/>\n<meta property=\"og:image\" content=\"https:\/\/staging3.dev.gibbs.no\/wp-content\/uploads\/2023\/10\/synlighet-1-790x1024.png\" \/>\n<meta name=\"twitter:card\" content=\"summary_large_image\" \/>\n<script type=\"application\/ld+json\" class=\"yoast-schema-graph\">{\"@context\":\"https:\/\/schema.org\",\"@graph\":[{\"@type\":\"WebPage\",\"@id\":\"https:\/\/staging3.dev.gibbs.no\/funksjoner\/synlighet\/\",\"url\":\"https:\/\/staging3.dev.gibbs.no\/funksjoner\/synlighet\/\",\"name\":\"Synlighet - Gibbs.no - Bookingsystem\",\"isPartOf\":{\"@id\":\"https:\/\/staging3.dev.gibbs.no\/#website\"},\"datePublished\":\"2023-10-02T11:15:02+00:00\",\"dateModified\":\"2023-10-07T19:30:22+00:00\",\"breadcrumb\":{\"@id\":\"https:\/\/staging3.dev.gibbs.no\/funksjoner\/synlighet\/#breadcrumb\"},\"inLanguage\":\"en-US\",\"potentialAction\":[{\"@type\":\"ReadAction\",\"target\":[\"https:\/\/staging3.dev.gibbs.no\/funksjoner\/synlighet\/\"]}]},{\"@type\":\"BreadcrumbList\",\"@id\":\"https:\/\/staging3.dev.gibbs.no\/funksjoner\/synlighet\/#breadcrumb\",\"itemListElement\":[{\"@type\":\"ListItem\",\"position\":1,\"name\":\"Home\",\"item\":\"https:\/\/staging3.dev.gibbs.no\/\"},{\"@type\":\"ListItem\",\"position\":2,\"name\":\"Funksjoner\",\"item\":\"https:\/\/staging3.dev.gibbs.no\/funksjoner\/\"},{\"@type\":\"ListItem\",\"position\":3,\"name\":\"Synlighet\"}]},{\"@type\":\"WebSite\",\"@id\":\"https:\/\/staging3.dev.gibbs.no\/#website\",\"url\":\"https:\/\/staging3.dev.gibbs.no\/\",\"name\":\"Gibbs.no\",\"description\":\"Bookingsystem - 1.Book 2.Betal 3.\u00c5pne\",\"publisher\":{\"@id\":\"https:\/\/staging3.dev.gibbs.no\/#organization\"},\"potentialAction\":[{\"@type\":\"SearchAction\",\"target\":{\"@type\":\"EntryPoint\",\"urlTemplate\":\"https:\/\/staging3.dev.gibbs.no\/?s={search_term_string}\"},\"query-input\":\"required name=search_term_string\"}],\"inLanguage\":\"en-US\"},{\"@type\":\"Organization\",\"@id\":\"https:\/\/staging3.dev.gibbs.no\/#organization\",\"name\":\"Gibbs AS\",\"url\":\"https:\/\/staging3.dev.gibbs.no\/\",\"logo\":{\"@type\":\"ImageObject\",\"inLanguage\":\"en-US\",\"@id\":\"https:\/\/staging3.dev.gibbs.no\/#\/schema\/logo\/image\/\",\"url\":\"https:\/\/www.gibbs.no\/wp-content\/uploads\/2023\/11\/Gibbs-bookingsystem-logo.png\",\"contentUrl\":\"https:\/\/www.gibbs.no\/wp-content\/uploads\/2023\/11\/Gibbs-bookingsystem-logo.png\",\"width\":696,\"height\":696,\"caption\":\"Gibbs AS\"},\"image\":{\"@id\":\"https:\/\/staging3.dev.gibbs.no\/#\/schema\/logo\/image\/\"},\"sameAs\":[\"https:\/\/www.facebook.com\/GibbsNorge\",\"https:\/\/www.linkedin.com\/company\/gibbsnorge\"]}]}<\/script>\n<!-- \/ Yoast SEO plugin. -->","yoast_head_json":{"title":"Synlighet - Gibbs.no - Bookingsystem","robots":{"index":"index","follow":"follow","max-snippet":"max-snippet:-1","max-image-preview":"max-image-preview:large","max-video-preview":"max-video-preview:-1"},"canonical":"https:\/\/staging3.dev.gibbs.no\/en\/funksjoner\/synlighet\/","og_locale":"en_US","og_type":"article","og_title":"Synlighet - Gibbs.no - Bookingsystem","og_description":"Du kan velge om dine utleieobjekt skal kun v\u00e6re synlig til din private gruppe eller offentlig for alle p\u00e5 gibbs.no. PS. husk at ved \u00e5 ha dine utleieobjekt offentlig, s\u00e5 vil du kunne n\u00e5 flere potensielle leietakere \ud83d\ude42 Du kan ogs\u00e5 legge inn egne s\u00f8keord for hvert utleieobjekt for \u00e5 optimalisere for s\u00f8kemotorer.","og_url":"https:\/\/staging3.dev.gibbs.no\/en\/funksjoner\/synlighet\/","og_site_name":"Gibbs.no - Bookingsystem","article_publisher":"https:\/\/www.facebook.com\/GibbsNorge","article_modified_time":"2023-10-07T19:30:22+00:00","og_image":[{"url":"https:\/\/staging3.dev.gibbs.no\/wp-content\/uploads\/2023\/10\/synlighet-1-790x1024.png"}],"twitter_card":"summary_large_image","schema":{"@context":"https:\/\/schema.org","@graph":[{"@type":"WebPage","@id":"https:\/\/staging3.dev.gibbs.no\/funksjoner\/synlighet\/","url":"https:\/\/staging3.dev.gibbs.no\/funksjoner\/synlighet\/","name":"Synlighet - Gibbs.no - Bookingsystem","isPartOf":{"@id":"https:\/\/staging3.dev.gibbs.no\/#website"},"datePublished":"2023-10-02T11:15:02+00:00","dateModified":"2023-10-07T19:30:22+00:00","breadcrumb":{"@id":"https:\/\/staging3.dev.gibbs.no\/funksjoner\/synlighet\/#breadcrumb"},"inLanguage":"en-US","potentialAction":[{"@type":"ReadAction","target":["https:\/\/staging3.dev.gibbs.no\/funksjoner\/synlighet\/"]}]},{"@type":"BreadcrumbList","@id":"https:\/\/staging3.dev.gibbs.no\/funksjoner\/synlighet\/#breadcrumb","itemListElement":[{"@type":"ListItem","position":1,"name":"Home","item":"https:\/\/staging3.dev.gibbs.no\/"},{"@type":"ListItem","position":2,"name":"Funksjoner","item":"https:\/\/staging3.dev.gibbs.no\/funksjoner\/"},{"@type":"ListItem","position":3,"name":"Synlighet"}]},{"@type":"WebSite","@id":"https:\/\/staging3.dev.gibbs.no\/#website","url":"https:\/\/staging3.dev.gibbs.no\/","name":"Gibbs.no","description":"Bookingsystem - 1.Book 2.Betal 3.\u00c5pne","publisher":{"@id":"https:\/\/staging3.dev.gibbs.no\/#organization"},"potentialAction":[{"@type":"SearchAction","target":{"@type":"EntryPoint","urlTemplate":"https:\/\/staging3.dev.gibbs.no\/?s={search_term_string}"},"query-input":"required name=search_term_string"}],"inLanguage":"en-US"},{"@type":"Organization","@id":"https:\/\/staging3.dev.gibbs.no\/#organization","name":"Gibbs AS","url":"https:\/\/staging3.dev.gibbs.no\/","logo":{"@type":"ImageObject","inLanguage":"en-US","@id":"https:\/\/staging3.dev.gibbs.no\/#\/schema\/logo\/image\/","url":"https:\/\/www.gibbs.no\/wp-content\/uploads\/2023\/11\/Gibbs-bookingsystem-logo.png","contentUrl":"https:\/\/www.gibbs.no\/wp-content\/uploads\/2023\/11\/Gibbs-bookingsystem-logo.png","width":696,"height":696,"caption":"Gibbs AS"},"image":{"@id":"https:\/\/staging3.dev.gibbs.no\/#\/schema\/logo\/image\/"},"sameAs":["https:\/\/www.facebook.com\/GibbsNorge","https:\/\/www.linkedin.com\/company\/gibbsnorge"]}]}},"uagb_featured_image_src":{"full":false,"thumbnail":false,"medium":false,"medium_large":false,"large":false,"1536x1536":false,"2048x2048":false,"trp-custom-language-flag":false,"post-thumbnail":false,"listeo-avatar":false,"listeo-blog-post":false,"listeo-blog-related-post":false,"listeo-post-thumb":false,"listeo-gallery":false,"listeo-listing-grid":false,"listeo_core-avatar":false,"listeo_core-preview":false,"woocommerce_thumbnail":false,"woocommerce_single":false,"woocommerce_gallery_thumbnail":false},"uagb_author_info":{"display_name":"K Gibbs","author_link":"https:\/\/staging3.dev.gibbs.no\/en\/author\/kamil-gryga94gmail-com\/"},"uagb_comment_info":0,"uagb_excerpt":"Du kan velge om dine utleieobjekt skal kun v\u00e6re synlig til din private gruppe eller offentlig for alle p\u00e5 gibbs.no. PS. husk at ved \u00e5 ha dine utleieobjekt offentlig, s\u00e5 vil du kunne n\u00e5 flere potensielle leietakere \ud83d\ude42 Du kan ogs\u00e5 legge inn egne s\u00f8keord for hvert utleieobjekt for \u00e5 optimalisere for s\u00f8kemotorer.","_links":{"self":[{"href":"https:\/\/staging3.dev.gibbs.no\/en\/wp-json\/wp\/v2\/pages\/15753","targetHints":{"allow":["GET"]}}],"collection":[{"href":"https:\/\/staging3.dev.gibbs.no\/en\/wp-json\/wp\/v2\/pages"}],"about":[{"href":"https:\/\/staging3.dev.gibbs.no\/en\/wp-json\/wp\/v2\/types\/page"}],"author":[{"embeddable":true,"href":"https:\/\/staging3.dev.gibbs.no\/en\/wp-json\/wp\/v2\/users\/1"}],"replies":[{"embeddable":true,"href":"https:\/\/staging3.dev.gibbs.no\/en\/wp-json\/wp\/v2\/comments?post=15753"}],"version-history":[{"count":2,"href":"https:\/\/staging3.dev.gibbs.no\/en\/wp-json\/wp\/v2\/pages\/15753\/revisions"}],"predecessor-version":[{"id":17038,"href":"https:\/\/staging3.dev.gibbs.no\/en\/wp-json\/wp\/v2\/pages\/15753\/revisions\/17038"}],"up":[{"embeddable":true,"href":"https:\/\/staging3.dev.gibbs.no\/en\/wp-json\/wp\/v2\/pages\/15567"}],"wp:attachment":[{"href":"https:\/\/staging3.dev.gibbs.no\/en\/wp-json\/wp\/v2\/media?parent=15753"}],"curies":[{"name":"wp","href":"https:\/\/api.w.org\/{rel}","templated":true}]}}