{"id":15718,"date":"2023-10-01T21:55:34","date_gmt":"2023-10-01T19:55:34","guid":{"rendered":"https:\/\/staging3.dev.gibbs.no\/?page_id=15718"},"modified":"2023-10-07T21:27:37","modified_gmt":"2023-10-07T19:27:37","slug":"kalender-med-tilgjengelighet","status":"publish","type":"page","link":"https:\/\/staging3.dev.gibbs.no\/en\/funksjoner\/kalender-med-tilgjengelighet\/","title":{"rendered":"Calendar with availability"},"content":{"rendered":"<p>You can display the availability calendar with specific opening times for selected rental objects on a TV or tablet with the option of adding filters and choosing between weekly or daily view. It automatically adapts to the screen size, but can also be specified to specific width and height.<\/p>\n\n\n\n<p>The calendar is automatically updated every 10 minutes.<\/p>\n\n\n\n<p><strong>Demo: <a href=\"https:\/\/staging3.dev.gibbs.no\/en\/infoskjerm-kalender\/?listings=9555,9556,9851&amp;view=week&amp;start_hour=08:00&amp;end_hour=20:00&amp;refresh=10min\" target=\"_blank\" rel=\"noreferrer noopener\">Demo calendar view<\/a><\/strong><\/p>\n\n\n\n<figure class=\"wp-block-image size-full\"><img loading=\"lazy\" decoding=\"async\" width=\"916\" height=\"596\" src=\"https:\/\/staging3.dev.gibbs.no\/wp-content\/uploads\/2023\/10\/tv-nettleser.png\" alt=\"\" class=\"wp-image-17003\" srcset=\"https:\/\/staging3.dev.gibbs.no\/wp-content\/uploads\/2023\/10\/tv-nettleser.png 916w, https:\/\/staging3.dev.gibbs.no\/wp-content\/uploads\/2023\/10\/tv-nettleser-300x195.png 300w, https:\/\/staging3.dev.gibbs.no\/wp-content\/uploads\/2023\/10\/tv-nettleser-768x500.png 768w, https:\/\/staging3.dev.gibbs.no\/wp-content\/uploads\/2023\/10\/tv-nettleser-18x12.png 18w, https:\/\/staging3.dev.gibbs.no\/wp-content\/uploads\/2023\/10\/tv-nettleser-590x384.png 590w, https:\/\/staging3.dev.gibbs.no\/wp-content\/uploads\/2023\/10\/tv-nettleser-577x375.png 577w, https:\/\/staging3.dev.gibbs.no\/wp-content\/uploads\/2023\/10\/tv-nettleser-600x390.png 600w\" sizes=\"auto, (max-width: 916px) 100vw, 916px\" \/><\/figure>\n\n\n\n<figure class=\"wp-block-image size-full\"><img loading=\"lazy\" decoding=\"async\" width=\"919\" height=\"483\" src=\"https:\/\/staging3.dev.gibbs.no\/wp-content\/uploads\/2023\/10\/tv-ekte.png\" alt=\"\" class=\"wp-image-17004\" srcset=\"https:\/\/staging3.dev.gibbs.no\/wp-content\/uploads\/2023\/10\/tv-ekte.png 919w, https:\/\/staging3.dev.gibbs.no\/wp-content\/uploads\/2023\/10\/tv-ekte-300x158.png 300w, https:\/\/staging3.dev.gibbs.no\/wp-content\/uploads\/2023\/10\/tv-ekte-768x404.png 768w, https:\/\/staging3.dev.gibbs.no\/wp-content\/uploads\/2023\/10\/tv-ekte-18x9.png 18w, https:\/\/staging3.dev.gibbs.no\/wp-content\/uploads\/2023\/10\/tv-ekte-590x310.png 590w, https:\/\/staging3.dev.gibbs.no\/wp-content\/uploads\/2023\/10\/tv-ekte-577x303.png 577w, https:\/\/staging3.dev.gibbs.no\/wp-content\/uploads\/2023\/10\/tv-ekte-600x315.png 600w\" sizes=\"auto, (max-width: 919px) 100vw, 919px\" \/><\/figure>","protected":false},"excerpt":{"rendered":"<p>Du kan vise tilgjengelighetskalenderen med bestemte \u00e5pningstider for valgte utleieobjekter p\u00e5 en TV eller nettbrett med mulighet for \u00e5 legge til filtere og valg mellom ukesvisning eller dagsvisning. Den tilpasser seg automatisk skjermst\u00f8rrelsen, men kan ogs\u00e5 spesifiseres til spesifikk bredde og h\u00f8yde. Kalenderen oppdateres automatisk hvert 10 minutt. Demo: Demo kalendervisning<\/p>","protected":false},"author":1,"featured_media":0,"parent":15567,"menu_order":0,"comment_status":"closed","ping_status":"closed","template":"page-template-popup.php","meta":{"inline_featured_image":false,"_uag_custom_page_level_css":"","footnotes":""},"class_list":["post-15718","page","type-page","status-publish","hentry"],"yoast_head":"<!-- This site is optimized with the Yoast SEO plugin v20.8 - https:\/\/yoast.com\/wordpress\/plugins\/seo\/ -->\n<title>Kalender med tilgjengelighet - Gibbs.no - Bookingsystem<\/title>\n<meta name=\"robots\" content=\"index, follow, max-snippet:-1, max-image-preview:large, max-video-preview:-1\" \/>\n<link rel=\"canonical\" href=\"https:\/\/staging3.dev.gibbs.no\/en\/funksjoner\/kalender-med-tilgjengelighet\/\" \/>\n<meta property=\"og:locale\" content=\"en_US\" \/>\n<meta property=\"og:type\" content=\"article\" \/>\n<meta property=\"og:title\" content=\"Kalender med tilgjengelighet - Gibbs.no - Bookingsystem\" \/>\n<meta property=\"og:description\" content=\"Du kan vise tilgjengelighetskalenderen med bestemte \u00e5pningstider for valgte utleieobjekter p\u00e5 en TV eller nettbrett med mulighet for \u00e5 legge til filtere og valg mellom ukesvisning eller dagsvisning. Den tilpasser seg automatisk skjermst\u00f8rrelsen, men kan ogs\u00e5 spesifiseres til spesifikk bredde og h\u00f8yde. Kalenderen oppdateres automatisk hvert 10 minutt. Demo: Demo kalendervisning\" \/>\n<meta property=\"og:url\" content=\"https:\/\/staging3.dev.gibbs.no\/en\/funksjoner\/kalender-med-tilgjengelighet\/\" \/>\n<meta property=\"og:site_name\" content=\"Gibbs.no - Bookingsystem\" \/>\n<meta property=\"article:publisher\" content=\"https:\/\/www.facebook.com\/GibbsNorge\" \/>\n<meta property=\"article:modified_time\" content=\"2023-10-07T19:27:37+00:00\" \/>\n<meta property=\"og:image\" content=\"https:\/\/staging3.dev.gibbs.no\/wp-content\/uploads\/2023\/10\/tv-nettleser.png\" \/>\n<meta name=\"twitter:card\" content=\"summary_large_image\" \/>\n<script type=\"application\/ld+json\" class=\"yoast-schema-graph\">{\"@context\":\"https:\/\/schema.org\",\"@graph\":[{\"@type\":\"WebPage\",\"@id\":\"https:\/\/staging3.dev.gibbs.no\/funksjoner\/kalender-med-tilgjengelighet\/\",\"url\":\"https:\/\/staging3.dev.gibbs.no\/funksjoner\/kalender-med-tilgjengelighet\/\",\"name\":\"Kalender med tilgjengelighet - Gibbs.no - Bookingsystem\",\"isPartOf\":{\"@id\":\"https:\/\/staging3.dev.gibbs.no\/#website\"},\"datePublished\":\"2023-10-01T19:55:34+00:00\",\"dateModified\":\"2023-10-07T19:27:37+00:00\",\"breadcrumb\":{\"@id\":\"https:\/\/staging3.dev.gibbs.no\/funksjoner\/kalender-med-tilgjengelighet\/#breadcrumb\"},\"inLanguage\":\"en-US\",\"potentialAction\":[{\"@type\":\"ReadAction\",\"target\":[\"https:\/\/staging3.dev.gibbs.no\/funksjoner\/kalender-med-tilgjengelighet\/\"]}]},{\"@type\":\"BreadcrumbList\",\"@id\":\"https:\/\/staging3.dev.gibbs.no\/funksjoner\/kalender-med-tilgjengelighet\/#breadcrumb\",\"itemListElement\":[{\"@type\":\"ListItem\",\"position\":1,\"name\":\"Home\",\"item\":\"https:\/\/staging3.dev.gibbs.no\/\"},{\"@type\":\"ListItem\",\"position\":2,\"name\":\"Funksjoner\",\"item\":\"https:\/\/staging3.dev.gibbs.no\/funksjoner\/\"},{\"@type\":\"ListItem\",\"position\":3,\"name\":\"Kalender med tilgjengelighet\"}]},{\"@type\":\"WebSite\",\"@id\":\"https:\/\/staging3.dev.gibbs.no\/#website\",\"url\":\"https:\/\/staging3.dev.gibbs.no\/\",\"name\":\"Gibbs.no\",\"description\":\"Bookingsystem - 1.Book 2.Betal 3.\u00c5pne\",\"publisher\":{\"@id\":\"https:\/\/staging3.dev.gibbs.no\/#organization\"},\"potentialAction\":[{\"@type\":\"SearchAction\",\"target\":{\"@type\":\"EntryPoint\",\"urlTemplate\":\"https:\/\/staging3.dev.gibbs.no\/?s={search_term_string}\"},\"query-input\":\"required name=search_term_string\"}],\"inLanguage\":\"en-US\"},{\"@type\":\"Organization\",\"@id\":\"https:\/\/staging3.dev.gibbs.no\/#organization\",\"name\":\"Gibbs AS\",\"url\":\"https:\/\/staging3.dev.gibbs.no\/\",\"logo\":{\"@type\":\"ImageObject\",\"inLanguage\":\"en-US\",\"@id\":\"https:\/\/staging3.dev.gibbs.no\/#\/schema\/logo\/image\/\",\"url\":\"https:\/\/www.gibbs.no\/wp-content\/uploads\/2023\/11\/Gibbs-bookingsystem-logo.png\",\"contentUrl\":\"https:\/\/www.gibbs.no\/wp-content\/uploads\/2023\/11\/Gibbs-bookingsystem-logo.png\",\"width\":696,\"height\":696,\"caption\":\"Gibbs AS\"},\"image\":{\"@id\":\"https:\/\/staging3.dev.gibbs.no\/#\/schema\/logo\/image\/\"},\"sameAs\":[\"https:\/\/www.facebook.com\/GibbsNorge\",\"https:\/\/www.linkedin.com\/company\/gibbsnorge\"]}]}<\/script>\n<!-- \/ Yoast SEO plugin. -->","yoast_head_json":{"title":"Kalender med tilgjengelighet - Gibbs.no - Bookingsystem","robots":{"index":"index","follow":"follow","max-snippet":"max-snippet:-1","max-image-preview":"max-image-preview:large","max-video-preview":"max-video-preview:-1"},"canonical":"https:\/\/staging3.dev.gibbs.no\/en\/funksjoner\/kalender-med-tilgjengelighet\/","og_locale":"en_US","og_type":"article","og_title":"Kalender med tilgjengelighet - Gibbs.no - Bookingsystem","og_description":"Du kan vise tilgjengelighetskalenderen med bestemte \u00e5pningstider for valgte utleieobjekter p\u00e5 en TV eller nettbrett med mulighet for \u00e5 legge til filtere og valg mellom ukesvisning eller dagsvisning. Den tilpasser seg automatisk skjermst\u00f8rrelsen, men kan ogs\u00e5 spesifiseres til spesifikk bredde og h\u00f8yde. Kalenderen oppdateres automatisk hvert 10 minutt. Demo: Demo kalendervisning","og_url":"https:\/\/staging3.dev.gibbs.no\/en\/funksjoner\/kalender-med-tilgjengelighet\/","og_site_name":"Gibbs.no - Bookingsystem","article_publisher":"https:\/\/www.facebook.com\/GibbsNorge","article_modified_time":"2023-10-07T19:27:37+00:00","og_image":[{"url":"https:\/\/staging3.dev.gibbs.no\/wp-content\/uploads\/2023\/10\/tv-nettleser.png"}],"twitter_card":"summary_large_image","schema":{"@context":"https:\/\/schema.org","@graph":[{"@type":"WebPage","@id":"https:\/\/staging3.dev.gibbs.no\/funksjoner\/kalender-med-tilgjengelighet\/","url":"https:\/\/staging3.dev.gibbs.no\/funksjoner\/kalender-med-tilgjengelighet\/","name":"Kalender med tilgjengelighet - Gibbs.no - Bookingsystem","isPartOf":{"@id":"https:\/\/staging3.dev.gibbs.no\/#website"},"datePublished":"2023-10-01T19:55:34+00:00","dateModified":"2023-10-07T19:27:37+00:00","breadcrumb":{"@id":"https:\/\/staging3.dev.gibbs.no\/funksjoner\/kalender-med-tilgjengelighet\/#breadcrumb"},"inLanguage":"en-US","potentialAction":[{"@type":"ReadAction","target":["https:\/\/staging3.dev.gibbs.no\/funksjoner\/kalender-med-tilgjengelighet\/"]}]},{"@type":"BreadcrumbList","@id":"https:\/\/staging3.dev.gibbs.no\/funksjoner\/kalender-med-tilgjengelighet\/#breadcrumb","itemListElement":[{"@type":"ListItem","position":1,"name":"Home","item":"https:\/\/staging3.dev.gibbs.no\/"},{"@type":"ListItem","position":2,"name":"Funksjoner","item":"https:\/\/staging3.dev.gibbs.no\/funksjoner\/"},{"@type":"ListItem","position":3,"name":"Kalender med tilgjengelighet"}]},{"@type":"WebSite","@id":"https:\/\/staging3.dev.gibbs.no\/#website","url":"https:\/\/staging3.dev.gibbs.no\/","name":"Gibbs.no","description":"Bookingsystem - 1.Book 2.Betal 3.\u00c5pne","publisher":{"@id":"https:\/\/staging3.dev.gibbs.no\/#organization"},"potentialAction":[{"@type":"SearchAction","target":{"@type":"EntryPoint","urlTemplate":"https:\/\/staging3.dev.gibbs.no\/?s={search_term_string}"},"query-input":"required name=search_term_string"}],"inLanguage":"en-US"},{"@type":"Organization","@id":"https:\/\/staging3.dev.gibbs.no\/#organization","name":"Gibbs AS","url":"https:\/\/staging3.dev.gibbs.no\/","logo":{"@type":"ImageObject","inLanguage":"en-US","@id":"https:\/\/staging3.dev.gibbs.no\/#\/schema\/logo\/image\/","url":"https:\/\/www.gibbs.no\/wp-content\/uploads\/2023\/11\/Gibbs-bookingsystem-logo.png","contentUrl":"https:\/\/www.gibbs.no\/wp-content\/uploads\/2023\/11\/Gibbs-bookingsystem-logo.png","width":696,"height":696,"caption":"Gibbs AS"},"image":{"@id":"https:\/\/staging3.dev.gibbs.no\/#\/schema\/logo\/image\/"},"sameAs":["https:\/\/www.facebook.com\/GibbsNorge","https:\/\/www.linkedin.com\/company\/gibbsnorge"]}]}},"uagb_featured_image_src":{"full":false,"thumbnail":false,"medium":false,"medium_large":false,"large":false,"1536x1536":false,"2048x2048":false,"trp-custom-language-flag":false,"post-thumbnail":false,"listeo-avatar":false,"listeo-blog-post":false,"listeo-blog-related-post":false,"listeo-post-thumb":false,"listeo-gallery":false,"listeo-listing-grid":false,"listeo_core-avatar":false,"listeo_core-preview":false,"woocommerce_thumbnail":false,"woocommerce_single":false,"woocommerce_gallery_thumbnail":false},"uagb_author_info":{"display_name":"K Gibbs","author_link":"https:\/\/staging3.dev.gibbs.no\/en\/author\/kamil-gryga94gmail-com\/"},"uagb_comment_info":0,"uagb_excerpt":"Du kan vise tilgjengelighetskalenderen med bestemte \u00e5pningstider for valgte utleieobjekter p\u00e5 en TV eller nettbrett med mulighet for \u00e5 legge til filtere og valg mellom ukesvisning eller dagsvisning. Den tilpasser seg automatisk skjermst\u00f8rrelsen, men kan ogs\u00e5 spesifiseres til spesifikk bredde og h\u00f8yde. Kalenderen oppdateres automatisk hvert 10 minutt. Demo: Demo kalendervisning","_links":{"self":[{"href":"https:\/\/staging3.dev.gibbs.no\/en\/wp-json\/wp\/v2\/pages\/15718","targetHints":{"allow":["GET"]}}],"collection":[{"href":"https:\/\/staging3.dev.gibbs.no\/en\/wp-json\/wp\/v2\/pages"}],"about":[{"href":"https:\/\/staging3.dev.gibbs.no\/en\/wp-json\/wp\/v2\/types\/page"}],"author":[{"embeddable":true,"href":"https:\/\/staging3.dev.gibbs.no\/en\/wp-json\/wp\/v2\/users\/1"}],"replies":[{"embeddable":true,"href":"https:\/\/staging3.dev.gibbs.no\/en\/wp-json\/wp\/v2\/comments?post=15718"}],"version-history":[{"count":2,"href":"https:\/\/staging3.dev.gibbs.no\/en\/wp-json\/wp\/v2\/pages\/15718\/revisions"}],"predecessor-version":[{"id":17028,"href":"https:\/\/staging3.dev.gibbs.no\/en\/wp-json\/wp\/v2\/pages\/15718\/revisions\/17028"}],"up":[{"embeddable":true,"href":"https:\/\/staging3.dev.gibbs.no\/en\/wp-json\/wp\/v2\/pages\/15567"}],"wp:attachment":[{"href":"https:\/\/staging3.dev.gibbs.no\/en\/wp-json\/wp\/v2\/media?parent=15718"}],"curies":[{"name":"wp","href":"https:\/\/api.w.org\/{rel}","templated":true}]}}