{"id":15696,"date":"2023-10-01T21:13:28","date_gmt":"2023-10-01T19:13:28","guid":{"rendered":"https:\/\/staging3.dev.gibbs.no\/?page_id=15696"},"modified":"2023-10-07T22:12:52","modified_gmt":"2023-10-07T20:12:52","slug":"booking-oversikt","status":"publish","type":"page","link":"https:\/\/staging3.dev.gibbs.no\/en\/funksjoner\/booking-oversikt\/","title":{"rendered":"Booking overview"},"content":{"rendered":"<p>With a booking overview, landlords have full control over all bookings, regardless of status. This includes bookings that require attention, are awaiting payment, invoiced, have been paid, declined or expired. It is possible to search and filter for customer or booking information, as well as change which columns are displayed. All reservations can be easily downloaded as both CSV and PDF files. From the overview, it is also possible to change the booking status and open a booking for more detailed information. With this functionality, landlords can easily keep track of all bookings and ensure efficient handling of each one. Changing the time of the reservation is done via the administration calendar, to be able to easily see that it does not overlap with other bookings.<\/p>\n\n\n\n<figure class=\"wp-block-image size-full\"><img loading=\"lazy\" decoding=\"async\" width=\"820\" height=\"265\" src=\"https:\/\/staging3.dev.gibbs.no\/wp-content\/uploads\/2023\/10\/all-booking.png\" alt=\"\" class=\"wp-image-17043\" srcset=\"https:\/\/staging3.dev.gibbs.no\/wp-content\/uploads\/2023\/10\/all-booking.png 820w, https:\/\/staging3.dev.gibbs.no\/wp-content\/uploads\/2023\/10\/all-booking-300x97.png 300w, https:\/\/staging3.dev.gibbs.no\/wp-content\/uploads\/2023\/10\/all-booking-768x248.png 768w, https:\/\/staging3.dev.gibbs.no\/wp-content\/uploads\/2023\/10\/all-booking-18x6.png 18w, https:\/\/staging3.dev.gibbs.no\/wp-content\/uploads\/2023\/10\/all-booking-590x191.png 590w, https:\/\/staging3.dev.gibbs.no\/wp-content\/uploads\/2023\/10\/all-booking-577x186.png 577w, https:\/\/staging3.dev.gibbs.no\/wp-content\/uploads\/2023\/10\/all-booking-600x194.png 600w\" sizes=\"auto, (max-width: 820px) 100vw, 820px\" \/><\/figure>\n\n\n\n<p>This is what it looks like when you open a booking<\/p>\n\n\n\n<figure class=\"wp-block-image size-full\"><img loading=\"lazy\" decoding=\"async\" width=\"814\" height=\"358\" src=\"https:\/\/staging3.dev.gibbs.no\/wp-content\/uploads\/2023\/10\/open-booking.png\" alt=\"\" class=\"wp-image-17042\" srcset=\"https:\/\/staging3.dev.gibbs.no\/wp-content\/uploads\/2023\/10\/open-booking.png 814w, https:\/\/staging3.dev.gibbs.no\/wp-content\/uploads\/2023\/10\/open-booking-300x132.png 300w, https:\/\/staging3.dev.gibbs.no\/wp-content\/uploads\/2023\/10\/open-booking-768x338.png 768w, https:\/\/staging3.dev.gibbs.no\/wp-content\/uploads\/2023\/10\/open-booking-18x8.png 18w, https:\/\/staging3.dev.gibbs.no\/wp-content\/uploads\/2023\/10\/open-booking-590x259.png 590w, https:\/\/staging3.dev.gibbs.no\/wp-content\/uploads\/2023\/10\/open-booking-577x254.png 577w, https:\/\/staging3.dev.gibbs.no\/wp-content\/uploads\/2023\/10\/open-booking-600x264.png 600w\" sizes=\"auto, (max-width: 814px) 100vw, 814px\" \/><\/figure>\n\n\n\n<p>By opening bookings, the landlord has the opportunity to see relevant bookings in a clear list, as well as the corresponding message dialog and activity log. This gives the landlord the opportunity to have full control over the communication and history surrounding each individual booking. The message dialog provides the opportunity to communicate directly with the customer, and the activity log provides information on all actions that have been performed on the booking, such as changes in dates or payment status. This makes it easy for the landlord to keep track of each individual booking, and ensures that all communication and history is collected in one place.<\/p>","protected":false},"excerpt":{"rendered":"<p>Med booking oversikt har utleiere full kontroll over alle bookinger uavhengig av status. Dette inkluderer bookinger som krever oppmerksomhet, venter p\u00e5 betaling, faktura, er betalt, avsl\u00e5tt eller utl\u00f8pt. Det er mulig \u00e5 s\u00f8ke og filtrere etter kunde- eller bookinginformasjon, samt endre hvilke kolonner som vises. Alle reservasjoner kan enkelt lastes ned som b\u00e5de CSV og [&hellip;]<\/p>","protected":false},"author":1,"featured_media":0,"parent":15567,"menu_order":0,"comment_status":"closed","ping_status":"closed","template":"page-template-popup.php","meta":{"inline_featured_image":false,"_uag_custom_page_level_css":"","footnotes":""},"class_list":["post-15696","page","type-page","status-publish","hentry"],"yoast_head":"<!-- This site is optimized with the Yoast SEO plugin v20.8 - https:\/\/yoast.com\/wordpress\/plugins\/seo\/ -->\n<title>Booking oversikt - Gibbs.no - Bookingsystem<\/title>\n<meta name=\"robots\" content=\"index, follow, max-snippet:-1, max-image-preview:large, max-video-preview:-1\" \/>\n<link rel=\"canonical\" href=\"https:\/\/staging3.dev.gibbs.no\/en\/funksjoner\/booking-oversikt\/\" \/>\n<meta property=\"og:locale\" content=\"en_US\" \/>\n<meta property=\"og:type\" content=\"article\" \/>\n<meta property=\"og:title\" content=\"Booking oversikt - Gibbs.no - Bookingsystem\" \/>\n<meta property=\"og:description\" content=\"Med booking oversikt har utleiere full kontroll over alle bookinger uavhengig av status. Dette inkluderer bookinger som krever oppmerksomhet, venter p\u00e5 betaling, faktura, er betalt, avsl\u00e5tt eller utl\u00f8pt. Det er mulig \u00e5 s\u00f8ke og filtrere etter kunde- eller bookinginformasjon, samt endre hvilke kolonner som vises. Alle reservasjoner kan enkelt lastes ned som b\u00e5de CSV og [&hellip;]\" \/>\n<meta property=\"og:url\" content=\"https:\/\/staging3.dev.gibbs.no\/en\/funksjoner\/booking-oversikt\/\" \/>\n<meta property=\"og:site_name\" content=\"Gibbs.no - Bookingsystem\" \/>\n<meta property=\"article:publisher\" content=\"https:\/\/www.facebook.com\/GibbsNorge\" \/>\n<meta property=\"article:modified_time\" content=\"2023-10-07T20:12:52+00:00\" \/>\n<meta property=\"og:image\" content=\"https:\/\/staging3.dev.gibbs.no\/wp-content\/uploads\/2023\/10\/all-booking.png\" \/>\n<meta name=\"twitter:card\" content=\"summary_large_image\" \/>\n<meta name=\"twitter:label1\" content=\"Est. reading time\" \/>\n\t<meta name=\"twitter:data1\" content=\"1 minute\" \/>\n<script type=\"application\/ld+json\" class=\"yoast-schema-graph\">{\"@context\":\"https:\/\/schema.org\",\"@graph\":[{\"@type\":\"WebPage\",\"@id\":\"https:\/\/staging3.dev.gibbs.no\/funksjoner\/booking-oversikt\/\",\"url\":\"https:\/\/staging3.dev.gibbs.no\/funksjoner\/booking-oversikt\/\",\"name\":\"Booking oversikt - Gibbs.no - Bookingsystem\",\"isPartOf\":{\"@id\":\"https:\/\/staging3.dev.gibbs.no\/#website\"},\"datePublished\":\"2023-10-01T19:13:28+00:00\",\"dateModified\":\"2023-10-07T20:12:52+00:00\",\"breadcrumb\":{\"@id\":\"https:\/\/staging3.dev.gibbs.no\/funksjoner\/booking-oversikt\/#breadcrumb\"},\"inLanguage\":\"en-US\",\"potentialAction\":[{\"@type\":\"ReadAction\",\"target\":[\"https:\/\/staging3.dev.gibbs.no\/funksjoner\/booking-oversikt\/\"]}]},{\"@type\":\"BreadcrumbList\",\"@id\":\"https:\/\/staging3.dev.gibbs.no\/funksjoner\/booking-oversikt\/#breadcrumb\",\"itemListElement\":[{\"@type\":\"ListItem\",\"position\":1,\"name\":\"Home\",\"item\":\"https:\/\/staging3.dev.gibbs.no\/\"},{\"@type\":\"ListItem\",\"position\":2,\"name\":\"Funksjoner\",\"item\":\"https:\/\/staging3.dev.gibbs.no\/funksjoner\/\"},{\"@type\":\"ListItem\",\"position\":3,\"name\":\"Booking oversikt\"}]},{\"@type\":\"WebSite\",\"@id\":\"https:\/\/staging3.dev.gibbs.no\/#website\",\"url\":\"https:\/\/staging3.dev.gibbs.no\/\",\"name\":\"Gibbs.no\",\"description\":\"Bookingsystem - 1.Book 2.Betal 3.\u00c5pne\",\"publisher\":{\"@id\":\"https:\/\/staging3.dev.gibbs.no\/#organization\"},\"potentialAction\":[{\"@type\":\"SearchAction\",\"target\":{\"@type\":\"EntryPoint\",\"urlTemplate\":\"https:\/\/staging3.dev.gibbs.no\/?s={search_term_string}\"},\"query-input\":\"required name=search_term_string\"}],\"inLanguage\":\"en-US\"},{\"@type\":\"Organization\",\"@id\":\"https:\/\/staging3.dev.gibbs.no\/#organization\",\"name\":\"Gibbs AS\",\"url\":\"https:\/\/staging3.dev.gibbs.no\/\",\"logo\":{\"@type\":\"ImageObject\",\"inLanguage\":\"en-US\",\"@id\":\"https:\/\/staging3.dev.gibbs.no\/#\/schema\/logo\/image\/\",\"url\":\"https:\/\/www.gibbs.no\/wp-content\/uploads\/2023\/11\/Gibbs-bookingsystem-logo.png\",\"contentUrl\":\"https:\/\/www.gibbs.no\/wp-content\/uploads\/2023\/11\/Gibbs-bookingsystem-logo.png\",\"width\":696,\"height\":696,\"caption\":\"Gibbs AS\"},\"image\":{\"@id\":\"https:\/\/staging3.dev.gibbs.no\/#\/schema\/logo\/image\/\"},\"sameAs\":[\"https:\/\/www.facebook.com\/GibbsNorge\",\"https:\/\/www.linkedin.com\/company\/gibbsnorge\"]}]}<\/script>\n<!-- \/ Yoast SEO plugin. -->","yoast_head_json":{"title":"Booking oversikt - Gibbs.no - Bookingsystem","robots":{"index":"index","follow":"follow","max-snippet":"max-snippet:-1","max-image-preview":"max-image-preview:large","max-video-preview":"max-video-preview:-1"},"canonical":"https:\/\/staging3.dev.gibbs.no\/en\/funksjoner\/booking-oversikt\/","og_locale":"en_US","og_type":"article","og_title":"Booking oversikt - Gibbs.no - Bookingsystem","og_description":"Med booking oversikt har utleiere full kontroll over alle bookinger uavhengig av status. Dette inkluderer bookinger som krever oppmerksomhet, venter p\u00e5 betaling, faktura, er betalt, avsl\u00e5tt eller utl\u00f8pt. Det er mulig \u00e5 s\u00f8ke og filtrere etter kunde- eller bookinginformasjon, samt endre hvilke kolonner som vises. Alle reservasjoner kan enkelt lastes ned som b\u00e5de CSV og [&hellip;]","og_url":"https:\/\/staging3.dev.gibbs.no\/en\/funksjoner\/booking-oversikt\/","og_site_name":"Gibbs.no - Bookingsystem","article_publisher":"https:\/\/www.facebook.com\/GibbsNorge","article_modified_time":"2023-10-07T20:12:52+00:00","og_image":[{"url":"https:\/\/staging3.dev.gibbs.no\/wp-content\/uploads\/2023\/10\/all-booking.png"}],"twitter_card":"summary_large_image","twitter_misc":{"Est. reading time":"1 minute"},"schema":{"@context":"https:\/\/schema.org","@graph":[{"@type":"WebPage","@id":"https:\/\/staging3.dev.gibbs.no\/funksjoner\/booking-oversikt\/","url":"https:\/\/staging3.dev.gibbs.no\/funksjoner\/booking-oversikt\/","name":"Booking oversikt - Gibbs.no - Bookingsystem","isPartOf":{"@id":"https:\/\/staging3.dev.gibbs.no\/#website"},"datePublished":"2023-10-01T19:13:28+00:00","dateModified":"2023-10-07T20:12:52+00:00","breadcrumb":{"@id":"https:\/\/staging3.dev.gibbs.no\/funksjoner\/booking-oversikt\/#breadcrumb"},"inLanguage":"en-US","potentialAction":[{"@type":"ReadAction","target":["https:\/\/staging3.dev.gibbs.no\/funksjoner\/booking-oversikt\/"]}]},{"@type":"BreadcrumbList","@id":"https:\/\/staging3.dev.gibbs.no\/funksjoner\/booking-oversikt\/#breadcrumb","itemListElement":[{"@type":"ListItem","position":1,"name":"Home","item":"https:\/\/staging3.dev.gibbs.no\/"},{"@type":"ListItem","position":2,"name":"Funksjoner","item":"https:\/\/staging3.dev.gibbs.no\/funksjoner\/"},{"@type":"ListItem","position":3,"name":"Booking oversikt"}]},{"@type":"WebSite","@id":"https:\/\/staging3.dev.gibbs.no\/#website","url":"https:\/\/staging3.dev.gibbs.no\/","name":"Gibbs.no","description":"Bookingsystem - 1.Book 2.Betal 3.\u00c5pne","publisher":{"@id":"https:\/\/staging3.dev.gibbs.no\/#organization"},"potentialAction":[{"@type":"SearchAction","target":{"@type":"EntryPoint","urlTemplate":"https:\/\/staging3.dev.gibbs.no\/?s={search_term_string}"},"query-input":"required name=search_term_string"}],"inLanguage":"en-US"},{"@type":"Organization","@id":"https:\/\/staging3.dev.gibbs.no\/#organization","name":"Gibbs AS","url":"https:\/\/staging3.dev.gibbs.no\/","logo":{"@type":"ImageObject","inLanguage":"en-US","@id":"https:\/\/staging3.dev.gibbs.no\/#\/schema\/logo\/image\/","url":"https:\/\/www.gibbs.no\/wp-content\/uploads\/2023\/11\/Gibbs-bookingsystem-logo.png","contentUrl":"https:\/\/www.gibbs.no\/wp-content\/uploads\/2023\/11\/Gibbs-bookingsystem-logo.png","width":696,"height":696,"caption":"Gibbs AS"},"image":{"@id":"https:\/\/staging3.dev.gibbs.no\/#\/schema\/logo\/image\/"},"sameAs":["https:\/\/www.facebook.com\/GibbsNorge","https:\/\/www.linkedin.com\/company\/gibbsnorge"]}]}},"uagb_featured_image_src":{"full":false,"thumbnail":false,"medium":false,"medium_large":false,"large":false,"1536x1536":false,"2048x2048":false,"trp-custom-language-flag":false,"post-thumbnail":false,"listeo-avatar":false,"listeo-blog-post":false,"listeo-blog-related-post":false,"listeo-post-thumb":false,"listeo-gallery":false,"listeo-listing-grid":false,"listeo_core-avatar":false,"listeo_core-preview":false,"woocommerce_thumbnail":false,"woocommerce_single":false,"woocommerce_gallery_thumbnail":false},"uagb_author_info":{"display_name":"K Gibbs","author_link":"https:\/\/staging3.dev.gibbs.no\/en\/author\/kamil-gryga94gmail-com\/"},"uagb_comment_info":0,"uagb_excerpt":"Med booking oversikt har utleiere full kontroll over alle bookinger uavhengig av status. Dette inkluderer bookinger som krever oppmerksomhet, venter p\u00e5 betaling, faktura, er betalt, avsl\u00e5tt eller utl\u00f8pt. Det er mulig \u00e5 s\u00f8ke og filtrere etter kunde- eller bookinginformasjon, samt endre hvilke kolonner som vises. Alle reservasjoner kan enkelt lastes ned som b\u00e5de CSV og&hellip;","_links":{"self":[{"href":"https:\/\/staging3.dev.gibbs.no\/en\/wp-json\/wp\/v2\/pages\/15696","targetHints":{"allow":["GET"]}}],"collection":[{"href":"https:\/\/staging3.dev.gibbs.no\/en\/wp-json\/wp\/v2\/pages"}],"about":[{"href":"https:\/\/staging3.dev.gibbs.no\/en\/wp-json\/wp\/v2\/types\/page"}],"author":[{"embeddable":true,"href":"https:\/\/staging3.dev.gibbs.no\/en\/wp-json\/wp\/v2\/users\/1"}],"replies":[{"embeddable":true,"href":"https:\/\/staging3.dev.gibbs.no\/en\/wp-json\/wp\/v2\/comments?post=15696"}],"version-history":[{"count":2,"href":"https:\/\/staging3.dev.gibbs.no\/en\/wp-json\/wp\/v2\/pages\/15696\/revisions"}],"predecessor-version":[{"id":17071,"href":"https:\/\/staging3.dev.gibbs.no\/en\/wp-json\/wp\/v2\/pages\/15696\/revisions\/17071"}],"up":[{"embeddable":true,"href":"https:\/\/staging3.dev.gibbs.no\/en\/wp-json\/wp\/v2\/pages\/15567"}],"wp:attachment":[{"href":"https:\/\/staging3.dev.gibbs.no\/en\/wp-json\/wp\/v2\/media?parent=15696"}],"curies":[{"name":"wp","href":"https:\/\/api.w.org\/{rel}","templated":true}]}}