{"id":562,"date":"2020-06-19T20:06:50","date_gmt":"2020-06-19T18:06:50","guid":{"rendered":"https:\/\/mygibb.com\/?page_id=562"},"modified":"2023-10-23T16:58:55","modified_gmt":"2023-10-23T14:58:55","slug":"personvern","status":"publish","type":"page","link":"https:\/\/staging3.dev.gibbs.no\/da\/personvern\/","title":{"rendered":"Privatliv"},"content":{"rendered":"<div data-elementor-type=\"wp-page\" data-elementor-id=\"562\" class=\"elementor elementor-562\" data-elementor-settings=\"[]\">\n\t\t\t\t\t\t\t<div class=\"elementor-section-wrap\">\n\t\t\t\t\t\t\t<section class=\"elementor-section elementor-top-section elementor-element elementor-element-cd868d1 elementor-section-boxed elementor-section-height-default elementor-section-height-default magic-button-disabled-no\" data-id=\"cd868d1\" data-element_type=\"section\">\n\t\t\t\t\t\t<div class=\"elementor-container elementor-column-gap-default\">\n\t\t\t\t\t<div class=\"elementor-column elementor-col-100 elementor-top-column elementor-element elementor-element-399a561\" data-id=\"399a561\" data-element_type=\"column\">\n\t\t\t<div class=\"elementor-widget-wrap elementor-element-populated\">\n\t\t\t\t\t\t\t\t<div class=\"elementor-element elementor-element-49a9688 elementor-widget elementor-widget-text-editor\" data-id=\"49a9688\" data-element_type=\"widget\" data-widget_type=\"text-editor.default\">\n\t\t\t\t<div class=\"elementor-widget-container\">\n\t\t\t<style>\/*! elementor - v3.5.3 - 28-12-2021 *\/\n.elementor-widget-text-editor.elementor-drop-cap-view-stacked .elementor-drop-cap{background-color:#818a91;color:#fff}.elementor-widget-text-editor.elementor-drop-cap-view-framed .elementor-drop-cap{color:#818a91;border:3px solid;background-color:transparent}.elementor-widget-text-editor:not(.elementor-drop-cap-view-default) .elementor-drop-cap{margin-top:8px}.elementor-widget-text-editor:not(.elementor-drop-cap-view-default) .elementor-drop-cap-letter{width:1em;height:1em}.elementor-widget-text-editor .elementor-drop-cap{float:left;text-align:center;line-height:1;font-size:50px}.elementor-widget-text-editor .elementor-drop-cap-letter{display:inline-block}<\/style>\t\t\t\t<p>gibbs.no drives av gibbs AS, org nr 922 265 739 med registrert forretningsadresse i storgata 15, 1767 Halden, Norge.<ul><li>Herefter omtales gibbs som &quot;tjenesten&quot; og gibbs AS som &quot;gibbs&quot;, &quot;vi&quot; og\/eller &quot;os&quot;<p>Vi hos gibbs arbejder h\u00e5rdt for at sikre, at alt, hvad du deler gennem tjenesten, er under din kontrol. Vi udvikler alle funktioner med privatliv som f\u00f8rste prioritet. Vores forretningsmodel bygger p\u00e5, at virksomheder, institutioner og interesseorganisationer kan f\u00e5 adgang til det, du \u00f8nsker, og ikke omvendt. Vores m\u00e5l er at have en s\u00e5 klar og forst\u00e5elig fortrolighedserkl\u00e6ring for alle.\u00a0<p><strong>Forklaringer af anvendte udtryk:<ul><li><strong><em>Lejeobjekt er en samlebetegnelse for alt, hvad der kan lejes og ydelser, der kan bookes gennem gibbs.<li><strong><strong>Tjenesteudbydere er i denne sammenh\u00e6ng<i>\u00a0vores partnere, der leverer de tjenester, vi har brug for.<br \/><h3>1. Dataansvarlig<p>gibbs AS er ansvarlig for behandling af personoplysninger. Ved at bruge Tjenesten og eventuelt registrere en konto p\u00e5 gibbs.no, accepterer og giver du tilladelse til, at gibbs behandler personlige data som beskrevet i privatlivspolitikken.<h3>2. generelt om persondata<p>De generelle regler for behandling af personoplysninger g\u00e6lder for hele Tjenesten. De generelle regler betyder, at gibbs altid behandler personoplysninger i overensstemmelse med g\u00e6ldende persondatalovgivning med respekt for privatlivets fred. Al h\u00e5ndtering af persondata hviler p\u00e5 et juridisk grundlag.<h3>3. Hvilke oplysninger opbevares, og hvad bruges de til?<p>3.1 Vi indsamler f\u00f8lgende personlige data om vores brugere:\u00a0<p>(i) Kontaktoplysninger s\u00e5som navn, adresse, telefonnummer, e-mail, (ii) Betalingsoplysninger s\u00e5som debet- eller kreditkort eller bankkonto til betaling, (iii) Geografisk placering s\u00e5som koordinater, (iv) Ordrehistorik ( v) IP-adresse.\u00a0<p>3.2 Hvordan vi bruger oplysningerne:<p>(i) Kontaktoplysninger bruges til at oprette en konto p\u00e5 Tjenesten. (ii) Betalingsoplysninger bruges til at kunne acceptere betaling for et lejeobjekt eller til at foretage en betaling for et lejet lejeobjekt. (iii) Geografisk position bruges til at kunne vise lejeobjektet n\u00e6rmest dig eller den n\u00e6rmeste \u00f8nskede adresse. (iv) Ordrehistorik bruges til at pr\u00e6sentere historikken for brugeren. (v) IP-adressen bruges til at oprette en konto hos Stripe, som er Gibbs&#039; betalingsudbyder.<p>3.4 N\u00e5r du bes\u00f8ger vores tjeneste, bruger vi cookies, s\u00e5 du ikke skal logge ind, hver gang du bes\u00f8ger vores tjeneste. Dette for at give dig som bruger den bedst mulige brugeroplevelse.<h3>4. Vores serviceudbydere<p>Oplysninger, du giver gennem tjenesten, kan blive videregivet til vores tjenesteudbydere anonymiseret. Eksempelvis Stripe, der st\u00e5r for betalingerne. Alle data, der h\u00e5ndteres i samarbejde med betalingen, er krypteret. Nedenfor har vi alle de tjenesteudbydere, vi bruger, og listen kan blive opdateret i fremtiden. Du opfordres til at bes\u00f8ge listen for at holde dig opdateret.<p><b>Netto nemt<p>Nets Easy er vores samarbejdspartner. De h\u00e5ndterer betalingen af lejebel\u00f8bet i forbindelse med reservationen via Tjenesten.\u00a0<p>For at vide mere om, hvordan Nets Easy h\u00e5ndterer brugerdata bes\u00f8g:<a> Netto nemt<p><b>Youtube\u00a0<p>Vores tjeneste bruger YouTube til at vise brugerens videoer.\u00a0<p>For mere information om, hvordan YouTube h\u00e5ndterer brugerdata, bes\u00f8g:\u00a0<a>YouTubes privatliv<p><b>Vimeo<p>Vores service bruger funktioner leveret af Vimeo-videoportalen til at vise brugerens videoer.\u00a0<p>For mere information om, hvordan Vimeo h\u00e5ndterer brugerdata bes\u00f8g:\u00a0<a>Vimeo privatliv\u00a0<h3>5. Form\u00e5l med behandlingen<p>Vi behandler oplysningerne for at kunne opfylde vores forpligtelser i henhold til aftale med dig. Vi bruger de oplysninger, du giver, til at forbedre og levere tjenesten til dig. Dette er for at g\u00f8re det nemmere for dig at bruge Tjenesten.<h3>6. Videregivelse af oplysninger til tredjemand<p>Vi vil ikke dele, s\u00e6lge, overf\u00f8re eller p\u00e5 anden m\u00e5de videregive persondata til andre, medmindre vi er juridisk forpligtet til det. Ved videregivelse i forbindelse med lovovertr\u00e6delse mv. kan oplysningerne efter anmodning videregives til myndighederne.\u00a0\u00a0<h3>7. Den registreredes rettigheder\u00a0<p>Vi behandler dine personoplysninger i overensstemmelse med persondataloven og g\u00e6ldende regler. V\u00e6r opm\u00e6rksom p\u00e5, at du kan anmode om adgang til og overf\u00f8rsel af dine egne personoplysninger, samt anmode om rettelse eller sletning af oplysninger.\u00a0<h3>8. Informationssikkerhed\u00a0<p>Vi sikrer dine personoplysninger ved b\u00e5de fysisk og virtuel adgang og adgangskontrol samt ved at kryptere f\u00f8lsomme dele af de oplyste oplysninger. Vi har rutiner og foranstaltninger p\u00e5 forskellige niveauer for at sikre, at uvedkommende ikke f\u00e5r adgang til dine personoplysninger, og at behandlingen af oplysningerne sker i overensstemmelse med g\u00e6ldende lovgivning. Tiltagene omfatter blandt andet regelm\u00e6ssige risikovurderinger og fysiske procedurer for at sikre informationssikkerheden.\u00a0<p>\u00a0<p>Henvendelse om hvilke oplysninger der er registreret, rettelse og sletning kan sendes skriftligt til f\u00f8lgende e-mail:\u00a0<a>kontakt@gibbs.n\t\t\t\t\t\t<\/div>\n\t\t\t\t<\/div>\n\t\t\t\t\t<\/div>\n\t\t<\/div>\n\t\t\t\t\t\t\t<\/div>\n\t\t<\/section>\n\t\t\t\t\t\t<\/div>\n\t\t\t\t\t<\/div>","protected":false},"excerpt":{"rendered":"<p>Heretter omtales gibbs som \u201cTjenesten\u201d og gibbs AS som \u201cgibbs\u201c, \u201cVi\u201d og\/eller \u201coss\u201d Vi i gibbs jobber hardt for at alt du deler gjennom Tjenesten er under din kontroll. Vi utvikler alle funksjoner med personvern som f\u00f8rste prioritet. V\u00e5r forretningsmodell bygger p\u00e5 at bedrifter, institusjoner og interesseorganisasjoner kan f\u00e5 tilgang til det du \u00f8nsker, og [&hellip;]<\/p>","protected":false},"author":1,"featured_media":0,"parent":0,"menu_order":0,"comment_status":"closed","ping_status":"closed","template":"","meta":{"inline_featured_image":false,"_uag_custom_page_level_css":"","footnotes":""},"class_list":["post-562","page","type-page","status-publish","hentry"],"yoast_head":"<!-- This site is optimized with the Yoast SEO plugin v20.8 - https:\/\/yoast.com\/wordpress\/plugins\/seo\/ -->\n<title>Personvern - Gibbs.no - Bookingsystem<\/title>\n<meta name=\"robots\" content=\"index, follow, max-snippet:-1, max-image-preview:large, max-video-preview:-1\" \/>\n<link rel=\"canonical\" href=\"https:\/\/staging3.dev.gibbs.no\/da\/personvern\/\" \/>\n<meta property=\"og:locale\" content=\"da_DK\" \/>\n<meta property=\"og:type\" content=\"article\" \/>\n<meta property=\"og:title\" content=\"Personvern - Gibbs.no - Bookingsystem\" \/>\n<meta property=\"og:description\" content=\"Heretter omtales gibbs som \u201cTjenesten\u201d og gibbs AS som \u201cgibbs\u201c, \u201cVi\u201d og\/eller \u201coss\u201d Vi i gibbs jobber hardt for at alt du deler gjennom Tjenesten er under din kontroll. Vi utvikler alle funksjoner med personvern som f\u00f8rste prioritet. V\u00e5r forretningsmodell bygger p\u00e5 at bedrifter, institusjoner og interesseorganisasjoner kan f\u00e5 tilgang til det du \u00f8nsker, og [&hellip;]\" \/>\n<meta property=\"og:url\" content=\"https:\/\/staging3.dev.gibbs.no\/da\/personvern\/\" \/>\n<meta property=\"og:site_name\" content=\"Gibbs.no - Bookingsystem\" \/>\n<meta property=\"article:publisher\" content=\"https:\/\/www.facebook.com\/GibbsNorge\" \/>\n<meta property=\"article:modified_time\" content=\"2023-10-23T14:58:55+00:00\" \/>\n<meta property=\"og:image\" content=\"https:\/\/staging3.dev.gibbs.no\/wp-content\/uploads\/2023\/10\/Gibbs-Bookingsystem.png\" \/>\n\t<meta property=\"og:image:width\" content=\"1200\" \/>\n\t<meta property=\"og:image:height\" content=\"630\" \/>\n\t<meta property=\"og:image:type\" content=\"image\/png\" \/>\n<meta name=\"twitter:card\" content=\"summary_large_image\" \/>\n<meta name=\"twitter:label1\" content=\"Est. reading time\" \/>\n\t<meta name=\"twitter:data1\" content=\"4 minutes\" \/>\n<script type=\"application\/ld+json\" class=\"yoast-schema-graph\">{\"@context\":\"https:\/\/schema.org\",\"@graph\":[{\"@type\":\"WebPage\",\"@id\":\"https:\/\/staging3.dev.gibbs.no\/personvern\/\",\"url\":\"https:\/\/staging3.dev.gibbs.no\/personvern\/\",\"name\":\"Personvern - Gibbs.no - Bookingsystem\",\"isPartOf\":{\"@id\":\"https:\/\/staging3.dev.gibbs.no\/#website\"},\"datePublished\":\"2020-06-19T18:06:50+00:00\",\"dateModified\":\"2023-10-23T14:58:55+00:00\",\"breadcrumb\":{\"@id\":\"https:\/\/staging3.dev.gibbs.no\/personvern\/#breadcrumb\"},\"inLanguage\":\"da-DK\",\"potentialAction\":[{\"@type\":\"ReadAction\",\"target\":[\"https:\/\/staging3.dev.gibbs.no\/personvern\/\"]}]},{\"@type\":\"BreadcrumbList\",\"@id\":\"https:\/\/staging3.dev.gibbs.no\/personvern\/#breadcrumb\",\"itemListElement\":[{\"@type\":\"ListItem\",\"position\":1,\"name\":\"Home\",\"item\":\"https:\/\/staging3.dev.gibbs.no\/\"},{\"@type\":\"ListItem\",\"position\":2,\"name\":\"Personvern\"}]},{\"@type\":\"WebSite\",\"@id\":\"https:\/\/staging3.dev.gibbs.no\/#website\",\"url\":\"https:\/\/staging3.dev.gibbs.no\/\",\"name\":\"Gibbs.no\",\"description\":\"Bookingsystem - 1.Book 2.Betal 3.\u00c5pne\",\"publisher\":{\"@id\":\"https:\/\/staging3.dev.gibbs.no\/#organization\"},\"potentialAction\":[{\"@type\":\"SearchAction\",\"target\":{\"@type\":\"EntryPoint\",\"urlTemplate\":\"https:\/\/staging3.dev.gibbs.no\/?s={search_term_string}\"},\"query-input\":\"required name=search_term_string\"}],\"inLanguage\":\"da-DK\"},{\"@type\":\"Organization\",\"@id\":\"https:\/\/staging3.dev.gibbs.no\/#organization\",\"name\":\"Gibbs AS\",\"url\":\"https:\/\/staging3.dev.gibbs.no\/\",\"logo\":{\"@type\":\"ImageObject\",\"inLanguage\":\"da-DK\",\"@id\":\"https:\/\/staging3.dev.gibbs.no\/#\/schema\/logo\/image\/\",\"url\":\"https:\/\/www.gibbs.no\/wp-content\/uploads\/2023\/11\/Gibbs-bookingsystem-logo.png\",\"contentUrl\":\"https:\/\/www.gibbs.no\/wp-content\/uploads\/2023\/11\/Gibbs-bookingsystem-logo.png\",\"width\":696,\"height\":696,\"caption\":\"Gibbs AS\"},\"image\":{\"@id\":\"https:\/\/staging3.dev.gibbs.no\/#\/schema\/logo\/image\/\"},\"sameAs\":[\"https:\/\/www.facebook.com\/GibbsNorge\",\"https:\/\/www.linkedin.com\/company\/gibbsnorge\"]}]}<\/script>\n<!-- \/ Yoast SEO plugin. -->","yoast_head_json":{"title":"Personvern - Gibbs.no - Bookingsystem","robots":{"index":"index","follow":"follow","max-snippet":"max-snippet:-1","max-image-preview":"max-image-preview:large","max-video-preview":"max-video-preview:-1"},"canonical":"https:\/\/staging3.dev.gibbs.no\/da\/personvern\/","og_locale":"da_DK","og_type":"article","og_title":"Personvern - Gibbs.no - Bookingsystem","og_description":"Heretter omtales gibbs som \u201cTjenesten\u201d og gibbs AS som \u201cgibbs\u201c, \u201cVi\u201d og\/eller \u201coss\u201d Vi i gibbs jobber hardt for at alt du deler gjennom Tjenesten er under din kontroll. Vi utvikler alle funksjoner med personvern som f\u00f8rste prioritet. V\u00e5r forretningsmodell bygger p\u00e5 at bedrifter, institusjoner og interesseorganisasjoner kan f\u00e5 tilgang til det du \u00f8nsker, og [&hellip;]","og_url":"https:\/\/staging3.dev.gibbs.no\/da\/personvern\/","og_site_name":"Gibbs.no - Bookingsystem","article_publisher":"https:\/\/www.facebook.com\/GibbsNorge","article_modified_time":"2023-10-23T14:58:55+00:00","og_image":[{"width":1200,"height":630,"url":"https:\/\/staging3.dev.gibbs.no\/wp-content\/uploads\/2023\/10\/Gibbs-Bookingsystem.png","type":"image\/png"}],"twitter_card":"summary_large_image","twitter_misc":{"Est. reading time":"4 minutes"},"schema":{"@context":"https:\/\/schema.org","@graph":[{"@type":"WebPage","@id":"https:\/\/staging3.dev.gibbs.no\/personvern\/","url":"https:\/\/staging3.dev.gibbs.no\/personvern\/","name":"Personvern - Gibbs.no - Bookingsystem","isPartOf":{"@id":"https:\/\/staging3.dev.gibbs.no\/#website"},"datePublished":"2020-06-19T18:06:50+00:00","dateModified":"2023-10-23T14:58:55+00:00","breadcrumb":{"@id":"https:\/\/staging3.dev.gibbs.no\/personvern\/#breadcrumb"},"inLanguage":"da-DK","potentialAction":[{"@type":"ReadAction","target":["https:\/\/staging3.dev.gibbs.no\/personvern\/"]}]},{"@type":"BreadcrumbList","@id":"https:\/\/staging3.dev.gibbs.no\/personvern\/#breadcrumb","itemListElement":[{"@type":"ListItem","position":1,"name":"Home","item":"https:\/\/staging3.dev.gibbs.no\/"},{"@type":"ListItem","position":2,"name":"Personvern"}]},{"@type":"WebSite","@id":"https:\/\/staging3.dev.gibbs.no\/#website","url":"https:\/\/staging3.dev.gibbs.no\/","name":"Gibbs.no","description":"Bookingsystem - 1.Book 2.Betal 3.\u00c5pne","publisher":{"@id":"https:\/\/staging3.dev.gibbs.no\/#organization"},"potentialAction":[{"@type":"SearchAction","target":{"@type":"EntryPoint","urlTemplate":"https:\/\/staging3.dev.gibbs.no\/?s={search_term_string}"},"query-input":"required name=search_term_string"}],"inLanguage":"da-DK"},{"@type":"Organization","@id":"https:\/\/staging3.dev.gibbs.no\/#organization","name":"Gibbs AS","url":"https:\/\/staging3.dev.gibbs.no\/","logo":{"@type":"ImageObject","inLanguage":"da-DK","@id":"https:\/\/staging3.dev.gibbs.no\/#\/schema\/logo\/image\/","url":"https:\/\/www.gibbs.no\/wp-content\/uploads\/2023\/11\/Gibbs-bookingsystem-logo.png","contentUrl":"https:\/\/www.gibbs.no\/wp-content\/uploads\/2023\/11\/Gibbs-bookingsystem-logo.png","width":696,"height":696,"caption":"Gibbs AS"},"image":{"@id":"https:\/\/staging3.dev.gibbs.no\/#\/schema\/logo\/image\/"},"sameAs":["https:\/\/www.facebook.com\/GibbsNorge","https:\/\/www.linkedin.com\/company\/gibbsnorge"]}]}},"uagb_featured_image_src":{"full":false,"thumbnail":false,"medium":false,"medium_large":false,"large":false,"1536x1536":false,"2048x2048":false,"trp-custom-language-flag":false,"post-thumbnail":false,"listeo-avatar":false,"listeo-blog-post":false,"listeo-blog-related-post":false,"listeo-post-thumb":false,"listeo-gallery":false,"listeo-listing-grid":false,"listeo_core-avatar":false,"listeo_core-preview":false,"woocommerce_thumbnail":false,"woocommerce_single":false,"woocommerce_gallery_thumbnail":false},"uagb_author_info":{"display_name":"K Gibbs","author_link":"https:\/\/staging3.dev.gibbs.no\/da\/author\/kamil-gryga94gmail-com\/"},"uagb_comment_info":0,"uagb_excerpt":"Heretter omtales gibbs som \u201cTjenesten\u201d og gibbs AS som \u201cgibbs\u201c, \u201cVi\u201d og\/eller \u201coss\u201d Vi i gibbs jobber hardt for at alt du deler gjennom Tjenesten er under din kontroll. Vi utvikler alle funksjoner med personvern som f\u00f8rste prioritet. V\u00e5r forretningsmodell bygger p\u00e5 at bedrifter, institusjoner og interesseorganisasjoner kan f\u00e5 tilgang til det du \u00f8nsker, og&hellip;","_links":{"self":[{"href":"https:\/\/staging3.dev.gibbs.no\/da\/wp-json\/wp\/v2\/pages\/562","targetHints":{"allow":["GET"]}}],"collection":[{"href":"https:\/\/staging3.dev.gibbs.no\/da\/wp-json\/wp\/v2\/pages"}],"about":[{"href":"https:\/\/staging3.dev.gibbs.no\/da\/wp-json\/wp\/v2\/types\/page"}],"author":[{"embeddable":true,"href":"https:\/\/staging3.dev.gibbs.no\/da\/wp-json\/wp\/v2\/users\/1"}],"replies":[{"embeddable":true,"href":"https:\/\/staging3.dev.gibbs.no\/da\/wp-json\/wp\/v2\/comments?post=562"}],"version-history":[{"count":30,"href":"https:\/\/staging3.dev.gibbs.no\/da\/wp-json\/wp\/v2\/pages\/562\/revisions"}],"predecessor-version":[{"id":18336,"href":"https:\/\/staging3.dev.gibbs.no\/da\/wp-json\/wp\/v2\/pages\/562\/revisions\/18336"}],"wp:attachment":[{"href":"https:\/\/staging3.dev.gibbs.no\/da\/wp-json\/wp\/v2\/media?parent=562"}],"curies":[{"name":"wp","href":"https:\/\/api.w.org\/{rel}","templated":true}]}}