{"id":15721,"date":"2023-10-01T21:56:54","date_gmt":"2023-10-01T19:56:54","guid":{"rendered":"https:\/\/staging3.dev.gibbs.no\/?page_id=15721"},"modified":"2023-10-06T21:44:46","modified_gmt":"2023-10-06T19:44:46","slug":"kontakt-og-nokkelinformasjon","status":"publish","type":"page","link":"https:\/\/staging3.dev.gibbs.no\/da\/funksjoner\/kontakt-og-nokkelinformasjon\/","title":{"rendered":"Kontakt og n\u00f8gleoplysninger"},"content":{"rendered":"<p>Vigtig information og kontaktdata for udlejningsejendommene kan indtastes her. Dette kan omfatte detaljer om ejendommens unikke beliggenhed, regler og begr\u00e6nsninger samt kontaktoplysninger til udlejer eller administrator. Ved at g\u00f8re s\u00e5danne oplysninger klart tilg\u00e6ngelige, kan udlejer \u00f8ge chancen for, at potentielle lejere tager kontakt og gennemf\u00f8rer en reservation.<\/p>\n\n\n\n<figure class=\"wp-block-image\"><img decoding=\"async\" src=\"https:\/\/gibbs-produkter.no\/wp-content\/uploads\/2023\/05\/kontaktinfo-1024x552.png\" alt=\"\" class=\"wp-image-8874\"\/><\/figure>","protected":false},"excerpt":{"rendered":"<p>Vigtig information og kontaktdata for udlejningsejendommene kan indtastes her. Dette kan omfatte detaljer om ejendommens unikke beliggenhed, regler og begr\u00e6nsninger samt kontaktoplysninger til udlejer eller administrator. Ved at g\u00f8re s\u00e5danne oplysninger klart tilg\u00e6ngelige, kan udlejer \u00f8ge chancen for, at potentielle lejere tager kontakt og gennemf\u00f8rer en reservation.<\/p>","protected":false},"author":1,"featured_media":0,"parent":15567,"menu_order":0,"comment_status":"closed","ping_status":"closed","template":"page-template-popup.php","meta":{"inline_featured_image":false,"_uag_custom_page_level_css":"","footnotes":""},"class_list":["post-15721","page","type-page","status-publish","hentry"],"yoast_head":"<!-- This site is optimized with the Yoast SEO plugin v20.8 - https:\/\/yoast.com\/wordpress\/plugins\/seo\/ -->\n<title>Kontakt og n\u00f8kkelinformasjon - Gibbs.no - Bookingsystem<\/title>\n<meta name=\"robots\" content=\"index, follow, max-snippet:-1, max-image-preview:large, max-video-preview:-1\" \/>\n<link rel=\"canonical\" href=\"https:\/\/staging3.dev.gibbs.no\/da\/funksjoner\/kontakt-og-nokkelinformasjon\/\" \/>\n<meta property=\"og:locale\" content=\"da_DK\" \/>\n<meta property=\"og:type\" content=\"article\" \/>\n<meta property=\"og:title\" content=\"Kontakt og n\u00f8kkelinformasjon - Gibbs.no - Bookingsystem\" \/>\n<meta property=\"og:description\" content=\"Her kan det legge inn viktig informasjon og kontaktdata for utleieobjektene. Dette kan inkludere detaljer om utleieobjektets unike beliggenhet, regler og restriksjoner, samt kontaktinformasjon for utleieren eller administratoren. Ved \u00e5 gj\u00f8re slik informasjon tydelig tilgjengelig, kan utleieren \u00f8ke sjansen for at potensielle leietakere tar kontakt og fullf\u00f8rer en bestilling.\" \/>\n<meta property=\"og:url\" content=\"https:\/\/staging3.dev.gibbs.no\/da\/funksjoner\/kontakt-og-nokkelinformasjon\/\" \/>\n<meta property=\"og:site_name\" content=\"Gibbs.no - Bookingsystem\" \/>\n<meta property=\"article:publisher\" content=\"https:\/\/www.facebook.com\/GibbsNorge\" \/>\n<meta property=\"article:modified_time\" content=\"2023-10-06T19:44:46+00:00\" \/>\n<meta property=\"og:image\" content=\"https:\/\/gibbs-produkter.no\/wp-content\/uploads\/2023\/05\/kontaktinfo-1024x552.png\" \/>\n<meta name=\"twitter:card\" content=\"summary_large_image\" \/>\n<script type=\"application\/ld+json\" class=\"yoast-schema-graph\">{\"@context\":\"https:\/\/schema.org\",\"@graph\":[{\"@type\":\"WebPage\",\"@id\":\"https:\/\/staging3.dev.gibbs.no\/funksjoner\/kontakt-og-nokkelinformasjon\/\",\"url\":\"https:\/\/staging3.dev.gibbs.no\/funksjoner\/kontakt-og-nokkelinformasjon\/\",\"name\":\"Kontakt og n\u00f8kkelinformasjon - Gibbs.no - Bookingsystem\",\"isPartOf\":{\"@id\":\"https:\/\/staging3.dev.gibbs.no\/#website\"},\"datePublished\":\"2023-10-01T19:56:54+00:00\",\"dateModified\":\"2023-10-06T19:44:46+00:00\",\"breadcrumb\":{\"@id\":\"https:\/\/staging3.dev.gibbs.no\/funksjoner\/kontakt-og-nokkelinformasjon\/#breadcrumb\"},\"inLanguage\":\"da-DK\",\"potentialAction\":[{\"@type\":\"ReadAction\",\"target\":[\"https:\/\/staging3.dev.gibbs.no\/funksjoner\/kontakt-og-nokkelinformasjon\/\"]}]},{\"@type\":\"BreadcrumbList\",\"@id\":\"https:\/\/staging3.dev.gibbs.no\/funksjoner\/kontakt-og-nokkelinformasjon\/#breadcrumb\",\"itemListElement\":[{\"@type\":\"ListItem\",\"position\":1,\"name\":\"Home\",\"item\":\"https:\/\/staging3.dev.gibbs.no\/\"},{\"@type\":\"ListItem\",\"position\":2,\"name\":\"Funksjoner\",\"item\":\"https:\/\/staging3.dev.gibbs.no\/funksjoner\/\"},{\"@type\":\"ListItem\",\"position\":3,\"name\":\"Kontakt og n\u00f8kkelinformasjon\"}]},{\"@type\":\"WebSite\",\"@id\":\"https:\/\/staging3.dev.gibbs.no\/#website\",\"url\":\"https:\/\/staging3.dev.gibbs.no\/\",\"name\":\"Gibbs.no\",\"description\":\"Bookingsystem - 1.Book 2.Betal 3.\u00c5pne\",\"publisher\":{\"@id\":\"https:\/\/staging3.dev.gibbs.no\/#organization\"},\"potentialAction\":[{\"@type\":\"SearchAction\",\"target\":{\"@type\":\"EntryPoint\",\"urlTemplate\":\"https:\/\/staging3.dev.gibbs.no\/?s={search_term_string}\"},\"query-input\":\"required name=search_term_string\"}],\"inLanguage\":\"da-DK\"},{\"@type\":\"Organization\",\"@id\":\"https:\/\/staging3.dev.gibbs.no\/#organization\",\"name\":\"Gibbs AS\",\"url\":\"https:\/\/staging3.dev.gibbs.no\/\",\"logo\":{\"@type\":\"ImageObject\",\"inLanguage\":\"da-DK\",\"@id\":\"https:\/\/staging3.dev.gibbs.no\/#\/schema\/logo\/image\/\",\"url\":\"https:\/\/www.gibbs.no\/wp-content\/uploads\/2023\/11\/Gibbs-bookingsystem-logo.png\",\"contentUrl\":\"https:\/\/www.gibbs.no\/wp-content\/uploads\/2023\/11\/Gibbs-bookingsystem-logo.png\",\"width\":696,\"height\":696,\"caption\":\"Gibbs AS\"},\"image\":{\"@id\":\"https:\/\/staging3.dev.gibbs.no\/#\/schema\/logo\/image\/\"},\"sameAs\":[\"https:\/\/www.facebook.com\/GibbsNorge\",\"https:\/\/www.linkedin.com\/company\/gibbsnorge\"]}]}<\/script>\n<!-- \/ Yoast SEO plugin. -->","yoast_head_json":{"title":"Kontakt og n\u00f8kkelinformasjon - Gibbs.no - Bookingsystem","robots":{"index":"index","follow":"follow","max-snippet":"max-snippet:-1","max-image-preview":"max-image-preview:large","max-video-preview":"max-video-preview:-1"},"canonical":"https:\/\/staging3.dev.gibbs.no\/da\/funksjoner\/kontakt-og-nokkelinformasjon\/","og_locale":"da_DK","og_type":"article","og_title":"Kontakt og n\u00f8kkelinformasjon - Gibbs.no - Bookingsystem","og_description":"Her kan det legge inn viktig informasjon og kontaktdata for utleieobjektene. Dette kan inkludere detaljer om utleieobjektets unike beliggenhet, regler og restriksjoner, samt kontaktinformasjon for utleieren eller administratoren. Ved \u00e5 gj\u00f8re slik informasjon tydelig tilgjengelig, kan utleieren \u00f8ke sjansen for at potensielle leietakere tar kontakt og fullf\u00f8rer en bestilling.","og_url":"https:\/\/staging3.dev.gibbs.no\/da\/funksjoner\/kontakt-og-nokkelinformasjon\/","og_site_name":"Gibbs.no - Bookingsystem","article_publisher":"https:\/\/www.facebook.com\/GibbsNorge","article_modified_time":"2023-10-06T19:44:46+00:00","og_image":[{"url":"https:\/\/gibbs-produkter.no\/wp-content\/uploads\/2023\/05\/kontaktinfo-1024x552.png"}],"twitter_card":"summary_large_image","schema":{"@context":"https:\/\/schema.org","@graph":[{"@type":"WebPage","@id":"https:\/\/staging3.dev.gibbs.no\/funksjoner\/kontakt-og-nokkelinformasjon\/","url":"https:\/\/staging3.dev.gibbs.no\/funksjoner\/kontakt-og-nokkelinformasjon\/","name":"Kontakt og n\u00f8kkelinformasjon - Gibbs.no - Bookingsystem","isPartOf":{"@id":"https:\/\/staging3.dev.gibbs.no\/#website"},"datePublished":"2023-10-01T19:56:54+00:00","dateModified":"2023-10-06T19:44:46+00:00","breadcrumb":{"@id":"https:\/\/staging3.dev.gibbs.no\/funksjoner\/kontakt-og-nokkelinformasjon\/#breadcrumb"},"inLanguage":"da-DK","potentialAction":[{"@type":"ReadAction","target":["https:\/\/staging3.dev.gibbs.no\/funksjoner\/kontakt-og-nokkelinformasjon\/"]}]},{"@type":"BreadcrumbList","@id":"https:\/\/staging3.dev.gibbs.no\/funksjoner\/kontakt-og-nokkelinformasjon\/#breadcrumb","itemListElement":[{"@type":"ListItem","position":1,"name":"Home","item":"https:\/\/staging3.dev.gibbs.no\/"},{"@type":"ListItem","position":2,"name":"Funksjoner","item":"https:\/\/staging3.dev.gibbs.no\/funksjoner\/"},{"@type":"ListItem","position":3,"name":"Kontakt og n\u00f8kkelinformasjon"}]},{"@type":"WebSite","@id":"https:\/\/staging3.dev.gibbs.no\/#website","url":"https:\/\/staging3.dev.gibbs.no\/","name":"Gibbs.no","description":"Bookingsystem - 1.Book 2.Betal 3.\u00c5pne","publisher":{"@id":"https:\/\/staging3.dev.gibbs.no\/#organization"},"potentialAction":[{"@type":"SearchAction","target":{"@type":"EntryPoint","urlTemplate":"https:\/\/staging3.dev.gibbs.no\/?s={search_term_string}"},"query-input":"required name=search_term_string"}],"inLanguage":"da-DK"},{"@type":"Organization","@id":"https:\/\/staging3.dev.gibbs.no\/#organization","name":"Gibbs AS","url":"https:\/\/staging3.dev.gibbs.no\/","logo":{"@type":"ImageObject","inLanguage":"da-DK","@id":"https:\/\/staging3.dev.gibbs.no\/#\/schema\/logo\/image\/","url":"https:\/\/www.gibbs.no\/wp-content\/uploads\/2023\/11\/Gibbs-bookingsystem-logo.png","contentUrl":"https:\/\/www.gibbs.no\/wp-content\/uploads\/2023\/11\/Gibbs-bookingsystem-logo.png","width":696,"height":696,"caption":"Gibbs AS"},"image":{"@id":"https:\/\/staging3.dev.gibbs.no\/#\/schema\/logo\/image\/"},"sameAs":["https:\/\/www.facebook.com\/GibbsNorge","https:\/\/www.linkedin.com\/company\/gibbsnorge"]}]}},"uagb_featured_image_src":{"full":false,"thumbnail":false,"medium":false,"medium_large":false,"large":false,"1536x1536":false,"2048x2048":false,"trp-custom-language-flag":false,"post-thumbnail":false,"listeo-avatar":false,"listeo-blog-post":false,"listeo-blog-related-post":false,"listeo-post-thumb":false,"listeo-gallery":false,"listeo-listing-grid":false,"listeo_core-avatar":false,"listeo_core-preview":false,"woocommerce_thumbnail":false,"woocommerce_single":false,"woocommerce_gallery_thumbnail":false},"uagb_author_info":{"display_name":"K Gibbs","author_link":"https:\/\/staging3.dev.gibbs.no\/da\/author\/kamil-gryga94gmail-com\/"},"uagb_comment_info":0,"uagb_excerpt":"Her kan det legge inn viktig informasjon og kontaktdata for utleieobjektene. Dette kan inkludere detaljer om utleieobjektets unike beliggenhet, regler og restriksjoner, samt kontaktinformasjon for utleieren eller administratoren. Ved \u00e5 gj\u00f8re slik informasjon tydelig tilgjengelig, kan utleieren \u00f8ke sjansen for at potensielle leietakere tar kontakt og fullf\u00f8rer en bestilling.","_links":{"self":[{"href":"https:\/\/staging3.dev.gibbs.no\/da\/wp-json\/wp\/v2\/pages\/15721","targetHints":{"allow":["GET"]}}],"collection":[{"href":"https:\/\/staging3.dev.gibbs.no\/da\/wp-json\/wp\/v2\/pages"}],"about":[{"href":"https:\/\/staging3.dev.gibbs.no\/da\/wp-json\/wp\/v2\/types\/page"}],"author":[{"embeddable":true,"href":"https:\/\/staging3.dev.gibbs.no\/da\/wp-json\/wp\/v2\/users\/1"}],"replies":[{"embeddable":true,"href":"https:\/\/staging3.dev.gibbs.no\/da\/wp-json\/wp\/v2\/comments?post=15721"}],"version-history":[{"count":1,"href":"https:\/\/staging3.dev.gibbs.no\/da\/wp-json\/wp\/v2\/pages\/15721\/revisions"}],"predecessor-version":[{"id":15722,"href":"https:\/\/staging3.dev.gibbs.no\/da\/wp-json\/wp\/v2\/pages\/15721\/revisions\/15722"}],"up":[{"embeddable":true,"href":"https:\/\/staging3.dev.gibbs.no\/da\/wp-json\/wp\/v2\/pages\/15567"}],"wp:attachment":[{"href":"https:\/\/staging3.dev.gibbs.no\/da\/wp-json\/wp\/v2\/media?parent=15721"}],"curies":[{"name":"wp","href":"https:\/\/api.w.org\/{rel}","templated":true}]}}