{"id":15710,"date":"2023-10-01T21:23:42","date_gmt":"2023-10-01T19:23:42","guid":{"rendered":"https:\/\/staging3.dev.gibbs.no\/?page_id=15710"},"modified":"2023-10-07T21:21:59","modified_gmt":"2023-10-07T19:21:59","slug":"integrasjoner","status":"publish","type":"page","link":"https:\/\/staging3.dev.gibbs.no\/da\/funksjoner\/integrasjoner\/","title":{"rendered":"Integrationer"},"content":{"rendered":"<h3 class=\"wp-block-heading\">Hvad kan integreres og hvorfor?<\/h3>\n\n\n\n<p>integrationer giver en problemfri og effektiv overf\u00f8rsel af data mellem forskellige systemer, hvilket sparer tid og reducerer risikoen for fejl og manuelle opgaver.<\/p>\n\n\n\n<h4 class=\"wp-block-heading\">Adgangsl\u00e5se<\/h4>\n\n\n\n<p>Udlejer kan tilknytte sine lejeboliger, s\u00e5 de kan sende adgangskoden\/linket p\u00e5 SMS for den bestilte periode<\/p>\n\n\n\n<h4 class=\"wp-block-heading\">Fakturering &amp; regnskab<\/h4>\n\n\n\n<p>Hvis du hellere vil sende fakturaen til kunden automatisk fra dit fakturasystem. Hvis du vil g\u00f8re det manuelt og kun f\u00e5 fakturagrundlaget fra Gibbs, s\u00e5 tag et kig <a href=\"https:\/\/gibbs-produkter.no\/funksjoner\/#offline_betaling\" target=\"_blank\" rel=\"noreferrer noopener\">offline betaling<\/a><\/p>\n\n\n\n<h4 class=\"wp-block-heading\">Varmekontrol<\/h4>\n\n\n\n<p>T\u00e6nd for automatisk varme umiddelbart f\u00f8r lejeperioden og sluk efter lejeperiodens udl\u00f8b. Spar milj\u00f8et og spar penge!<\/p>\n\n\n\n<figure class=\"wp-block-image size-full\"><img loading=\"lazy\" decoding=\"async\" width=\"914\" height=\"251\" src=\"https:\/\/staging3.dev.gibbs.no\/wp-content\/uploads\/2023\/10\/integrasjoner.png\" alt=\"\" class=\"wp-image-17009\" srcset=\"https:\/\/staging3.dev.gibbs.no\/wp-content\/uploads\/2023\/10\/integrasjoner.png 914w, https:\/\/staging3.dev.gibbs.no\/wp-content\/uploads\/2023\/10\/integrasjoner-300x82.png 300w, https:\/\/staging3.dev.gibbs.no\/wp-content\/uploads\/2023\/10\/integrasjoner-768x211.png 768w, https:\/\/staging3.dev.gibbs.no\/wp-content\/uploads\/2023\/10\/integrasjoner-18x5.png 18w, https:\/\/staging3.dev.gibbs.no\/wp-content\/uploads\/2023\/10\/integrasjoner-590x162.png 590w, https:\/\/staging3.dev.gibbs.no\/wp-content\/uploads\/2023\/10\/integrasjoner-577x158.png 577w, https:\/\/staging3.dev.gibbs.no\/wp-content\/uploads\/2023\/10\/integrasjoner-600x165.png 600w\" sizes=\"auto, (max-width: 914px) 100vw, 914px\" \/><\/figure>","protected":false},"excerpt":{"rendered":"<p>Hva kan integreres og hvorfor? integrasjoner gir en s\u00f8ml\u00f8s og effektiv overf\u00f8ring av data mellom forskjellige systemer, som sparer tid og reduserer risikoen for feil og manuelle oppgaver. Adgangsl\u00e5ser Utleier kan koble opp sine utleieobjekter slik at de kan sende adgangskode\/link p\u00e5 sms for booket periode Fakturering &amp; regnskap Hvis du vil heller sende faktura [&hellip;]<\/p>","protected":false},"author":1,"featured_media":0,"parent":15567,"menu_order":0,"comment_status":"closed","ping_status":"closed","template":"page-template-popup.php","meta":{"inline_featured_image":false,"_uag_custom_page_level_css":"","footnotes":""},"class_list":["post-15710","page","type-page","status-publish","hentry"],"yoast_head":"<!-- This site is optimized with the Yoast SEO plugin v20.8 - https:\/\/yoast.com\/wordpress\/plugins\/seo\/ -->\n<title>Integrasjoner - Gibbs.no - Bookingsystem<\/title>\n<meta name=\"robots\" content=\"index, follow, max-snippet:-1, max-image-preview:large, max-video-preview:-1\" \/>\n<link rel=\"canonical\" href=\"https:\/\/staging3.dev.gibbs.no\/da\/funksjoner\/integrasjoner\/\" \/>\n<meta property=\"og:locale\" content=\"da_DK\" \/>\n<meta property=\"og:type\" content=\"article\" \/>\n<meta property=\"og:title\" content=\"Integrasjoner - Gibbs.no - Bookingsystem\" \/>\n<meta property=\"og:description\" content=\"Hva kan integreres og hvorfor? integrasjoner gir en s\u00f8ml\u00f8s og effektiv overf\u00f8ring av data mellom forskjellige systemer, som sparer tid og reduserer risikoen for feil og manuelle oppgaver. Adgangsl\u00e5ser Utleier kan koble opp sine utleieobjekter slik at de kan sende adgangskode\/link p\u00e5 sms for booket periode Fakturering &amp; regnskap Hvis du vil heller sende faktura [&hellip;]\" \/>\n<meta property=\"og:url\" content=\"https:\/\/staging3.dev.gibbs.no\/da\/funksjoner\/integrasjoner\/\" \/>\n<meta property=\"og:site_name\" content=\"Gibbs.no - Bookingsystem\" \/>\n<meta property=\"article:publisher\" content=\"https:\/\/www.facebook.com\/GibbsNorge\" \/>\n<meta property=\"article:modified_time\" content=\"2023-10-07T19:21:59+00:00\" \/>\n<meta property=\"og:image\" content=\"https:\/\/staging3.dev.gibbs.no\/wp-content\/uploads\/2023\/10\/integrasjoner.png\" \/>\n<meta name=\"twitter:card\" content=\"summary_large_image\" \/>\n<meta name=\"twitter:label1\" content=\"Est. reading time\" \/>\n\t<meta name=\"twitter:data1\" content=\"1 minute\" \/>\n<script type=\"application\/ld+json\" class=\"yoast-schema-graph\">{\"@context\":\"https:\/\/schema.org\",\"@graph\":[{\"@type\":\"WebPage\",\"@id\":\"https:\/\/staging3.dev.gibbs.no\/funksjoner\/integrasjoner\/\",\"url\":\"https:\/\/staging3.dev.gibbs.no\/funksjoner\/integrasjoner\/\",\"name\":\"Integrasjoner - Gibbs.no - Bookingsystem\",\"isPartOf\":{\"@id\":\"https:\/\/staging3.dev.gibbs.no\/#website\"},\"datePublished\":\"2023-10-01T19:23:42+00:00\",\"dateModified\":\"2023-10-07T19:21:59+00:00\",\"breadcrumb\":{\"@id\":\"https:\/\/staging3.dev.gibbs.no\/funksjoner\/integrasjoner\/#breadcrumb\"},\"inLanguage\":\"da-DK\",\"potentialAction\":[{\"@type\":\"ReadAction\",\"target\":[\"https:\/\/staging3.dev.gibbs.no\/funksjoner\/integrasjoner\/\"]}]},{\"@type\":\"BreadcrumbList\",\"@id\":\"https:\/\/staging3.dev.gibbs.no\/funksjoner\/integrasjoner\/#breadcrumb\",\"itemListElement\":[{\"@type\":\"ListItem\",\"position\":1,\"name\":\"Home\",\"item\":\"https:\/\/staging3.dev.gibbs.no\/\"},{\"@type\":\"ListItem\",\"position\":2,\"name\":\"Funksjoner\",\"item\":\"https:\/\/staging3.dev.gibbs.no\/funksjoner\/\"},{\"@type\":\"ListItem\",\"position\":3,\"name\":\"Integrasjoner\"}]},{\"@type\":\"WebSite\",\"@id\":\"https:\/\/staging3.dev.gibbs.no\/#website\",\"url\":\"https:\/\/staging3.dev.gibbs.no\/\",\"name\":\"Gibbs.no\",\"description\":\"Bookingsystem - 1.Book 2.Betal 3.\u00c5pne\",\"publisher\":{\"@id\":\"https:\/\/staging3.dev.gibbs.no\/#organization\"},\"potentialAction\":[{\"@type\":\"SearchAction\",\"target\":{\"@type\":\"EntryPoint\",\"urlTemplate\":\"https:\/\/staging3.dev.gibbs.no\/?s={search_term_string}\"},\"query-input\":\"required name=search_term_string\"}],\"inLanguage\":\"da-DK\"},{\"@type\":\"Organization\",\"@id\":\"https:\/\/staging3.dev.gibbs.no\/#organization\",\"name\":\"Gibbs AS\",\"url\":\"https:\/\/staging3.dev.gibbs.no\/\",\"logo\":{\"@type\":\"ImageObject\",\"inLanguage\":\"da-DK\",\"@id\":\"https:\/\/staging3.dev.gibbs.no\/#\/schema\/logo\/image\/\",\"url\":\"https:\/\/www.gibbs.no\/wp-content\/uploads\/2023\/11\/Gibbs-bookingsystem-logo.png\",\"contentUrl\":\"https:\/\/www.gibbs.no\/wp-content\/uploads\/2023\/11\/Gibbs-bookingsystem-logo.png\",\"width\":696,\"height\":696,\"caption\":\"Gibbs AS\"},\"image\":{\"@id\":\"https:\/\/staging3.dev.gibbs.no\/#\/schema\/logo\/image\/\"},\"sameAs\":[\"https:\/\/www.facebook.com\/GibbsNorge\",\"https:\/\/www.linkedin.com\/company\/gibbsnorge\"]}]}<\/script>\n<!-- \/ Yoast SEO plugin. -->","yoast_head_json":{"title":"Integrasjoner - Gibbs.no - Bookingsystem","robots":{"index":"index","follow":"follow","max-snippet":"max-snippet:-1","max-image-preview":"max-image-preview:large","max-video-preview":"max-video-preview:-1"},"canonical":"https:\/\/staging3.dev.gibbs.no\/da\/funksjoner\/integrasjoner\/","og_locale":"da_DK","og_type":"article","og_title":"Integrasjoner - Gibbs.no - Bookingsystem","og_description":"Hva kan integreres og hvorfor? integrasjoner gir en s\u00f8ml\u00f8s og effektiv overf\u00f8ring av data mellom forskjellige systemer, som sparer tid og reduserer risikoen for feil og manuelle oppgaver. Adgangsl\u00e5ser Utleier kan koble opp sine utleieobjekter slik at de kan sende adgangskode\/link p\u00e5 sms for booket periode Fakturering &amp; regnskap Hvis du vil heller sende faktura [&hellip;]","og_url":"https:\/\/staging3.dev.gibbs.no\/da\/funksjoner\/integrasjoner\/","og_site_name":"Gibbs.no - Bookingsystem","article_publisher":"https:\/\/www.facebook.com\/GibbsNorge","article_modified_time":"2023-10-07T19:21:59+00:00","og_image":[{"url":"https:\/\/staging3.dev.gibbs.no\/wp-content\/uploads\/2023\/10\/integrasjoner.png"}],"twitter_card":"summary_large_image","twitter_misc":{"Est. reading time":"1 minute"},"schema":{"@context":"https:\/\/schema.org","@graph":[{"@type":"WebPage","@id":"https:\/\/staging3.dev.gibbs.no\/funksjoner\/integrasjoner\/","url":"https:\/\/staging3.dev.gibbs.no\/funksjoner\/integrasjoner\/","name":"Integrasjoner - Gibbs.no - Bookingsystem","isPartOf":{"@id":"https:\/\/staging3.dev.gibbs.no\/#website"},"datePublished":"2023-10-01T19:23:42+00:00","dateModified":"2023-10-07T19:21:59+00:00","breadcrumb":{"@id":"https:\/\/staging3.dev.gibbs.no\/funksjoner\/integrasjoner\/#breadcrumb"},"inLanguage":"da-DK","potentialAction":[{"@type":"ReadAction","target":["https:\/\/staging3.dev.gibbs.no\/funksjoner\/integrasjoner\/"]}]},{"@type":"BreadcrumbList","@id":"https:\/\/staging3.dev.gibbs.no\/funksjoner\/integrasjoner\/#breadcrumb","itemListElement":[{"@type":"ListItem","position":1,"name":"Home","item":"https:\/\/staging3.dev.gibbs.no\/"},{"@type":"ListItem","position":2,"name":"Funksjoner","item":"https:\/\/staging3.dev.gibbs.no\/funksjoner\/"},{"@type":"ListItem","position":3,"name":"Integrasjoner"}]},{"@type":"WebSite","@id":"https:\/\/staging3.dev.gibbs.no\/#website","url":"https:\/\/staging3.dev.gibbs.no\/","name":"Gibbs.no","description":"Bookingsystem - 1.Book 2.Betal 3.\u00c5pne","publisher":{"@id":"https:\/\/staging3.dev.gibbs.no\/#organization"},"potentialAction":[{"@type":"SearchAction","target":{"@type":"EntryPoint","urlTemplate":"https:\/\/staging3.dev.gibbs.no\/?s={search_term_string}"},"query-input":"required name=search_term_string"}],"inLanguage":"da-DK"},{"@type":"Organization","@id":"https:\/\/staging3.dev.gibbs.no\/#organization","name":"Gibbs AS","url":"https:\/\/staging3.dev.gibbs.no\/","logo":{"@type":"ImageObject","inLanguage":"da-DK","@id":"https:\/\/staging3.dev.gibbs.no\/#\/schema\/logo\/image\/","url":"https:\/\/www.gibbs.no\/wp-content\/uploads\/2023\/11\/Gibbs-bookingsystem-logo.png","contentUrl":"https:\/\/www.gibbs.no\/wp-content\/uploads\/2023\/11\/Gibbs-bookingsystem-logo.png","width":696,"height":696,"caption":"Gibbs AS"},"image":{"@id":"https:\/\/staging3.dev.gibbs.no\/#\/schema\/logo\/image\/"},"sameAs":["https:\/\/www.facebook.com\/GibbsNorge","https:\/\/www.linkedin.com\/company\/gibbsnorge"]}]}},"uagb_featured_image_src":{"full":false,"thumbnail":false,"medium":false,"medium_large":false,"large":false,"1536x1536":false,"2048x2048":false,"trp-custom-language-flag":false,"post-thumbnail":false,"listeo-avatar":false,"listeo-blog-post":false,"listeo-blog-related-post":false,"listeo-post-thumb":false,"listeo-gallery":false,"listeo-listing-grid":false,"listeo_core-avatar":false,"listeo_core-preview":false,"woocommerce_thumbnail":false,"woocommerce_single":false,"woocommerce_gallery_thumbnail":false},"uagb_author_info":{"display_name":"K Gibbs","author_link":"https:\/\/staging3.dev.gibbs.no\/da\/author\/kamil-gryga94gmail-com\/"},"uagb_comment_info":0,"uagb_excerpt":"Hva kan integreres og hvorfor? integrasjoner gir en s\u00f8ml\u00f8s og effektiv overf\u00f8ring av data mellom forskjellige systemer, som sparer tid og reduserer risikoen for feil og manuelle oppgaver. Adgangsl\u00e5ser Utleier kan koble opp sine utleieobjekter slik at de kan sende adgangskode\/link p\u00e5 sms for booket periode Fakturering &amp; regnskap Hvis du vil heller sende faktura&hellip;","_links":{"self":[{"href":"https:\/\/staging3.dev.gibbs.no\/da\/wp-json\/wp\/v2\/pages\/15710","targetHints":{"allow":["GET"]}}],"collection":[{"href":"https:\/\/staging3.dev.gibbs.no\/da\/wp-json\/wp\/v2\/pages"}],"about":[{"href":"https:\/\/staging3.dev.gibbs.no\/da\/wp-json\/wp\/v2\/types\/page"}],"author":[{"embeddable":true,"href":"https:\/\/staging3.dev.gibbs.no\/da\/wp-json\/wp\/v2\/users\/1"}],"replies":[{"embeddable":true,"href":"https:\/\/staging3.dev.gibbs.no\/da\/wp-json\/wp\/v2\/comments?post=15710"}],"version-history":[{"count":2,"href":"https:\/\/staging3.dev.gibbs.no\/da\/wp-json\/wp\/v2\/pages\/15710\/revisions"}],"predecessor-version":[{"id":17021,"href":"https:\/\/staging3.dev.gibbs.no\/da\/wp-json\/wp\/v2\/pages\/15710\/revisions\/17021"}],"up":[{"embeddable":true,"href":"https:\/\/staging3.dev.gibbs.no\/da\/wp-json\/wp\/v2\/pages\/15567"}],"wp:attachment":[{"href":"https:\/\/staging3.dev.gibbs.no\/da\/wp-json\/wp\/v2\/media?parent=15710"}],"curies":[{"name":"wp","href":"https:\/\/api.w.org\/{rel}","templated":true}]}}