{"id":15689,"date":"2023-10-01T21:08:23","date_gmt":"2023-10-01T19:08:23","guid":{"rendered":"https:\/\/staging3.dev.gibbs.no\/?page_id=15689"},"modified":"2023-10-07T21:21:33","modified_gmt":"2023-10-07T19:21:33","slug":"automatisk-tilgang-adgangskontroll","status":"publish","type":"page","link":"https:\/\/staging3.dev.gibbs.no\/da\/funksjoner\/automatisk-tilgang-adgangskontroll\/","title":{"rendered":"Automatisk adgang og adgangskontrol"},"content":{"rendered":"<p>Med automatisk adgang kan udlejer koble lejeobjekter sammen med en digital l\u00e5s. Efter en gennemf\u00f8rt eller godkendt booking modtager lejer en SMS og\/eller e-mail med en kode, der kun er gyldig i det bookede tidsrum.<\/p>\n\n\n\n<p>Vi anbefaler at bruge <strong><a href=\"https:\/\/www.igloohome.co\/\" target=\"_blank\" rel=\"noreferrer noopener\">Igloohome<\/a><\/strong> deres l\u00e5se, da disse hverken beh\u00f8ver WIFI eller el for at fungere optimalt med vores system. Kontakt os for at s\u00e6tte dette op \ud83d\ude42<\/p>\n\n\n\n<figure class=\"wp-block-image size-full\"><img loading=\"lazy\" decoding=\"async\" width=\"922\" height=\"472\" src=\"https:\/\/staging3.dev.gibbs.no\/wp-content\/uploads\/2023\/10\/adgangskontroll.png\" alt=\"\" class=\"wp-image-17012\" srcset=\"https:\/\/staging3.dev.gibbs.no\/wp-content\/uploads\/2023\/10\/adgangskontroll.png 922w, https:\/\/staging3.dev.gibbs.no\/wp-content\/uploads\/2023\/10\/adgangskontroll-300x154.png 300w, https:\/\/staging3.dev.gibbs.no\/wp-content\/uploads\/2023\/10\/adgangskontroll-768x393.png 768w, https:\/\/staging3.dev.gibbs.no\/wp-content\/uploads\/2023\/10\/adgangskontroll-18x9.png 18w, https:\/\/staging3.dev.gibbs.no\/wp-content\/uploads\/2023\/10\/adgangskontroll-590x302.png 590w, https:\/\/staging3.dev.gibbs.no\/wp-content\/uploads\/2023\/10\/adgangskontroll-577x295.png 577w, https:\/\/staging3.dev.gibbs.no\/wp-content\/uploads\/2023\/10\/adgangskontroll-600x307.png 600w\" sizes=\"auto, (max-width: 922px) 100vw, 922px\" \/><\/figure>","protected":false},"excerpt":{"rendered":"<p>Med automatisk tilgang kan utleier koble opp utleieobjekter sammen med en digital l\u00e5s. Etter gjennomf\u00f8rt eller godkjent booking, f\u00e5r leietaker en sms og eller epost med kode som kun er gyldig for booket tidsperiode. Vi anbefaler \u00e5 bruke Iglohoome sine l\u00e5ser, da disse ikke trenger WIFI eller str\u00f8m for \u00e5 fungerer optimalt med v\u00e5rt system. [&hellip;]<\/p>","protected":false},"author":1,"featured_media":0,"parent":15567,"menu_order":0,"comment_status":"closed","ping_status":"closed","template":"page-template-popup.php","meta":{"inline_featured_image":false,"_uag_custom_page_level_css":"","footnotes":""},"class_list":["post-15689","page","type-page","status-publish","hentry"],"yoast_head":"<!-- This site is optimized with the Yoast SEO plugin v20.8 - https:\/\/yoast.com\/wordpress\/plugins\/seo\/ -->\n<title>Automatisk tilgang &amp; adgangskontroll - Gibbs.no - Bookingsystem<\/title>\n<meta name=\"robots\" content=\"index, follow, max-snippet:-1, max-image-preview:large, max-video-preview:-1\" \/>\n<link rel=\"canonical\" href=\"https:\/\/staging3.dev.gibbs.no\/da\/funksjoner\/automatisk-tilgang-adgangskontroll\/\" \/>\n<meta property=\"og:locale\" content=\"da_DK\" \/>\n<meta property=\"og:type\" content=\"article\" \/>\n<meta property=\"og:title\" content=\"Automatisk tilgang &amp; adgangskontroll - Gibbs.no - Bookingsystem\" \/>\n<meta property=\"og:description\" content=\"Med automatisk tilgang kan utleier koble opp utleieobjekter sammen med en digital l\u00e5s. Etter gjennomf\u00f8rt eller godkjent booking, f\u00e5r leietaker en sms og eller epost med kode som kun er gyldig for booket tidsperiode. Vi anbefaler \u00e5 bruke Iglohoome sine l\u00e5ser, da disse ikke trenger WIFI eller str\u00f8m for \u00e5 fungerer optimalt med v\u00e5rt system. [&hellip;]\" \/>\n<meta property=\"og:url\" content=\"https:\/\/staging3.dev.gibbs.no\/da\/funksjoner\/automatisk-tilgang-adgangskontroll\/\" \/>\n<meta property=\"og:site_name\" content=\"Gibbs.no - Bookingsystem\" \/>\n<meta property=\"article:publisher\" content=\"https:\/\/www.facebook.com\/GibbsNorge\" \/>\n<meta property=\"article:modified_time\" content=\"2023-10-07T19:21:33+00:00\" \/>\n<meta property=\"og:image\" content=\"https:\/\/staging3.dev.gibbs.no\/wp-content\/uploads\/2023\/10\/adgangskontroll.png\" \/>\n<meta name=\"twitter:card\" content=\"summary_large_image\" \/>\n<script type=\"application\/ld+json\" class=\"yoast-schema-graph\">{\"@context\":\"https:\/\/schema.org\",\"@graph\":[{\"@type\":\"WebPage\",\"@id\":\"https:\/\/staging3.dev.gibbs.no\/funksjoner\/automatisk-tilgang-adgangskontroll\/\",\"url\":\"https:\/\/staging3.dev.gibbs.no\/funksjoner\/automatisk-tilgang-adgangskontroll\/\",\"name\":\"Automatisk tilgang &amp; adgangskontroll - Gibbs.no - Bookingsystem\",\"isPartOf\":{\"@id\":\"https:\/\/staging3.dev.gibbs.no\/#website\"},\"datePublished\":\"2023-10-01T19:08:23+00:00\",\"dateModified\":\"2023-10-07T19:21:33+00:00\",\"breadcrumb\":{\"@id\":\"https:\/\/staging3.dev.gibbs.no\/funksjoner\/automatisk-tilgang-adgangskontroll\/#breadcrumb\"},\"inLanguage\":\"da-DK\",\"potentialAction\":[{\"@type\":\"ReadAction\",\"target\":[\"https:\/\/staging3.dev.gibbs.no\/funksjoner\/automatisk-tilgang-adgangskontroll\/\"]}]},{\"@type\":\"BreadcrumbList\",\"@id\":\"https:\/\/staging3.dev.gibbs.no\/funksjoner\/automatisk-tilgang-adgangskontroll\/#breadcrumb\",\"itemListElement\":[{\"@type\":\"ListItem\",\"position\":1,\"name\":\"Home\",\"item\":\"https:\/\/staging3.dev.gibbs.no\/\"},{\"@type\":\"ListItem\",\"position\":2,\"name\":\"Funksjoner\",\"item\":\"https:\/\/staging3.dev.gibbs.no\/funksjoner\/\"},{\"@type\":\"ListItem\",\"position\":3,\"name\":\"Automatisk tilgang &amp; adgangskontroll\"}]},{\"@type\":\"WebSite\",\"@id\":\"https:\/\/staging3.dev.gibbs.no\/#website\",\"url\":\"https:\/\/staging3.dev.gibbs.no\/\",\"name\":\"Gibbs.no\",\"description\":\"Bookingsystem - 1.Book 2.Betal 3.\u00c5pne\",\"publisher\":{\"@id\":\"https:\/\/staging3.dev.gibbs.no\/#organization\"},\"potentialAction\":[{\"@type\":\"SearchAction\",\"target\":{\"@type\":\"EntryPoint\",\"urlTemplate\":\"https:\/\/staging3.dev.gibbs.no\/?s={search_term_string}\"},\"query-input\":\"required name=search_term_string\"}],\"inLanguage\":\"da-DK\"},{\"@type\":\"Organization\",\"@id\":\"https:\/\/staging3.dev.gibbs.no\/#organization\",\"name\":\"Gibbs AS\",\"url\":\"https:\/\/staging3.dev.gibbs.no\/\",\"logo\":{\"@type\":\"ImageObject\",\"inLanguage\":\"da-DK\",\"@id\":\"https:\/\/staging3.dev.gibbs.no\/#\/schema\/logo\/image\/\",\"url\":\"https:\/\/www.gibbs.no\/wp-content\/uploads\/2023\/11\/Gibbs-bookingsystem-logo.png\",\"contentUrl\":\"https:\/\/www.gibbs.no\/wp-content\/uploads\/2023\/11\/Gibbs-bookingsystem-logo.png\",\"width\":696,\"height\":696,\"caption\":\"Gibbs AS\"},\"image\":{\"@id\":\"https:\/\/staging3.dev.gibbs.no\/#\/schema\/logo\/image\/\"},\"sameAs\":[\"https:\/\/www.facebook.com\/GibbsNorge\",\"https:\/\/www.linkedin.com\/company\/gibbsnorge\"]}]}<\/script>\n<!-- \/ Yoast SEO plugin. -->","yoast_head_json":{"title":"Automatisk tilgang &amp; adgangskontroll - Gibbs.no - Bookingsystem","robots":{"index":"index","follow":"follow","max-snippet":"max-snippet:-1","max-image-preview":"max-image-preview:large","max-video-preview":"max-video-preview:-1"},"canonical":"https:\/\/staging3.dev.gibbs.no\/da\/funksjoner\/automatisk-tilgang-adgangskontroll\/","og_locale":"da_DK","og_type":"article","og_title":"Automatisk tilgang &amp; adgangskontroll - Gibbs.no - Bookingsystem","og_description":"Med automatisk tilgang kan utleier koble opp utleieobjekter sammen med en digital l\u00e5s. Etter gjennomf\u00f8rt eller godkjent booking, f\u00e5r leietaker en sms og eller epost med kode som kun er gyldig for booket tidsperiode. Vi anbefaler \u00e5 bruke Iglohoome sine l\u00e5ser, da disse ikke trenger WIFI eller str\u00f8m for \u00e5 fungerer optimalt med v\u00e5rt system. [&hellip;]","og_url":"https:\/\/staging3.dev.gibbs.no\/da\/funksjoner\/automatisk-tilgang-adgangskontroll\/","og_site_name":"Gibbs.no - Bookingsystem","article_publisher":"https:\/\/www.facebook.com\/GibbsNorge","article_modified_time":"2023-10-07T19:21:33+00:00","og_image":[{"url":"https:\/\/staging3.dev.gibbs.no\/wp-content\/uploads\/2023\/10\/adgangskontroll.png"}],"twitter_card":"summary_large_image","schema":{"@context":"https:\/\/schema.org","@graph":[{"@type":"WebPage","@id":"https:\/\/staging3.dev.gibbs.no\/funksjoner\/automatisk-tilgang-adgangskontroll\/","url":"https:\/\/staging3.dev.gibbs.no\/funksjoner\/automatisk-tilgang-adgangskontroll\/","name":"Automatisk tilgang &amp; adgangskontroll - Gibbs.no - Bookingsystem","isPartOf":{"@id":"https:\/\/staging3.dev.gibbs.no\/#website"},"datePublished":"2023-10-01T19:08:23+00:00","dateModified":"2023-10-07T19:21:33+00:00","breadcrumb":{"@id":"https:\/\/staging3.dev.gibbs.no\/funksjoner\/automatisk-tilgang-adgangskontroll\/#breadcrumb"},"inLanguage":"da-DK","potentialAction":[{"@type":"ReadAction","target":["https:\/\/staging3.dev.gibbs.no\/funksjoner\/automatisk-tilgang-adgangskontroll\/"]}]},{"@type":"BreadcrumbList","@id":"https:\/\/staging3.dev.gibbs.no\/funksjoner\/automatisk-tilgang-adgangskontroll\/#breadcrumb","itemListElement":[{"@type":"ListItem","position":1,"name":"Home","item":"https:\/\/staging3.dev.gibbs.no\/"},{"@type":"ListItem","position":2,"name":"Funksjoner","item":"https:\/\/staging3.dev.gibbs.no\/funksjoner\/"},{"@type":"ListItem","position":3,"name":"Automatisk tilgang &amp; adgangskontroll"}]},{"@type":"WebSite","@id":"https:\/\/staging3.dev.gibbs.no\/#website","url":"https:\/\/staging3.dev.gibbs.no\/","name":"Gibbs.no","description":"Bookingsystem - 1.Book 2.Betal 3.\u00c5pne","publisher":{"@id":"https:\/\/staging3.dev.gibbs.no\/#organization"},"potentialAction":[{"@type":"SearchAction","target":{"@type":"EntryPoint","urlTemplate":"https:\/\/staging3.dev.gibbs.no\/?s={search_term_string}"},"query-input":"required name=search_term_string"}],"inLanguage":"da-DK"},{"@type":"Organization","@id":"https:\/\/staging3.dev.gibbs.no\/#organization","name":"Gibbs AS","url":"https:\/\/staging3.dev.gibbs.no\/","logo":{"@type":"ImageObject","inLanguage":"da-DK","@id":"https:\/\/staging3.dev.gibbs.no\/#\/schema\/logo\/image\/","url":"https:\/\/www.gibbs.no\/wp-content\/uploads\/2023\/11\/Gibbs-bookingsystem-logo.png","contentUrl":"https:\/\/www.gibbs.no\/wp-content\/uploads\/2023\/11\/Gibbs-bookingsystem-logo.png","width":696,"height":696,"caption":"Gibbs AS"},"image":{"@id":"https:\/\/staging3.dev.gibbs.no\/#\/schema\/logo\/image\/"},"sameAs":["https:\/\/www.facebook.com\/GibbsNorge","https:\/\/www.linkedin.com\/company\/gibbsnorge"]}]}},"uagb_featured_image_src":{"full":false,"thumbnail":false,"medium":false,"medium_large":false,"large":false,"1536x1536":false,"2048x2048":false,"trp-custom-language-flag":false,"post-thumbnail":false,"listeo-avatar":false,"listeo-blog-post":false,"listeo-blog-related-post":false,"listeo-post-thumb":false,"listeo-gallery":false,"listeo-listing-grid":false,"listeo_core-avatar":false,"listeo_core-preview":false,"woocommerce_thumbnail":false,"woocommerce_single":false,"woocommerce_gallery_thumbnail":false},"uagb_author_info":{"display_name":"K Gibbs","author_link":"https:\/\/staging3.dev.gibbs.no\/da\/author\/kamil-gryga94gmail-com\/"},"uagb_comment_info":0,"uagb_excerpt":"Med automatisk tilgang kan utleier koble opp utleieobjekter sammen med en digital l\u00e5s. Etter gjennomf\u00f8rt eller godkjent booking, f\u00e5r leietaker en sms og eller epost med kode som kun er gyldig for booket tidsperiode. Vi anbefaler \u00e5 bruke Iglohoome sine l\u00e5ser, da disse ikke trenger WIFI eller str\u00f8m for \u00e5 fungerer optimalt med v\u00e5rt system.&hellip;","_links":{"self":[{"href":"https:\/\/staging3.dev.gibbs.no\/da\/wp-json\/wp\/v2\/pages\/15689","targetHints":{"allow":["GET"]}}],"collection":[{"href":"https:\/\/staging3.dev.gibbs.no\/da\/wp-json\/wp\/v2\/pages"}],"about":[{"href":"https:\/\/staging3.dev.gibbs.no\/da\/wp-json\/wp\/v2\/types\/page"}],"author":[{"embeddable":true,"href":"https:\/\/staging3.dev.gibbs.no\/da\/wp-json\/wp\/v2\/users\/1"}],"replies":[{"embeddable":true,"href":"https:\/\/staging3.dev.gibbs.no\/da\/wp-json\/wp\/v2\/comments?post=15689"}],"version-history":[{"count":2,"href":"https:\/\/staging3.dev.gibbs.no\/da\/wp-json\/wp\/v2\/pages\/15689\/revisions"}],"predecessor-version":[{"id":17019,"href":"https:\/\/staging3.dev.gibbs.no\/da\/wp-json\/wp\/v2\/pages\/15689\/revisions\/17019"}],"up":[{"embeddable":true,"href":"https:\/\/staging3.dev.gibbs.no\/da\/wp-json\/wp\/v2\/pages\/15567"}],"wp:attachment":[{"href":"https:\/\/staging3.dev.gibbs.no\/da\/wp-json\/wp\/v2\/media?parent=15689"}],"curies":[{"name":"wp","href":"https:\/\/api.w.org\/{rel}","templated":true}]}}