{"id":10457,"date":"2023-01-27T17:46:19","date_gmt":"2023-01-27T16:46:19","guid":{"rendered":"https:\/\/staging3.dev.gibbs.no\/?page_id=10457"},"modified":"2023-10-23T16:59:17","modified_gmt":"2023-10-23T14:59:17","slug":"tilgjengelighetserklaering","status":"publish","type":"page","link":"https:\/\/staging3.dev.gibbs.no\/da\/tilgjengelighetserklaering\/","title":{"rendered":"Erkl\u00e6ring om tilg\u00e6ngelighed"},"content":{"rendered":"<div data-elementor-type=\"wp-page\" data-elementor-id=\"10457\" class=\"elementor elementor-10457\" data-elementor-settings=\"[]\">\n\t\t\t\t\t\t\t<div class=\"elementor-section-wrap\">\n\t\t\t\t\t\t\t<section class=\"elementor-section elementor-top-section elementor-element elementor-element-c2e02e9 elementor-section-boxed elementor-section-height-default elementor-section-height-default magic-button-disabled-no\" data-id=\"c2e02e9\" data-element_type=\"section\">\n\t\t\t\t\t\t<div class=\"elementor-container elementor-column-gap-default\">\n\t\t\t\t\t<div class=\"elementor-column elementor-col-100 elementor-top-column elementor-element elementor-element-665bb8c\" data-id=\"665bb8c\" data-element_type=\"column\">\n\t\t\t<div class=\"elementor-widget-wrap elementor-element-populated\">\n\t\t\t\t\t\t\t\t<div class=\"elementor-element elementor-element-3f7193f elementor-widget elementor-widget-text-editor\" data-id=\"3f7193f\" data-element_type=\"widget\" data-widget_type=\"text-editor.default\">\n\t\t\t\t<div class=\"elementor-widget-container\">\n\t\t\t<style>\/*! elementor - v3.5.3 - 28-12-2021 *\/\n.elementor-widget-text-editor.elementor-drop-cap-view-stacked .elementor-drop-cap{background-color:#818a91;color:#fff}.elementor-widget-text-editor.elementor-drop-cap-view-framed .elementor-drop-cap{color:#818a91;border:3px solid;background-color:transparent}.elementor-widget-text-editor:not(.elementor-drop-cap-view-default) .elementor-drop-cap{margin-top:8px}.elementor-widget-text-editor:not(.elementor-drop-cap-view-default) .elementor-drop-cap-letter{width:1em;height:1em}.elementor-widget-text-editor .elementor-drop-cap{float:left;text-align:center;line-height:1;font-size:50px}.elementor-widget-text-editor .elementor-drop-cap-letter{display:inline-block}<\/style>\t\t\t\t<p><i>Sidst opdateret 20. januar 2023<h3><b>Alle skal have lige muligheder for at bruge <a><span><b>gibbs.no<p>\u00a0<p>Vores m\u00e5l er at g\u00f8re <a><span>gibbs.no tilgjengelig for alle brukere av systemet.<ul><li><ul><li><div><h3>Det vil vi<ul><li>Vedligeholde og videreudvikle en tilg\u00e6ngelig hjemmeside.<li>S\u00f8rg for, at hjemmesiden opn\u00e5r mindst niveau AA i WCAG 2.0.<li>Tilpas indhold og funktionalitet, s\u00e5 det opfylder nye krav i WCAG 2.1.<li>F\u00f8lg regler om universel udformning af IKT.<h3>De tilg\u00e6ngelighedsprincipper vi f\u00f8lger<ul><li>Vi har regelm\u00e6ssige planlagte sessioner for at rette WCAG-fejl.<li>Form\u00e5let og funktionen af alle links fremg\u00e5r tydeligt af linkteksten.<li>Alt indhold f\u00e5r synligt fokus, n\u00e5r du navigerer med tastaturet.<li>Du kan forst\u00f8rre teksten i din browser.<li>Vi skal opfylde kravene til farvekontraster, overskrifter og links.<li>Sp\u00f8rgsm\u00e5l eller instruktioner vises, n\u00e5r du har formularelementer, der skal udfyldes.<h3>Vi arbejder p\u00e5 dette<p>2022 og 2023 prioriterer at f\u00e5 alle vores dokumenter opfyldt i forhold til kravene i WCAG 2.0(2.1). Derudover vil vi opdatere gibbs.no i overensstemmelse med nye og \u00e6ndrede krav i WCAG 2.1.<p>Disse er prioriterede krav, som vi arbejder p\u00e5 at l\u00f8se i l\u00f8bet af 2023:<ul><li>Hjemmesiderne er kodet, s\u00e5 det er muligt at l\u00e6se indholdet med sk\u00e6rml\u00e6sere.<li>Tingene skal kodes, som de vises.<li>Indholdet skal pr\u00e6senteres i en meningsfuld r\u00e6kkef\u00f8lge.<li>Alle billeder skal beskrives med alternativ tekst.<li>Sproget p\u00e5 hjemmesiderne skal v\u00e6re klart og forst\u00e5eligt for alle vores brugere.<li>Alle vores videoer med lyd skal have tilh\u00f8rende undertekster og\/eller beskrivende tekst.<div><div><h3>Giv os besked om utilg\u00e6ngelighed<p>Er der noget, der ikke fungerer korrekt? Vi s\u00e6tter stor pris p\u00e5 feedback om det universelle design af vores hjemmesider!<p>Du kan kontakte os p\u00e5 kontakt@gibbs.no\t\t\t\t\t\t<\/div>\n\t\t\t\t<\/div>\n\t\t\t\t\t<\/div>\n\t\t<\/div>\n\t\t\t\t\t\t\t<\/div>\n\t\t<\/section>\n\t\t\t\t\t\t<\/div>\n\t\t\t\t\t<\/div>","protected":false},"excerpt":{"rendered":"<p>Sist oppdatert 20. januar 2023 Alle skal ha like muligheter til \u00e5 bruke gibbs.no V\u00e5rt m\u00e5l er \u00e5 gj\u00f8re gibbs.no tilgjengelig for alle brukere av systemet. Vi skal Opprettholde og videreutvikle et tilgjengelig nettsted. Se til at nettstedet oppn\u00e5r minst niv\u00e5 AA i WCAG 2.0. Tilpasse innhold og funksjonalitet slik at det oppfyller nye krav [&hellip;]<\/p>","protected":false},"author":2,"featured_media":0,"parent":0,"menu_order":0,"comment_status":"closed","ping_status":"closed","template":"","meta":{"inline_featured_image":false,"_uag_custom_page_level_css":"","footnotes":""},"class_list":["post-10457","page","type-page","status-publish","hentry"],"yoast_head":"<!-- This site is optimized with the Yoast SEO plugin v20.8 - https:\/\/yoast.com\/wordpress\/plugins\/seo\/ -->\n<title>Tilgjengelighetserkl\u00e6ring - Gibbs.no - Bookingsystem<\/title>\n<meta name=\"robots\" content=\"index, follow, max-snippet:-1, max-image-preview:large, max-video-preview:-1\" \/>\n<link rel=\"canonical\" href=\"https:\/\/staging3.dev.gibbs.no\/da\/tilgjengelighetserklaering\/\" \/>\n<meta property=\"og:locale\" content=\"da_DK\" \/>\n<meta property=\"og:type\" content=\"article\" \/>\n<meta property=\"og:title\" content=\"Tilgjengelighetserkl\u00e6ring - Gibbs.no - Bookingsystem\" \/>\n<meta property=\"og:description\" content=\"Sist oppdatert 20. januar 2023 Alle skal ha like muligheter til \u00e5 bruke gibbs.no V\u00e5rt m\u00e5l er \u00e5 gj\u00f8re gibbs.no tilgjengelig for alle brukere av systemet. Vi skal Opprettholde og videreutvikle et tilgjengelig nettsted. Se til at nettstedet oppn\u00e5r minst niv\u00e5 AA i WCAG 2.0. Tilpasse innhold og funksjonalitet slik at det oppfyller nye krav [&hellip;]\" \/>\n<meta property=\"og:url\" content=\"https:\/\/staging3.dev.gibbs.no\/da\/tilgjengelighetserklaering\/\" \/>\n<meta property=\"og:site_name\" content=\"Gibbs.no - Bookingsystem\" \/>\n<meta property=\"article:publisher\" content=\"https:\/\/www.facebook.com\/GibbsNorge\" \/>\n<meta property=\"article:modified_time\" content=\"2023-10-23T14:59:17+00:00\" \/>\n<meta property=\"og:image\" content=\"https:\/\/staging3.dev.gibbs.no\/wp-content\/uploads\/2023\/10\/Gibbs-Bookingsystem.png\" \/>\n\t<meta property=\"og:image:width\" content=\"1200\" \/>\n\t<meta property=\"og:image:height\" content=\"630\" \/>\n\t<meta property=\"og:image:type\" content=\"image\/png\" \/>\n<meta name=\"twitter:card\" content=\"summary_large_image\" \/>\n<meta name=\"twitter:label1\" content=\"Est. reading time\" \/>\n\t<meta name=\"twitter:data1\" content=\"2 minutes\" \/>\n<script type=\"application\/ld+json\" class=\"yoast-schema-graph\">{\"@context\":\"https:\/\/schema.org\",\"@graph\":[{\"@type\":\"WebPage\",\"@id\":\"https:\/\/staging3.dev.gibbs.no\/tilgjengelighetserklaering\/\",\"url\":\"https:\/\/staging3.dev.gibbs.no\/tilgjengelighetserklaering\/\",\"name\":\"Tilgjengelighetserkl\u00e6ring - Gibbs.no - Bookingsystem\",\"isPartOf\":{\"@id\":\"https:\/\/staging3.dev.gibbs.no\/#website\"},\"datePublished\":\"2023-01-27T16:46:19+00:00\",\"dateModified\":\"2023-10-23T14:59:17+00:00\",\"breadcrumb\":{\"@id\":\"https:\/\/staging3.dev.gibbs.no\/tilgjengelighetserklaering\/#breadcrumb\"},\"inLanguage\":\"da-DK\",\"potentialAction\":[{\"@type\":\"ReadAction\",\"target\":[\"https:\/\/staging3.dev.gibbs.no\/tilgjengelighetserklaering\/\"]}]},{\"@type\":\"BreadcrumbList\",\"@id\":\"https:\/\/staging3.dev.gibbs.no\/tilgjengelighetserklaering\/#breadcrumb\",\"itemListElement\":[{\"@type\":\"ListItem\",\"position\":1,\"name\":\"Home\",\"item\":\"https:\/\/staging3.dev.gibbs.no\/\"},{\"@type\":\"ListItem\",\"position\":2,\"name\":\"Tilgjengelighetserkl\u00e6ring\"}]},{\"@type\":\"WebSite\",\"@id\":\"https:\/\/staging3.dev.gibbs.no\/#website\",\"url\":\"https:\/\/staging3.dev.gibbs.no\/\",\"name\":\"Gibbs.no\",\"description\":\"Bookingsystem - 1.Book 2.Betal 3.\u00c5pne\",\"publisher\":{\"@id\":\"https:\/\/staging3.dev.gibbs.no\/#organization\"},\"potentialAction\":[{\"@type\":\"SearchAction\",\"target\":{\"@type\":\"EntryPoint\",\"urlTemplate\":\"https:\/\/staging3.dev.gibbs.no\/?s={search_term_string}\"},\"query-input\":\"required name=search_term_string\"}],\"inLanguage\":\"da-DK\"},{\"@type\":\"Organization\",\"@id\":\"https:\/\/staging3.dev.gibbs.no\/#organization\",\"name\":\"Gibbs AS\",\"url\":\"https:\/\/staging3.dev.gibbs.no\/\",\"logo\":{\"@type\":\"ImageObject\",\"inLanguage\":\"da-DK\",\"@id\":\"https:\/\/staging3.dev.gibbs.no\/#\/schema\/logo\/image\/\",\"url\":\"https:\/\/www.gibbs.no\/wp-content\/uploads\/2023\/11\/Gibbs-bookingsystem-logo.png\",\"contentUrl\":\"https:\/\/www.gibbs.no\/wp-content\/uploads\/2023\/11\/Gibbs-bookingsystem-logo.png\",\"width\":696,\"height\":696,\"caption\":\"Gibbs AS\"},\"image\":{\"@id\":\"https:\/\/staging3.dev.gibbs.no\/#\/schema\/logo\/image\/\"},\"sameAs\":[\"https:\/\/www.facebook.com\/GibbsNorge\",\"https:\/\/www.linkedin.com\/company\/gibbsnorge\"]}]}<\/script>\n<!-- \/ Yoast SEO plugin. -->","yoast_head_json":{"title":"Tilgjengelighetserkl\u00e6ring - Gibbs.no - Bookingsystem","robots":{"index":"index","follow":"follow","max-snippet":"max-snippet:-1","max-image-preview":"max-image-preview:large","max-video-preview":"max-video-preview:-1"},"canonical":"https:\/\/staging3.dev.gibbs.no\/da\/tilgjengelighetserklaering\/","og_locale":"da_DK","og_type":"article","og_title":"Tilgjengelighetserkl\u00e6ring - Gibbs.no - Bookingsystem","og_description":"Sist oppdatert 20. januar 2023 Alle skal ha like muligheter til \u00e5 bruke gibbs.no V\u00e5rt m\u00e5l er \u00e5 gj\u00f8re gibbs.no tilgjengelig for alle brukere av systemet. Vi skal Opprettholde og videreutvikle et tilgjengelig nettsted. Se til at nettstedet oppn\u00e5r minst niv\u00e5 AA i WCAG 2.0. Tilpasse innhold og funksjonalitet slik at det oppfyller nye krav [&hellip;]","og_url":"https:\/\/staging3.dev.gibbs.no\/da\/tilgjengelighetserklaering\/","og_site_name":"Gibbs.no - Bookingsystem","article_publisher":"https:\/\/www.facebook.com\/GibbsNorge","article_modified_time":"2023-10-23T14:59:17+00:00","og_image":[{"width":1200,"height":630,"url":"https:\/\/staging3.dev.gibbs.no\/wp-content\/uploads\/2023\/10\/Gibbs-Bookingsystem.png","type":"image\/png"}],"twitter_card":"summary_large_image","twitter_misc":{"Est. reading time":"2 minutes"},"schema":{"@context":"https:\/\/schema.org","@graph":[{"@type":"WebPage","@id":"https:\/\/staging3.dev.gibbs.no\/tilgjengelighetserklaering\/","url":"https:\/\/staging3.dev.gibbs.no\/tilgjengelighetserklaering\/","name":"Tilgjengelighetserkl\u00e6ring - Gibbs.no - Bookingsystem","isPartOf":{"@id":"https:\/\/staging3.dev.gibbs.no\/#website"},"datePublished":"2023-01-27T16:46:19+00:00","dateModified":"2023-10-23T14:59:17+00:00","breadcrumb":{"@id":"https:\/\/staging3.dev.gibbs.no\/tilgjengelighetserklaering\/#breadcrumb"},"inLanguage":"da-DK","potentialAction":[{"@type":"ReadAction","target":["https:\/\/staging3.dev.gibbs.no\/tilgjengelighetserklaering\/"]}]},{"@type":"BreadcrumbList","@id":"https:\/\/staging3.dev.gibbs.no\/tilgjengelighetserklaering\/#breadcrumb","itemListElement":[{"@type":"ListItem","position":1,"name":"Home","item":"https:\/\/staging3.dev.gibbs.no\/"},{"@type":"ListItem","position":2,"name":"Tilgjengelighetserkl\u00e6ring"}]},{"@type":"WebSite","@id":"https:\/\/staging3.dev.gibbs.no\/#website","url":"https:\/\/staging3.dev.gibbs.no\/","name":"Gibbs.no","description":"Bookingsystem - 1.Book 2.Betal 3.\u00c5pne","publisher":{"@id":"https:\/\/staging3.dev.gibbs.no\/#organization"},"potentialAction":[{"@type":"SearchAction","target":{"@type":"EntryPoint","urlTemplate":"https:\/\/staging3.dev.gibbs.no\/?s={search_term_string}"},"query-input":"required name=search_term_string"}],"inLanguage":"da-DK"},{"@type":"Organization","@id":"https:\/\/staging3.dev.gibbs.no\/#organization","name":"Gibbs AS","url":"https:\/\/staging3.dev.gibbs.no\/","logo":{"@type":"ImageObject","inLanguage":"da-DK","@id":"https:\/\/staging3.dev.gibbs.no\/#\/schema\/logo\/image\/","url":"https:\/\/www.gibbs.no\/wp-content\/uploads\/2023\/11\/Gibbs-bookingsystem-logo.png","contentUrl":"https:\/\/www.gibbs.no\/wp-content\/uploads\/2023\/11\/Gibbs-bookingsystem-logo.png","width":696,"height":696,"caption":"Gibbs AS"},"image":{"@id":"https:\/\/staging3.dev.gibbs.no\/#\/schema\/logo\/image\/"},"sameAs":["https:\/\/www.facebook.com\/GibbsNorge","https:\/\/www.linkedin.com\/company\/gibbsnorge"]}]}},"uagb_featured_image_src":{"full":false,"thumbnail":false,"medium":false,"medium_large":false,"large":false,"1536x1536":false,"2048x2048":false,"trp-custom-language-flag":false,"post-thumbnail":false,"listeo-avatar":false,"listeo-blog-post":false,"listeo-blog-related-post":false,"listeo-post-thumb":false,"listeo-gallery":false,"listeo-listing-grid":false,"listeo_core-avatar":false,"listeo_core-preview":false,"woocommerce_thumbnail":false,"woocommerce_single":false,"woocommerce_gallery_thumbnail":false},"uagb_author_info":{"display_name":"Gibbs Team A","author_link":"https:\/\/staging3.dev.gibbs.no\/da\/author\/abdi-yusuf\/"},"uagb_comment_info":0,"uagb_excerpt":"Sist oppdatert 20. januar 2023 Alle skal ha like muligheter til \u00e5 bruke gibbs.no V\u00e5rt m\u00e5l er \u00e5 gj\u00f8re gibbs.no tilgjengelig for alle brukere av systemet. Vi skal Opprettholde og videreutvikle et tilgjengelig nettsted. Se til at nettstedet oppn\u00e5r minst niv\u00e5 AA i WCAG 2.0. Tilpasse innhold og funksjonalitet slik at det oppfyller nye krav&hellip;","_links":{"self":[{"href":"https:\/\/staging3.dev.gibbs.no\/da\/wp-json\/wp\/v2\/pages\/10457","targetHints":{"allow":["GET"]}}],"collection":[{"href":"https:\/\/staging3.dev.gibbs.no\/da\/wp-json\/wp\/v2\/pages"}],"about":[{"href":"https:\/\/staging3.dev.gibbs.no\/da\/wp-json\/wp\/v2\/types\/page"}],"author":[{"embeddable":true,"href":"https:\/\/staging3.dev.gibbs.no\/da\/wp-json\/wp\/v2\/users\/2"}],"replies":[{"embeddable":true,"href":"https:\/\/staging3.dev.gibbs.no\/da\/wp-json\/wp\/v2\/comments?post=10457"}],"version-history":[{"count":15,"href":"https:\/\/staging3.dev.gibbs.no\/da\/wp-json\/wp\/v2\/pages\/10457\/revisions"}],"predecessor-version":[{"id":18339,"href":"https:\/\/staging3.dev.gibbs.no\/da\/wp-json\/wp\/v2\/pages\/10457\/revisions\/18339"}],"wp:attachment":[{"href":"https:\/\/staging3.dev.gibbs.no\/da\/wp-json\/wp\/v2\/media?parent=10457"}],"curies":[{"name":"wp","href":"https:\/\/api.w.org\/{rel}","templated":true}]}}